{"id":76,"date":"2023-10-14T10:51:41","date_gmt":"2023-10-14T10:51:41","guid":{"rendered":"https:\/\/worldarchaeologicalcongress.com\/wac9\/?page_id=76"},"modified":"2023-10-14T10:51:41","modified_gmt":"2023-10-14T10:51:41","slug":"committees","status":"publish","type":"page","link":"https:\/\/worldarchaeologicalcongress.com\/wac9\/committees\/","title":{"rendered":"Committees"},"content":{"rendered":"\n<h2 class=\"wp-block-heading\">Patron<\/h2>\n\n\n\n<figure class=\"wp-block-image size-full\"><img loading=\"lazy\" decoding=\"async\" width=\"200\" height=\"200\" src=\"http:\/\/worldarchaeologicalcongress.com\/wac9\/wp-content\/uploads\/sites\/10\/2023\/10\/eva-zazimalova.jpg\" alt=\"\" class=\"wp-image-77\" srcset=\"https:\/\/worldarchaeologicalcongress.com\/wac9\/wp-content\/uploads\/sites\/10\/2023\/10\/eva-zazimalova.jpg 200w, https:\/\/worldarchaeologicalcongress.com\/wac9\/wp-content\/uploads\/sites\/10\/2023\/10\/eva-zazimalova-150x150.jpg 150w\" sizes=\"auto, (max-width: 200px) 100vw, 200px\" \/><\/figure>\n\n\n\n<p><strong>Eva Za\u017e\u00edmalov\u00e1<\/strong><br>President of Czech Academy of Sciences, Czech Republic<br><a href=\"https:\/\/web.archive.org\/web\/20230304113200\/http:\/\/www.avcr.cz\/en\/about-us\/cas-structure\/president-of-the-cas\/\" target=\"_blank\" rel=\"noreferrer noopener\">www.avcr.cz<\/a><\/p>\n\n\n\n<h2 class=\"wp-block-heading\">Honorary President<\/h2>\n\n\n\n<figure class=\"wp-block-image size-full\"><img loading=\"lazy\" decoding=\"async\" width=\"200\" height=\"200\" src=\"http:\/\/worldarchaeologicalcongress.com\/wac9\/wp-content\/uploads\/sites\/10\/2023\/10\/miroslav-barta.jpg\" alt=\"\" class=\"wp-image-8\" srcset=\"https:\/\/worldarchaeologicalcongress.com\/wac9\/wp-content\/uploads\/sites\/10\/2023\/10\/miroslav-barta.jpg 200w, https:\/\/worldarchaeologicalcongress.com\/wac9\/wp-content\/uploads\/sites\/10\/2023\/10\/miroslav-barta-150x150.jpg 150w\" sizes=\"auto, (max-width: 200px) 100vw, 200px\" \/><\/figure>\n\n\n\n<p><strong>Miroslav B\u00e1rta<\/strong><br>Director of the Czech Institute of Egyptology, Charles University, Prague, Czech Republic<br><a href=\"https:\/\/web.archive.org\/web\/20230304113200\/https:\/\/cegu.ff.cuni.cz\/en\/institute\/staff\/barta\/\" target=\"_blank\" rel=\"noreferrer noopener\">cegu.ff.cuni.cz<\/a><\/p>\n\n\n\n<h2 class=\"wp-block-heading\">Local Organizing Committee<\/h2>\n\n\n\n<h3 class=\"wp-block-heading\">Academic Secretary<\/h3>\n\n\n\n<figure class=\"wp-block-image size-full\"><img loading=\"lazy\" decoding=\"async\" width=\"200\" height=\"200\" src=\"http:\/\/worldarchaeologicalcongress.com\/wac9\/wp-content\/uploads\/sites\/10\/2023\/10\/jan-turek.jpg\" alt=\"\" class=\"wp-image-10\" srcset=\"https:\/\/worldarchaeologicalcongress.com\/wac9\/wp-content\/uploads\/sites\/10\/2023\/10\/jan-turek.jpg 200w, https:\/\/worldarchaeologicalcongress.com\/wac9\/wp-content\/uploads\/sites\/10\/2023\/10\/jan-turek-150x150.jpg 150w\" sizes=\"auto, (max-width: 200px) 100vw, 200px\" \/><\/figure>\n\n\n\n<p><strong>Jan Turek<\/strong>, Center for Theoretical Studies, Charles University, Prague, Czech Republic<br><a href=\"https:\/\/web.archive.org\/web\/20230304113200\/http:\/\/www.cts.cuni.cz\/index.php?m=3&amp;lang=en\" target=\"_blank\" rel=\"noreferrer noopener\">www.cts.cuni.cz<\/a><\/p>\n\n\n\n<h3 class=\"wp-block-heading\">International Advisory Board<\/h3>\n\n\n\n<p><strong>Jozef B\u00e1tora<\/strong>, Comenius University, Bratislava and Institute of Archaeology, Slovak Academy of Sciences, Nitra, Slovak Republic<br><a href=\"https:\/\/web.archive.org\/web\/20230304113200\/https:\/\/fphil.uniba.sk\/en\/departments-and-research-centres\/department-of-archaeology\/\" target=\"_blank\" rel=\"noreferrer noopener\">fphil.uniba.sk<\/a><\/p>\n\n\n\n<p><strong>Martin Kuna<\/strong>, Institute of Archaeology, Czech Academy of Sciences, Prague, v.v.i., Czech Republic<br><a href=\"https:\/\/web.archive.org\/web\/20230304113200\/http:\/\/www.arup.cas.cz\/?lang=en\" target=\"_blank\" rel=\"noreferrer noopener\">www.arup.cas.cz<\/a><\/p>\n\n\n\n<p><strong>Ji\u0159\u00ed Mach\u00e1\u010dek<\/strong>, Masaryk University, Brno, Czech Republic<br><a href=\"https:\/\/web.archive.org\/web\/20230304113200\/https:\/\/archeo-muzeo.phil.muni.cz\/en\" target=\"_blank\" rel=\"noreferrer noopener\">archeo-muzeo.phil.muni.cz<\/a><\/p>\n\n\n\n<p><strong>Arkadiusz Marciniak<\/strong>, AM University, Pozna\u0144, Poland<br><a href=\"https:\/\/web.archive.org\/web\/20230304113200\/http:\/\/archeo.amu.edu.pl\/english.htm\" target=\"_blank\" rel=\"noreferrer noopener\">archeo.amu.edu.pl<\/a><\/p>\n\n\n\n<p><strong>Jan Ma\u0159\u00edk<\/strong>, Institute of Archaeology, Czech Academy of Sciences, Prague, v.v.i., Czech Republic<br><a href=\"https:\/\/web.archive.org\/web\/20230304113200\/http:\/\/www.arup.cas.cz\/?lang=en\" target=\"_blank\" rel=\"noreferrer noopener\">www.arup.cas.cz<\/a><\/p>\n\n\n\n<p><strong>Carola Metzner-Neblesick<\/strong>, Ludwig Maximilian University of Munich, Germany<br><a href=\"https:\/\/web.archive.org\/web\/20230304113200\/http:\/\/www.vfp-archaeologie.uni-muenchen.de\/index.html\" target=\"_blank\" rel=\"noreferrer noopener\">www.vfp-archaeologie.uni-muenchen.de<\/a><\/p>\n\n\n\n<p><strong>Ndukuyakhe Ndlovu<\/strong>, University of Pretoria, South Africa<br><a href=\"https:\/\/web.archive.org\/web\/20230304113200\/http:\/\/www.up.ac.za\/anthropology-archaeology\/article\/2338408\/ndukuyakhe-ndlovu-\" target=\"_blank\" rel=\"noreferrer noopener\">www.up.ac.za<\/a><\/p>\n\n\n\n<p><strong>Lum\u00edr Pol\u00e1\u010dek<\/strong>, Institute of Archaeology, Czech Academy of Sciences, Brno, v.v.i., Czech Republic<br><a href=\"https:\/\/web.archive.org\/web\/20230304113200\/http:\/\/arub.avcr.cz\/index.html\" target=\"_blank\" rel=\"noreferrer noopener\">arub.avcr.cz<\/a><\/p>\n\n\n\n<p><strong>Petr Pokorn\u00fd<\/strong>, Center for Theoretical Studies, Charles University, Prague, Czech Republic<br><a href=\"https:\/\/web.archive.org\/web\/20230304113200\/http:\/\/www.cts.cuni.cz\/index.php?m=3&amp;lang=en\" target=\"_blank\" rel=\"noreferrer noopener\">www.cts.cuni.cz<\/a><\/p>\n\n\n\n<p><strong>Timothy Tylor<\/strong>, University of Vienna, Austria<br><a href=\"https:\/\/web.archive.org\/web\/20230304113200\/https:\/\/uha.univie.ac.at\/\" target=\"_blank\" rel=\"noreferrer noopener\">uha.univie.ac.at<\/a><\/p>\n\n\n\n<p><strong>Matthew Walls<\/strong>, Department of Archaeology &amp; Anthropology, University of Calgary and Center for Theoretical Study, Charles University, Prague<br><a href=\"https:\/\/web.archive.org\/web\/20230304113200\/https:\/\/antharky.ucalgary.ca\/profiles\/matthew-walls\" target=\"_blank\" rel=\"noreferrer noopener\">antharky.ucalgary.ca<\/a><\/p>\n\n\n\n<h3 class=\"wp-block-heading\">Local Working Committee<\/h3>\n\n\n\n<p><strong>Katalin Almassy<\/strong>, The Municipal Museum in \u010cel\u00e1kovice, Czech Republic<br><a href=\"https:\/\/web.archive.org\/web\/20230304113200\/http:\/\/www.celmuz.cz\/en\/\" target=\"_blank\" rel=\"noreferrer noopener\">www.celmuz.cz<\/a><\/p>\n\n\n\n<p><strong>Michal Bure\u0161<\/strong>, Archaeo-Pro, NGO, Czech Republic<br><a href=\"https:\/\/web.archive.org\/web\/20230304113200\/http:\/\/archeopro.archeo4u.cz\/index.html\" target=\"_blank\" rel=\"noreferrer noopener\">archeopro.archeo4u.cz<\/a><\/p>\n\n\n\n<p><strong>Lubo\u0161 Chroustovsk\u00fd<\/strong>, University of West Bohemia in Pilsen, Czech Republic<br><a href=\"https:\/\/web.archive.org\/web\/20230304113200\/http:\/\/www.kar.zcu.cz\/en\/\" target=\"_blank\" rel=\"noreferrer noopener\">www.kar.zcu.cz<\/a><\/p>\n\n\n\n<p><strong>Petr Hork\u00fd<\/strong>, Piranha films, Czech Republic<br><a href=\"https:\/\/web.archive.org\/web\/20230304113200\/http:\/\/www.petrhorky.cz\/o-mne\/\" target=\"_blank\" rel=\"noreferrer noopener\">www.petrhorky.cz<\/a><\/p>\n\n\n\n<p><strong>&#x271d;&nbsp;Daniela Kern<\/strong>, Freelance archaeologist, Austria<br><a href=\"https:\/\/web.archive.org\/web\/20230304113200\/https:\/\/independent.academia.edu\/KernDaniela\" target=\"_blank\" rel=\"noreferrer noopener\">independent.academia.edu<\/a><\/p>\n\n\n\n<p><strong>Tom\u00e1\u0161 Kl\u00edr<\/strong>, Institute for Archaeology, Philosophical Faculty, Charles University, Prague<br><a href=\"https:\/\/web.archive.org\/web\/20230304113200\/http:\/\/uprav.ff.cuni.cz\/?q=node\/175\" target=\"_blank\" rel=\"noreferrer noopener\">uprav.ff.cuni.cz<\/a><\/p>\n\n\n\n<p><strong>Petr Kri\u0161tuf<\/strong>, University of West Bohemia in Pilsen, Czech Republic<br><a href=\"https:\/\/web.archive.org\/web\/20230304113200\/http:\/\/www.kar.zcu.cz\/en\/\" target=\"_blank\" rel=\"noreferrer noopener\">www.kar.zcu.cz<\/a><\/p>\n\n\n\n<p><strong>Petr Kv\u011btina&nbsp;<\/strong>Institute of Archaeology, Czech Academy of Sciences, Prague, v.v.i., Czech Republic<br><a href=\"https:\/\/web.archive.org\/web\/20230304113200\/http:\/\/www.arup.cas.cz\/?lang=en\" target=\"_blank\" rel=\"noreferrer noopener\">www.arup.cas.cz<\/a><\/p>\n\n\n\n<p><strong>Jana Ma\u0159\u00edkov\u00e1-Kubkov\u00e1<\/strong>, Institute of Archaeology, Czech Academy of Sciences, Prague, v.v.i., Czech Republic<br><a href=\"https:\/\/web.archive.org\/web\/20230304113200\/http:\/\/www.arup.cas.cz\/?lang=en\" target=\"_blank\" rel=\"noreferrer noopener\">www.arup.cas.cz<\/a><\/p>\n\n\n\n<p><strong>Jana Mellnerov\u00e1-\u0160utekov\u00e1,<\/strong>&nbsp;Comenius University, Bratislava, Slovak Republic<br><a href=\"https:\/\/web.archive.org\/web\/20230304113200\/https:\/\/fphil.uniba.sk\/en\/departments-and-research-centres\/department-of-archaeology\/\" target=\"_blank\" rel=\"noreferrer noopener\">fphil.uniba.sk<\/a><\/p>\n\n\n\n<p><strong>Ji\u0159\u00ed Militk\u00fd<\/strong>, National Museum, Prague, Czech Republic<br><a href=\"https:\/\/web.archive.org\/web\/20230304113200\/http:\/\/www.nm.cz\/militky-jiri-phdr-phd\" target=\"_blank\" rel=\"noreferrer noopener\">www.nm.cz<\/a><\/p>\n\n\n\n<p><strong>Zde\u0148ka Nerudov\u00e1<\/strong>, Moravian Museum, Brno, Czech Republic<br><a href=\"https:\/\/web.archive.org\/web\/20230304113200\/http:\/\/www.mzm.cz\/en\/\" target=\"_blank\" rel=\"noreferrer noopener\">www.mzm.cz<\/a><\/p>\n\n\n\n<p><strong>Jaroslav Podliska<\/strong>, NPU, Institute of National Heritage, Prague, Czech Republic<br><a href=\"https:\/\/web.archive.org\/web\/20230304113200\/http:\/\/www.npu.cz\/en\" target=\"_blank\" rel=\"noreferrer noopener\">www.npu.cz<\/a><\/p>\n\n\n\n<p><strong>Miroslava \u0160mol\u00edkov\u00e1<\/strong>, The City of Prague Museum, Czech Republic<br><a href=\"https:\/\/web.archive.org\/web\/20230304113200\/http:\/\/en.muzeumprahy.cz\/\" target=\"_blank\" rel=\"noreferrer noopener\">en.muzeumprahy.cz<\/a><\/p>\n\n\n\n<p><strong>Ji\u0159\u00ed Unger<\/strong>, Institute of Archaeology, Czech Academy of Sciences, Prague, v.v.i., CzechRepublic<br><a href=\"https:\/\/web.archive.org\/web\/20230304113200\/http:\/\/www.arup.cas.cz\/?lang=en\" target=\"_blank\" rel=\"noreferrer noopener\">www.arup.cas.cz<\/a><\/p>\n\n\n\n<h2 class=\"wp-block-heading\">WAC-9 Scientific Committee<\/h2>\n\n\n\n<h3 class=\"wp-block-heading\">Chair of WAC-9 Scientific Committee<\/h3>\n\n\n\n<figure class=\"wp-block-image size-full\"><img loading=\"lazy\" decoding=\"async\" width=\"200\" height=\"200\" src=\"http:\/\/worldarchaeologicalcongress.com\/wac9\/wp-content\/uploads\/sites\/10\/2023\/10\/peter-schmidt.jpg\" alt=\"\" class=\"wp-image-78\" srcset=\"https:\/\/worldarchaeologicalcongress.com\/wac9\/wp-content\/uploads\/sites\/10\/2023\/10\/peter-schmidt.jpg 200w, https:\/\/worldarchaeologicalcongress.com\/wac9\/wp-content\/uploads\/sites\/10\/2023\/10\/peter-schmidt-150x150.jpg 150w\" sizes=\"auto, (max-width: 200px) 100vw, 200px\" \/><\/figure>\n\n\n\n<p><strong>Peter R. Schmidt<\/strong><br>University of Florida, Gainesville, FL, USA<\/p>\n\n\n\n<h3 class=\"wp-block-heading\">WAC-9 Scientific Committee Members<\/h3>\n\n\n\n<figure class=\"wp-block-image size-full\"><img loading=\"lazy\" decoding=\"async\" width=\"200\" height=\"200\" src=\"http:\/\/worldarchaeologicalcongress.com\/wac9\/wp-content\/uploads\/sites\/10\/2023\/10\/koji-muzigushi.jpg\" alt=\"\" class=\"wp-image-9\" srcset=\"https:\/\/worldarchaeologicalcongress.com\/wac9\/wp-content\/uploads\/sites\/10\/2023\/10\/koji-muzigushi.jpg 200w, https:\/\/worldarchaeologicalcongress.com\/wac9\/wp-content\/uploads\/sites\/10\/2023\/10\/koji-muzigushi-150x150.jpg 150w\" sizes=\"auto, (max-width: 200px) 100vw, 200px\" \/><\/figure>\n\n\n\n<p><strong>Koji Mizoguchi<\/strong><br>President WAC, Kyushu University, Japan<\/p>\n\n\n\n<p><strong>George Nicholas<\/strong><br>Simon Fraser University, British Columbia, Canada<\/p>\n\n\n\n<p><strong>Chapurukha M. Kusimba<\/strong><br>American University and Field Museum of Natural History, Washington DC, USA<\/p>\n\n\n\n<p><strong>Innocent Pikirayi<\/strong><br>University of Pretoria, South Africa<\/p>\n\n\n\n<p><strong>Uzma Z. Rizvi<\/strong><br>Pratt Institute, New York, USA<\/p>\n\n\n\n<p><strong>Kellie Pollard<\/strong><br>Flinders University, Australia<\/p>\n\n\n\n<p><strong>E. Ichumbaki<\/strong><br>University of Dar es Salaam, Tanzania<\/p>\n\n\n\n<p><strong>Aulii Mitchell<\/strong><br>Cultural Surveys, Hawai\u2019i<\/p>\n\n\n\n<p><strong>Tiatoshi Jamir<\/strong><br>Nagaland University, India<\/p>\n\n\n\n<p><strong>Robin Torrence<\/strong><br>Australian Museum, Sydney, Australia<\/p>\n\n\n\n<p><strong>Paora Tapsell<\/strong><br>University of Australia and New Zealand Maori Centre of Research Excellence, University of Otago, New Zealand<\/p>\n\n\n\n<p><strong>Dante Angelo<\/strong><br>Universidad de Tarapac\u00e1, Arica, Chile<\/p>\n\n\n\n<p><strong>Charlotte King<\/strong><br>University of Otago, New Zealand<\/p>\n\n\n\n<p><strong>Alice B. Kehoe<\/strong><br>Milwaukee, WI, USA<\/p>\n\n\n\n<p><strong>Chuan-Chao Wang<\/strong><br>Xiamen University, Xiamen, China<\/p>\n\n\n\n<p><strong>Juliana Salles Machado<\/strong><br>Universidade Federal de Sergipe, Brazil<\/p>\n\n\n\n<p><strong>John W. Arthur<\/strong><br>University of South Florida, St. Petersburg, FL, USA<\/p>\n\n\n\n<p><strong>Kathryn Weedman Arthur<\/strong><br>University of South Florida, St. Petersburg, FL, USA<\/p>\n\n\n\n<p><strong>Natalie Swanepoel<\/strong><br>University of South Africa, Pretoria, South Africa<\/p>\n\n\n\n<p><strong>Sam Challis<\/strong><br>Rock Art Research Institute, University of the Witwatersrand, Johannesburg, South Africa<\/p>\n\n\n\n<p><strong>Catherine Namono<\/strong><br>Rock Art Research Institute, University of the Witwatersrand, Johannesburg, South Africa<\/p>\n\n\n\n<p><strong>Richard \u2018Bert\u2019 Roberts<\/strong><br>University of Wollongong, Australia<\/p>\n\n\n\n<p><strong>Ji\u0159\u00ed Mach\u00e1\u010dek<\/strong><br>Masaryk University, Brno, Czech Republic<\/p>\n\n\n\n<p><strong>Jana Ma\u0159\u00edkov\u00e1-Kubkov\u00e1<\/strong><br>Institute of Archaeology, Czech Academy of Sciences, Prague, v.v.i., Czech Republic<\/p>\n\n\n\n<p><strong>Carola Metzner-Nebelsick<\/strong><br>Ludwig Maximilian University of Munich, Germany<\/p>\n\n\n\n<p><strong>Petr Kri\u0161tuf<\/strong><br>University of West Bohemia in Pilsen, Czech Republic<\/p>\n\n\n\n<p><strong>Martin Kuna<\/strong><br>Institute of Archaeology, Czech Academy of Sciences, Prague, v.v.i., Czech Republic<\/p>\n\n\n\n<p><strong>Arkadiusz Marciniak<\/strong><br>AM University, Pozna\u0144, Poland<\/p>\n\n\n\n<p><strong>Jana Mellnerov\u00e1-\u0160utekov\u00e1<\/strong><br>Comenius University, Bratislava, Slovak Republic<\/p>\n\n\n\n<p><strong>Petr Pokorn\u00fd<\/strong><br>Center for Theoretical Studies, Charles University, Prague, Czech Republic<\/p>\n\n\n\n<p><strong>Jan Turek<\/strong><br>Center for Theoretical Studies, Charles University, Prague, Czech Republic<\/p>\n\n\n\n<p><strong>Timothy Taylor<\/strong><br>University of Vienna, Vienna, Austria<\/p>\n\n\n\n<h2 class=\"wp-block-heading\">Travel Support Committee<\/h2>\n\n\n\n<p><strong>Katalin Alm\u00e1ssy<\/strong>, Czech Republic \u2013 chair<\/p>\n\n\n\n<p><strong>Amber Kiri Aranui<\/strong>, Maori, New Zealand<\/p>\n\n\n\n<p><strong>Michal Kostka<\/strong>, Czech Republic<\/p>\n\n\n\n<p><strong>Dorothy Lippert<\/strong>, Choctaw, USA<\/p>\n\n\n\n<p><strong>Aulii Mitchell<\/strong>, Hawaii<\/p>\n\n\n\n<p><strong>Gloria Kendi Borona<\/strong>, Kenya<\/p>\n","protected":false},"excerpt":{"rendered":"<p>Patron Eva Za\u017e\u00edmalov\u00e1President of Czech Academy of Sciences, Czech Republicwww.avcr.cz Honorary President Miroslav B\u00e1rtaDirector of the Czech Institute of Egyptology, Charles University, Prague, Czech Republiccegu.ff.cuni.cz Local Organizing Committee Academic Secretary Jan Turek, Center for Theoretical Studies, Charles University, Prague, Czech Republicwww.cts.cuni.cz International Advisory Board Jozef B\u00e1tora, Comenius University, Bratislava and Institute of Archaeology, Slovak Academy [&hellip;]<\/p>\n","protected":false},"author":1157,"featured_media":0,"parent":0,"menu_order":0,"comment_status":"closed","ping_status":"closed","template":"","meta":{"footnotes":""},"class_list":["post-76","page","type-page","status-publish","czr-hentry"],"_links":{"self":[{"href":"https:\/\/worldarchaeologicalcongress.com\/wac9\/wp-json\/wp\/v2\/pages\/76","targetHints":{"allow":["GET"]}}],"collection":[{"href":"https:\/\/worldarchaeologicalcongress.com\/wac9\/wp-json\/wp\/v2\/pages"}],"about":[{"href":"https:\/\/worldarchaeologicalcongress.com\/wac9\/wp-json\/wp\/v2\/types\/page"}],"author":[{"embeddable":true,"href":"https:\/\/worldarchaeologicalcongress.com\/wac9\/wp-json\/wp\/v2\/users\/1157"}],"replies":[{"embeddable":true,"href":"https:\/\/worldarchaeologicalcongress.com\/wac9\/wp-json\/wp\/v2\/comments?post=76"}],"version-history":[{"count":1,"href":"https:\/\/worldarchaeologicalcongress.com\/wac9\/wp-json\/wp\/v2\/pages\/76\/revisions"}],"predecessor-version":[{"id":79,"href":"https:\/\/worldarchaeologicalcongress.com\/wac9\/wp-json\/wp\/v2\/pages\/76\/revisions\/79"}],"wp:attachment":[{"href":"https:\/\/worldarchaeologicalcongress.com\/wac9\/wp-json\/wp\/v2\/media?parent=76"}],"curies":[{"name":"wp","href":"https:\/\/api.w.org\/{rel}","templated":true}]}}