{"id":2221,"date":"2015-05-27T17:37:31","date_gmt":"2015-05-27T17:37:31","guid":{"rendered":"http:\/\/landward.org\/wac\/?page_id=2221"},"modified":"2017-01-12T19:16:26","modified_gmt":"2017-01-12T19:16:26","slug":"wac-6-committees","status":"publish","type":"page","link":"https:\/\/worldarchaeologicalcongress.com\/wac6\/wac-6-committees\/","title":{"rendered":"WAC-6 Committees"},"content":{"rendered":"<p><a href=\"http:\/\/landward.org\/wac\/wp-content\/uploads\/sites\/4\/2015\/05\/pic3.jpg\"><img loading=\"lazy\" decoding=\"async\" class=\" size-full wp-image-2223 alignright\" src=\"http:\/\/landward.org\/wac\/wp-content\/uploads\/sites\/4\/2015\/05\/pic3.jpg\" alt=\"pic3\" width=\"250\" height=\"250\" \/><\/a>Local Organising Committee<br \/>\nBased in the UCD School of Archaeology<br \/>\nAcademic Secretary: Gabriel Cooney<\/p>\n<p>Deputy Academic Secretaries: Helen Lewis and Aidan O\u2019Sullivan<\/p>\n<p>PATRON MARY McALEESE<br \/>\nPRESIDENT OF IRELAND<br \/>\n\u00c9ARLAMH M\u00c1IRE MHIC GHIOLLA \u00cdOSA<br \/>\nUACHTAR\u00c1N NA h\u00c9IREANN<\/p>\n<p><strong>Programme Committee<\/strong><br \/>\nJo Br\u00fcck<br \/>\nInes Domingo<br \/>\nHelen Lewis<br \/>\nSally May<br \/>\nAidan O\u2019Sullivan<br \/>\nElizabeth Twohig<br \/>\nStephen Davis<br \/>\nProgramme Co-ordinator<br \/>\nBlaze Valeska O&#8217;Connor<br \/>\nPoster Committee<br \/>\nChair: Conor McDermott<br \/>\nJohn O Neill<br \/>\nDidac Roman<br \/>\nDuncan Wright<br \/>\nFinancial Advisor<br \/>\nStephen Mandal CRDS Ltd<\/p>\n<p><strong>Exhibition (\u00c1bhar agus Meon: Materials and Mentalities)<\/strong><br \/>\nPat Cooke<br \/>\nDominic Martella<br \/>\nEilis O\u2019Brien<br \/>\nIan Russell<\/p>\n<p><strong>National Working Committee<\/strong><br \/>\nStefan Bergh, Department of Archaeology, NUI Galway<br \/>\nColin Breen, Centre for Maritime Archaeology, University of Ulster<br \/>\nEmmet Byrnes, Dept of Agriculture and Food (Forestry)<br \/>\nGabriel Cooney, UCD School of Archaeology<br \/>\nColm Donnelly, School of Geography, Archaeology and Palaeoecology, Queen\u2019s University, Belfast<br \/>\nIan Doyle, The Heritage Council<br \/>\nClaire Foley, Environment and Heritage Service, Department of the Environment, Northern Ireland<br \/>\nMargaret Gowen, Institute of Archaeologists of Ireland<br \/>\nMaurice Hurley, The Heritage Council<br \/>\nHelen Lewis, UCD School of Archaeology<br \/>\nAnn Lynch, National Monuments Service, Department of the Environment, Heritage and Local Government<br \/>\nSinead McCartan, Ulster Museum<br \/>\nDaire O\u2019Rourke, National Roads Authority<br \/>\nAidan O\u2019Sullivan, UCD School of Archaeology<br \/>\nElizabeth Twohig, Department of Archaeology, University College Cork<br \/>\nTracy Collins, Aegis Archaeology<\/p>\n","protected":false},"excerpt":{"rendered":"<p>Local Organising Committee Based in the UCD School of Archaeology Academic Secretary: Gabriel Cooney Deputy&#8230;<\/p>\n<div class=\"more-link-wrapper\"><a class=\"more-link\" href=\"https:\/\/worldarchaeologicalcongress.com\/wac6\/wac-6-committees\/\">Read the post<span class=\"screen-reader-text\">WAC-6 Committees<\/span><\/a><\/div>\n","protected":false},"author":1,"featured_media":0,"parent":0,"menu_order":0,"comment_status":"closed","ping_status":"open","template":"","meta":{"footnotes":""},"class_list":["post-2221","page","type-page","status-publish","hentry","excerpt","zoom","full-without-featured","even","excerpt-0"],"_links":{"self":[{"href":"https:\/\/worldarchaeologicalcongress.com\/wac6\/wp-json\/wp\/v2\/pages\/2221","targetHints":{"allow":["GET"]}}],"collection":[{"href":"https:\/\/worldarchaeologicalcongress.com\/wac6\/wp-json\/wp\/v2\/pages"}],"about":[{"href":"https:\/\/worldarchaeologicalcongress.com\/wac6\/wp-json\/wp\/v2\/types\/page"}],"author":[{"embeddable":true,"href":"https:\/\/worldarchaeologicalcongress.com\/wac6\/wp-json\/wp\/v2\/users\/1"}],"replies":[{"embeddable":true,"href":"https:\/\/worldarchaeologicalcongress.com\/wac6\/wp-json\/wp\/v2\/comments?post=2221"}],"version-history":[{"count":1,"href":"https:\/\/worldarchaeologicalcongress.com\/wac6\/wp-json\/wp\/v2\/pages\/2221\/revisions"}],"predecessor-version":[{"id":2640,"href":"https:\/\/worldarchaeologicalcongress.com\/wac6\/wp-json\/wp\/v2\/pages\/2221\/revisions\/2640"}],"wp:attachment":[{"href":"https:\/\/worldarchaeologicalcongress.com\/wac6\/wp-json\/wp\/v2\/media?parent=2221"}],"curies":[{"name":"wp","href":"https:\/\/api.w.org\/{rel}","templated":true}]}}