{"id":2196,"date":"2015-05-26T23:18:28","date_gmt":"2015-05-26T23:18:28","guid":{"rendered":"http:\/\/landward.org\/wac\/?page_id=2196"},"modified":"2017-01-12T19:17:19","modified_gmt":"2017-01-12T19:17:19","slug":"marketing-heritage","status":"publish","type":"page","link":"https:\/\/worldarchaeologicalcongress.com\/wac5\/wac-5\/wac5-program\/marketing-heritage\/","title":{"rendered":"Marketing Heritage"},"content":{"rendered":"<p>Convened By<br \/>\nYorke Rowan (USA ) and Hanan Charaf (Lebanon)<\/p>\n<p>Theme Details<br \/>\nOne part of &#8220;The Past&#8221; is manifest in the concept of &#8220;heritage,&#8221; a concept easily defined but with complex and far-reaching implications. In the scholarly literature of anthropologists, archaeologists, historians and historic preservationists, as well as in popular literature and journalistic accounts, it is increasingly apparent that competing actors, institutions and forces sometimes work at cross-purposes to interpret and represent the past.<\/p>\n<p>The sessions in this theme explore the different processes and controls upon heritage that form attempts to present the past, protect the past, and understand how the past is used for modern constructs &#8211; constructs as varied as creating a backdrop to commercial ventures or consolidating identities. Heritage both draws people together, and instills antagonistic factions. How do those considered experts on understanding, interpreting and presenting the archaeological past negotiate the terrain between that of the &#8220;expert&#8221; &#8211; often funded by the dominant cultures or governments &#8211; and the multitude of other voices, often those of the disenfranchised, minorities, and dispossessed? This theme provides the forum to situate and discuss commonalties from around the world, to explore the complexities of tourism in developed and developing countries, and to consider the implications for archaeology and academic or popular understandings of the past.<\/p>\n<p>Sessions in this theme will extend the analysis of archaeology and heritage to the influence of the global age, particularly the effects of mass tourism, the commodification of the experience, and artifacts from archaeology. This focus is upon site interpretations, protection of antiquities and historic preservation, and the challenge presented by populist narratives, tourism and popular media within a context of increasing global contact.<\/p>\n<p>Possible sessions:<\/p>\n<p>UNESCO World Heritage Sites (Traci Ardren and A. Hale)<\/p>\n<p>Practicing Archaeology. Pillage of Sites, Trafficking of Artifacts<br \/>\n(Christina Luke and Morag Kersel)<\/p>\n<p>Contact:<\/p>\n<p>Yorke Rowan,<br \/>\nPennsylvania State University,<br \/>\nErie &amp; Smithsonian Institution,<br \/>\nNational Museum of Natural History,<br \/>\nWashington, D.C.<br \/>\nUSA<br \/>\nemail: ymrowan@hotmail.com<\/p>\n<p>Hanan Charaf,<br \/>\nFrench Institute for Archaeology in the Near East<br \/>\n(Institut Fran\u00e7ais d&#8217;Arch\u00e9ologie du Proche-Orient).<br \/>\nP.O.Box: 11-1424<br \/>\nBeirut<br \/>\nLebanon<br \/>\nTel: 00 961 3 954 852<br \/>\nFax: 00 961 1 615 866<br \/>\nemail: hcharaf@yahoo.fr<\/p>\n<h2>Sessions<\/h2>\n<h3>Practicing Archaeology? Pillage Of Sites, Trafficking Of Artifacts<\/h3>\n<p>Organized By<br \/>\nChristina Luke (USA)<br \/>\nMorag Kersel (UK)<\/p>\n<p>Session Details<br \/>\nOrganizers:<br \/>\nChristina Luke<br \/>\ncmluke13@aol.com<\/p>\n<p>Morag Kersel<br \/>\nDepartment of Archaeology<br \/>\nDowning Street<br \/>\nUniversity of Cambridge<br \/>\nCambridge UK CB2 3DZ<br \/>\nmmk29@cam.ac.uk<\/p>\n<p>The archaeological past continues to be a vibrant area of research for archaeologists, art historians, dealers and collectors. Management of the remains of this past, sites and artifacts, also continues to inspire vital debate among these various interest groups. Through a series of case studies, this session explores how nations implement legislation for protecting cultural heritage, the continuing effect of pillage on archaeological sites, and the current state of the market for antiquities. Possible solutions for defining, managing, and developing cultural patrimony policy, which take into account the conflicting strategies for managing the past will also be considered.<\/p>\n<p>National and international policy frame management plans for protecting and preserving cultural patrimony. Umbrella organizations like ICOM, UNESCO, ICOMOS, ICCROM have formulated policies aimed at controlling the export and import of illicit goods, protection of the moveable and immoveable, and worldwide consensus on the safeguarding of cultural items from the source (usually less-developed) nations. Globally, national legislation vesting ownership of sites and antiquities in governments has been enacted, but is this an effective means of protecting cultural heritage? Papers in this session will examine this aspect of cultural property protection.<\/p>\n<p>Pillage, usually defined as the illicit excavations of archaeological sites in search of salable artifacts, exacerbates our loss of knowledge about the past through destruction of built architecture and associated remains, that is, the context. Papers in this session focus on how archaeological research and publication contributes to \u201cvaluing\u201d monuments and artifacts, modern economies encourage looting, and the continued devastating effects of pillage to context and site management. In addition, authors explore whether the \u201cresults\u201d of archaeological research and pillage are apparent on the antiquities market.<\/p>\n<p>Finally, solutions to this complex debate are investigated as part of an international effort at stemming the loss of cultural heritage, while recognizing the existence of competing interest groups and the part they play\u2014positive and negative\u2014in cultural property protection.<\/p>\n<p>Speakers:<\/p>\n<p>Olawale Ajani (Nigeria)<br \/>\nHilary du Cros (Hong Kong)<br \/>\nJorgelina Garc\u00eda Azc\u00e1rate (Agrentina)<br \/>\nJohn Henderson (USA)<br \/>\nRobert Hicks (USA)<br \/>\nJulie Hollowell-Zimmer (USA)<br \/>\nMorag Kersel (Canada)<br \/>\nJackson Kuhl (USA)<br \/>\nNefeli Laparidou (Greece)<br \/>\nChristina Luke (USA)<br \/>\nLena Mortensen (USA)<br \/>\nManuel Roman-Lacayo (Nicaragua\/USA)<br \/>\nChristopher Roosevelt (USA)<br \/>\nPerson (India)<br \/>\nPresentations<br \/>\nLosing Your Sites And Your Marbles: Pillage In The Ul\u00faa Valley Of Northwestern Honduras<br \/>\nJohn Henderson (Cornell University, USA) and Christina Luke Structural Complexity and Social Conflict in Managing the Past at Cop\u00e1n, Honduras<br \/>\nLena Mortensen (Indiana University, USA)<br \/>\nLooting Lydia: The Destruction Of An Archaeological Landscape In Western Turkey<br \/>\nChristopher Roosevelt and Christina Luke From the Ground to the Buyer: A Market Analysis of the Illicit Trade in Antiquities.<br \/>\nMorag Kersel (University of Cambridge, UK)<br \/>\nConserving The Past (critical Appraisal Of Historical Consciousness).<br \/>\nOlawale Ajani (Dept of Archaeology\/Anthropology, University of Ibadan, Nigeria) \u00bfQue se pierde cuando se roba?<br \/>\nJorgelina Garc\u00eda Azc\u00e1rate (Intituto de Arqueolog\u00eda y Museo, Universidad Nacional de Tucum\u00e1n)<br \/>\nSt. Lawrence Island\u2019s Legal Market In Archaeological Goods<br \/>\nJulie Hollowell-Zimmer (Indiana University, USA) A Case Study of the Looting at Indian Head<br \/>\nJackson Kuhl (Yale University, USA)<br \/>\nPerspectives On Repatriation For A New Century<br \/>\nNefeli Laparidou (University of Cambridge, UK) A Model Anti-Looting Educational Program<br \/>\nRobert D. Hicks (Law Enforcement Services Virginia Department of Criminal Justice Services , USA)<br \/>\n[Yet To Come]<br \/>\nManuel Roman-Lacayo (Nicaragua\/USA) Trafficking of African Artifacts; The case of Cameroon\u2019s Western Grasslands Region<br \/>\nTata Simon Ngenge (Department of History, University of Yaounde)<br \/>\nSession Time<br \/>\nDay Sunday Date 22nd June<br \/>\nTime 9AM-1PM Room Shahan 204<\/p>\n<h3>Archaeology, Museums And National Identity<\/h3>\n<p>Organized By<br \/>\nLina G Tahan (UK)<\/p>\n<p>Session Details<br \/>\nThe following session will examine both the museum and heritage industries as sites of contention. The geographical foci of the session will be open to different regions as this might generate fruitful discussions. The last few years have seen substantive changes in terms of the repatriation debate, cultural identity, nationalism, colonialism within museums and heritage industries. Museums serve the public good in broadly two realms: preservation of collective heritage and general education concerning the items comprising their holdings.<\/p>\n<p>&#8220;Heritage&#8221; has become a buzzword in modern archaeology, and debate concerning its concepts and theories of its management has polarised much of the archaeological community. The value of museums and heritage as zones of interaction between various professional communities and the general public has sharply come into focus over the past decades. Working collaboratively with the communities is essential as dialogue is needed between archaeologists and the public.<\/p>\n<p>This session will consider the importance of archaeological objects as political symbols, the use of the past as an expression of political agendas, and how this can gain expression in the collection of a museum and heritage sites. It demonstrates that the past forms a silent background to the nation. It is the history, the writing and the perception of the past which plays a much more vocal role. It is the contemporary impact of the perception of the past, and the value placed on the past for future needs, which have an influence on the theoretical underpinnings and practice of archaeology and heritage management. It is therefore necessary for archaeologists to consider the implication of such political influences on the knowledge of the past, to challenge the reasoning behind individual or state involvement with the past and to question the basis on which national and cultural identity is formed.<\/p>\n<p>We would welcome papers that address any of the above issues and particularly call for collaborative papers which demonstrate both Indigenous and non-Indigenous perspectives.<\/p>\n<p>Contact information:<\/p>\n<p>Lina G. Tahan (lgt20@hermes.cam.ac.uk), University of Cambridge, Department of Archaeology, Downing Street, Cambridge CB2 3DZ, ENGLAND. Tel: +44 (0)1223 330 467, Fax: +44 (0)1223 333 503<br \/>\nPresentations<br \/>\nPalestine, A Despoiled Archaeological Heritage<\/p>\n<p>Najat El Hafi (Department of Archaeology, University of Cambridge, England) Museum archaeology and the Mediterranean\u2019s prehistoric cultural heritage<br \/>\nRobin Skeates (Lecturer in Museum Studies, Dept. of Archaeology, University of Durham, UK)<br \/>\nThe French Paradoxe : So Many Kinds Of Archaeological Museums For A Single Thematic<\/p>\n<p>Anne Nivart (D\u00e9partement des Galeries, Mus\u00e9um National d\u2019Histoire Naturelle, Paris) Heritage, local identity and nationalism: A Japanese case<\/p>\n<p>Yumiko Nakanishi (University of Cambridge, UK)<br \/>\nArchaeological Museums And National Contentions In The Lebanon<br \/>\nLina Tahan The Quest for the True Endeavour: Archaeology, Materiality and Authenticity<br \/>\nTracy Ireland<br \/>\nDivine Ethnographers: Cultural Redemption?<br \/>\nFrancois P. Coetzee (Museum of Anthropology &amp; Archaeology, Department of Anthropology, Archaeology, Geography &amp; Environmental Studies, University of South Africa) With Every Footstep: Saga Landscapes and Cultural Heritage in Iceland<br \/>\nElisabeth Ward (based on a paper co-authored with Arthur Bjorgvin Bollason)<br \/>\nHow To Make A Cultural Mosaic\/Comment Faire Une Mosaique Culturelle: The Use Of &#8216;heritage&#8217; In The Fabrication Of Canadian Identity<br \/>\nMichelle A. Lelievre (University of Chicago, Chicago, Illinois, USA)<\/p>\n<p>Session Time<br \/>\nDay Monday Date 23rd June<br \/>\nTime 9AM-1PM Room Life Cycle Auditoriu<\/p>\n<h3>Ethical Interactions: National Modernities, Tourism And The Archaeological Imaginary<\/h3>\n<p>Organized By<br \/>\nLynn Meskell (USA)<\/p>\n<p>Session Details<br \/>\nTheorizing ethics remains an inchoate subject in archaeology. Part of this problem rests with the illusion that the subjects of our research are dead and buried, and that our &#8216;scientific&#8217; research goals are paramount. Archaeologists have traditionally operated under the assumption that they are not implicated in the representation and struggles of living peoples and that all such political engagement is negatively charged. While fieldwork is still shrouded in mystique for ethnographers, it is generally considered mundane in archaeology. The tactics of fieldwork, its interventions and ramifications, have only recently been called into question. It has taken time to convince archaeologists that ours is a subjective and political enterprise that is far from agenda-free.<\/p>\n<p>Part of our contemporary ethical engagement lies with constructions of national modernity and presentations of heritage to a range of communities, specifically through the lens of tourism. This is an outgrowth of the recognition that archaeology, like anthropology, is a multi-sited discipline. Exploration of these interactions form the core of this session.<\/p>\n<p>Issues of performance and authenticity within a spatial fix are key, for both archaeologists and tourists. Moreover, there are complex relationships between tourists and indigenous populations of the places at which those tourists gaze: privileging the past in the present has serious and often violent consequences for those who happen to dwell among the ancients. How are issues of representation reconciled when archaeologists are separated, but not disentangled, from the construction and effects of national heritage? How does archaeological tourism interfere and transform local, national and global modernities? Archaeologists first need to probe the<br \/>\nprofessional interiors of their own discipline and the complex machinations involved therein, to recognize their role in the national and tourist imaginary and to renegotiate their place within local and global communities. This session interrogates inherent problems in legislating or codifying professional practice globally: a shared world heritage might also have residual colonial inflections. Others scholars have posited that a relationship defined by trusteeship might alleviate potential problems over responsibility. All such archaeological engagements must be contextually examined.<br \/>\nSpeakers:<\/p>\n<p>Pedro Funari<br \/>\nIan Lilley<br \/>\nEmma Blake<br \/>\nJane Lydon<br \/>\nRichard Handler<br \/>\nMartin Hall<br \/>\nRosemary Joyce<br \/>\nSandra Scham<br \/>\nChris Gosden<br \/>\nQuetzil Castenada<br \/>\nBen Smith<br \/>\nHelaine Silverman<br \/>\nAyfer Bartu<br \/>\nLynn Meskell<br \/>\nPresentations<br \/>\nThe Politics Of Heritage Presentation In The Middle East<br \/>\nSandra Scham Tourism and archaeology in Brazil<br \/>\nPedro Paulo A. Funari<br \/>\n\u2018A Bushman Is Not Forever\u2019: Negative Heritage And The San Of Southern Africa<br \/>\nGeoffrey Blundell and Benjamin W. Smith The times they are a&#8217;changin&#8217; &#8211; but for whom? Archaeologists and tourism in Australia<br \/>\nIan Lilley<br \/>\nConfessions Of An Archaeological Tour Guide<br \/>\nRosemary A. Joyce Destination Resorts and the Commodification of Heritage<br \/>\nMartin Hall<br \/>\nObject Lessons: Memorialising Colonial Australia<br \/>\nJane Lydon Towards An Even Playing Field: Parity And Practice On An Archaeological Project In Sicily<br \/>\nEmma Blake<br \/>\nModernity And Its Prehistories: Presenting \u00c7atalh\u00f6y\u00fck<br \/>\nAyfer Bartu Incidents Of Travel In Chich\u00e9n Itz\u00e1 (FILM &amp; DISCUSSION)<br \/>\nJeffrey Himpele (CA State, Fullerton) and Quetzil Castaneda (University of Houston)<\/p>\n<p>Session Time<br \/>\nDay Wednesday Date 25th June<br \/>\nTime 9AM-1PM Room Pryzbyla Center A<\/p>\n<h3>Collecting Material Heritage: Past And Present Orthodoxies<\/h3>\n<p>Organized By<br \/>\nNeil Brodie and Katherine Tubb<\/p>\n<p>Session Details<br \/>\nContact: Neil Brodie (njb1012@cam.ac.uk)<\/p>\n<p>The private collecting of archaeological objects dates back to the seventeenth century at least and has exerted a profound influence upon modern archaeological theory and practice. It has fostered an awareness and appreciation (or deprecation) of past cultural traditions and provided a secure base for the development of the typological method. Many pioneer archaeologists of the late nineteenth and early twentieth centuries were enthusiastic collectors, and close relations between the antiquities trade and archaeology persisted into the 1960s and later. However, since the 1960s, there has been an increasingly vocal realization among archaeologists that objects appearing for sale on the market are not simply, nor predominantly, benign throw-ups from old private collections or from agricultural or building operations, but have in all probability been looted. Thus there is an emerging orthodoxy which holds that indiscriminate collecting is destructive as it causes the plunder of archaeological sites and monuments and should, in consequence, be discouraged or banned. Papers in this session will examine the ways in which collecting fuels the destruction of archaeological heritage, its consequences for our understanding of the past, and will also consider possible solutions.<\/p>\n<p>While the link between the market and archaeological looting has never been accepted by dealers in antiquities and has sometimes been challenged by archaeologists sympathetic to trade, most archaeologists have been keen for the governments of so-called &#8216;demand countries&#8217; to recognize this threat to the material heritage. However, lately, within academia, a new set of perspectives has been aired. It is claimed that the market-led destruction of archaeological sites might not be severe, or, even if severe, irrelevant outside the current &#8216;Western&#8217; obsession with preserving the past. It is further argued that the aesthetic or empathetic object-oriented approaches that are realized through collecting are no less legitimate than the contextual or relational frames of modern archaeological praxis. Thus papers in this session will also consider whether these claims are substantive and if collecting and the antiquities trade which sustains it can be accepted within an eclectic and democratic appreciation of the past, or, against this, whether they are better understood within their university context as rhetorical sallies designed to provoke thought and foster controversy.<\/p>\n<p>Participants<\/p>\n<p>Neil Brodie<br \/>\nPatty Gerstenblith<br \/>\nRobert Hicks<br \/>\nHelena Jaeschke<br \/>\nJuliette van Krieken<br \/>\nPaula Kay Lazrus<br \/>\nStaffan Lunden<br \/>\nS.K. Pachauri<br \/>\nColin Renfrew<br \/>\nMarina Papa Sokal<br \/>\nKathryn Walker Tubb<\/p>\n<p>Presentations<br \/>\nChanging The Ethos: The Museum Spectrum And The Implications Of Due Diligence<br \/>\nColin Renfrew Artifacts and Emotion<br \/>\nKathryn Walker Tubb<br \/>\nA Model Investigative Protocol For Looting<br \/>\nRobert D. Hicks (Law Enforcement Services, Virginia Department of Criminal Justice Services, Richmond, Virginia, USA) Illicit Trafficking and Antiques Trade in India Recovery, Renewed Efforts to Save and Preserve India\u2019s Heritage<br \/>\nS. K. Pachauri<br \/>\nLaw, Politics And Archaeology: The U.S. Legal Response To The Protection Of The World Cultural Heritage<br \/>\nMarina Papa Sokal Supporting and promoting the idea of a shared cultural patrimony<br \/>\nPaula Kay Lazrus<br \/>\nWho Wins And Who Loses? Morality And The Regulated Market<br \/>\nNeil Brodie Recent United States legal developments in the protection of the archaeological heritage<br \/>\nPatty Gerstenblith<\/p>\n<p>Session Time<br \/>\nDay Thursday Date 26th June<br \/>\nTime 9-11am Room No Details Available<\/p>\n<h3>The Stories We Tell &#8230; The Stories We Don&#8217;t Tell<\/h3>\n<p>Organized By<br \/>\nMeredith A. Fraser (USA)and Robert R. Sauders (USA)<\/p>\n<p>Session Details<br \/>\nArchaeological practice, research and knowledge are crucial elements in the production of cultural narratives concerning the experiences of past peoples and communities, yet these presentations of experiences are situated and function within the realities of contemporary communities. The interface between past and contemporary communities is negotiated through the production of archaeological knowledge and circulated via written and verbal communications. Thus, archaeological practitioners, as the primary actors throughout the collection, analysis, interpretation and dissemination of archaeological materials, dramatically impact and influence the construction of narratives about past people, communities and experiences. This essentially establishes archaeological practitioners as \u201cgatekeepers\u201d, exerting their power through choices in what research questions are posed, what people and communities are examined, and what narratives are canonized within the larger archaeological knowledge base.<\/p>\n<p>The self-realizing chronicles of human experience that plague contemporary archaeological research too often ignore and marginalize alternative constructions of the past that highlight the diversity of past experiences. This session provides a forum for \u201cthe stories we don\u2019t tell\u201d and offers an opportunity to grapple with the very real effects and outcomes experienced by people and communities who are neglected throughout conventional archaeological dialogues and notions of cultural heritage. Specifically, the session will emphasize papers that expose how the abstract discussion of marginalized archaeological narratives translates into the reality of inequitable public consumerism, particularly in the form of museum exhibits, media publications and tourism.<\/p>\n<p>Presentations<br \/>\nIn Small Voices Forgotten: Archaeological Stories Of And For Children<\/p>\n<p>Jane Eva Baxter (DePaul University) Dis\/abling Strategies? An Exploration of Archaeology and Dis\/ability<br \/>\nMeredith A. Fraser (American University, USA)<br \/>\nCreating Discursive Space: Strategies For Incorporating Marginalized Narratives In Mediterranean Archaeology<br \/>\nLouise A. Hitchcock (University of California, Los Angeles) Different Vikings: Hidden narratives of early medieval Scandinavia<br \/>\nNeil Price (University of Uppsala, Sweden)<br \/>\nBeyond Public Archaeology : A New Avenue For Integration Of Public Communities In Archaeological Research<br \/>\nRobert R. Sauders (American University, USA) Preserving World Cultural Heritage in War Zones<br \/>\nAdel Yahya (Palestinian Association for Cultural Exchange)<\/p>\n<p>Session Time<br \/>\nDay Monday Date 23rd June<br \/>\nTime 4-6PM Room Life Cycle Auditoriu<\/p>\n<h3>UNESCO And Cultural Heritage Preservation<\/h3>\n<p>Organized By<br \/>\nYorke Rowan (USA) and Gilbert Pwiti<\/p>\n<p>Session Details<br \/>\n&#8211;<br \/>\nPresentations<br \/>\nPopulation Trends And Cultural Heritage Preservation In Central America<br \/>\nFrederick W. Lange (Adjunct Professor, Department of Anthropology, Vanderbilt University; Adjunct Professor, Universidad UPOLI, Managua, Nicaragua) El Santuario Hist\u00f3rico De Machu Picchu. Vac\u00edos Y Defectos En El Proceso De Planificaci\u00f3n En Un Bien Arqueol\u00f3gico Y Natural De Valor Universal<br \/>\nAlberto Martorell Carre\u00f1o<br \/>\nEntering The World Stage As A World Heritage Site: The Pambamarca Fortress Complex, Pichincha, Ecuador<br \/>\nSamuel V. Connell (CILHI Anthropologist, US Army Central Identification Laboratory, Hawaii, 310 Worchester Avenue, Hickam AFB, Hawaii and UCLA Cotsen Institute of Archaeology, Research Associate, A210 Fowler, Los Angeles, CA ), Ana Luc\u00eda Gonzalez and Chad Gifford International Charters of Restoration and their relevance in Reconstructing Heritage Resources in Shrajah, UAE<br \/>\nSamia Rab (Assistant Professor of Architecture &amp; Heritage Management, School of Architecture &amp; Design, American University of Sharjah, P.O. Box 26666, Sharjah, United Arab Emirates)<br \/>\nThe Promotion Of Indigenous Archaeological Heritage<br \/>\nSue Smalldon Heritage displays along Hadrian\u2019s Wall and their Global context<br \/>\nJames Bruhn (Department of Archaeology, University of Durham, DH1 3LE, UK)<br \/>\nTourism And The Commodification Of Culture: Ethics In Presenting Rock Art Through Tourism<br \/>\nThabo Manetsi (University of Cape Town)<\/p>\n<p>Session Time<br \/>\nDay Wednesday Date 25th June<br \/>\nTime 4-6PM Room Pryzbyla Center A<\/p>\n","protected":false},"excerpt":{"rendered":"<p>Convened By Yorke Rowan (USA ) and Hanan Charaf (Lebanon) Theme Details One part of &#8220;The Past&#8221; is manifest in the concept of &#8220;heritage,&#8221; a concept easily defined but with complex and far-reaching implications. In the scholarly literature of anthropologists, archaeologists, historians and historic preservationists, as well as in popular literature and journalistic accounts, it &#8230; <a title=\"Marketing Heritage\" class=\"read-more\" href=\"https:\/\/worldarchaeologicalcongress.com\/wac5\/wac-5\/wac5-program\/marketing-heritage\/\" aria-label=\"Read more about Marketing Heritage\">Read more<\/a><\/p>\n","protected":false},"author":1,"featured_media":0,"parent":2159,"menu_order":0,"comment_status":"closed","ping_status":"open","template":"","meta":{"ngg_post_thumbnail":0,"footnotes":""},"class_list":["post-2196","page","type-page","status-publish"],"_links":{"self":[{"href":"https:\/\/worldarchaeologicalcongress.com\/wac5\/wp-json\/wp\/v2\/pages\/2196","targetHints":{"allow":["GET"]}}],"collection":[{"href":"https:\/\/worldarchaeologicalcongress.com\/wac5\/wp-json\/wp\/v2\/pages"}],"about":[{"href":"https:\/\/worldarchaeologicalcongress.com\/wac5\/wp-json\/wp\/v2\/types\/page"}],"author":[{"embeddable":true,"href":"https:\/\/worldarchaeologicalcongress.com\/wac5\/wp-json\/wp\/v2\/users\/1"}],"replies":[{"embeddable":true,"href":"https:\/\/worldarchaeologicalcongress.com\/wac5\/wp-json\/wp\/v2\/comments?post=2196"}],"version-history":[{"count":1,"href":"https:\/\/worldarchaeologicalcongress.com\/wac5\/wp-json\/wp\/v2\/pages\/2196\/revisions"}],"predecessor-version":[{"id":2785,"href":"https:\/\/worldarchaeologicalcongress.com\/wac5\/wp-json\/wp\/v2\/pages\/2196\/revisions\/2785"}],"up":[{"embeddable":true,"href":"https:\/\/worldarchaeologicalcongress.com\/wac5\/wp-json\/wp\/v2\/pages\/2159"}],"wp:attachment":[{"href":"https:\/\/worldarchaeologicalcongress.com\/wac5\/wp-json\/wp\/v2\/media?parent=2196"}],"curies":[{"name":"wp","href":"https:\/\/api.w.org\/{rel}","templated":true}]}}