{"id":2190,"date":"2015-05-26T23:04:26","date_gmt":"2015-05-26T23:04:26","guid":{"rendered":"http:\/\/landward.org\/wac\/?page_id=2190"},"modified":"2017-01-12T19:17:19","modified_gmt":"2017-01-12T19:17:19","slug":"interpreting-archaeology","status":"publish","type":"page","link":"https:\/\/worldarchaeologicalcongress.com\/wac5\/wac-5\/wac5-program\/interpreting-archaeology\/","title":{"rendered":"Interpreting Archaeology"},"content":{"rendered":"<p>Convened By<br \/>\nK. Anne Pyburn (USA)<\/p>\n<p>Theme Details<br \/>\nArchaeologists routinely interpret the pasts of others. The approaches taken in this theme include issues relating to the collaboration of science and interpretation, consideration of how the role of archaeology can be enhanced in ways that would make the discipline relevant and responsive to current interests of communities in which it is practiced and experimentation in different media.<\/p>\n<h2>Sessions<\/h2>\n<h3>Ethnography Of Archaeology<\/h3>\n<p>Organized By<br \/>\nMatt Edgeworth (UK) and Denise Maria Cavalcante Gomes (Brazil)<\/p>\n<p>Session Details<br \/>\nEthnography of archaeology is the reflexive and ironic form of ethnoarchaeology. Focusing on the cultural practices of archaeology itself, it employs similar techniques to those an ethnographer might use to study more distant cultures. The outward-looking gaze is turned inwards, and the implicit notion of the privileged standpoint of the observer over the observed is challenged. The focus may still be on material culture, but on our own as well as that of some distant other. Perhaps not surprising, then, that ethnographic accounts of archaeological practice often turn out to be very different from accounts given by archaeological practitioners themselves.<\/p>\n<p>Session contributions could perhaps be described as studies in \u2018ethnoarchaeology\u2019, \u2018social archaeology\u2019, \u2018contextual archaeology\u2019 or even \u2018processual archaeology\u2019, but only because (through a kind of ironic twist), they bring the ethnographic perspective to bear upon the social dimension or the cultural context of the processes of archaeology itself \u2013 thereby uniting these disparate approaches into one by focusing precisely on that which they all take for granted.<\/p>\n<p>Over the last fifteen years ethnographies of archaeology have been conducted in many different parts of the world. They examine not only the micro-processes of fieldwork and post-fieldwork practices, but also the wider socio-political contexts in which archaeology takes place. The impact of archaeological projects on local communities is an area currently receiving particular attention. The purpose of the session is to bring such research to the wider audience it deserves. This will be the first time that ethnographers of archaeological practice from different sites and backgrounds have come together to discuss the implications of their work.<\/p>\n<p>Contact: Dr Matt Edgeworth,<br \/>\nmatt@mattedgeworth.fsnet.co.uk<\/p>\n<p>Participants<br \/>\nContributions are especially encouraged from researchers who have carried out ethnographic studies of some aspect of archaeological practice, or who can use the ethnographic perspective to shed some new light on archaeology as a culturally and historically situated activity. A broad range of international speakers is sought.<\/p>\n<p>Format<br \/>\nPapers will be prepared in advance and posted on the web several weeks before the session. Each participant will have 10-15 minutes to make a presentation, followed by time for questions and discussion. After the talks, the participants will form a panel and an open debate with the audience will be held<\/p>\n<p>TO READ PAPERS FROM THIS SESSION PLEASE VISIT:<br \/>\nhttp:\/\/www32.brinkster.com\/snefru\/archaeology\/usa-conference<br \/>\nPresentations<br \/>\nAn Introduction<br \/>\nMatt Edgeworth (Albion Archaeology, Bedford, UK) Archaeological Vision as Embodied Practice<br \/>\nCharles Goodwin (Applied Linguistics, UCLA, USA)<br \/>\nCultural Heritage As Societal Dialogue? An Ethnographic Study Of Swedish Heritage Management And Its Relationship To The Past And The Public<br \/>\nH\u00e5kan Karlsson (Dept of Archaeology, G\u00f6teborg University, Sweden) and Anders Gustafsson (County Museum of Bohusl\u00e4n, Uddevalla, Sweden) Pictures, Ideas and Things: the Production and<br \/>\nCurrency of Archaeological Images<br \/>\nJonathan Bateman (Council of British Archaeology, York, UK)<br \/>\nA Video Film: Untitled<br \/>\nAshish Chadha (Archaeology Centre, Stanford University, USA)<br \/>\nComplicit Agendas: Archaeology and Ethnography in Collaboration<br \/>\nLisa Breglia (Rice University, Houston, USA)<br \/>\nAmazonian Archaeology And Local Identities<br \/>\nDenise Maria Cavalcante Gomes (Museu de Arqueologia e Etnologia, Universidade de S\u00e3o Paulo, Brazil) Reflecting upon Archaeological Practice: Multiple Visions of a German Hamburgian Site<br \/>\nBlythe E. Roveland (St John\u2019s University, New York, USA)<br \/>\nStudying Archaeological Fieldwork In The Field: Views From Monte Polizzo<br \/>\nCornelius Holtorf (Swedish National Heritage Board, Stockholm) The Leskernick Project, Cornwall, UK: An Ethnographic Study of Multidisciplinary Collaboration During Archaeological Fieldwork at a Bronze Age Ritual and Domestic Site<br \/>\nMichael Wilmore (The Open University, UK)<br \/>\nConjunctures In Ancient Maya Archaeological Practice<br \/>\nTimoteo Rodriguez (McNair Scholar, University of California, Berkeley, USA)<\/p>\n<p>Session Time<br \/>\nDay Sunday Date 22nd June<br \/>\nTime 9AM-1PM &amp; 4-6PM Room Pryzbyla 321<\/p>\n<h3>Archaeology And The Arts: The Ancient Muses And Other Inspirations<\/h3>\n<p>Organized By<br \/>\nJohn H. Jameson, Jr. (USA) &amp; Lance Foster (Iowa Tribe of Kansas &amp; Nebraska)<\/p>\n<p>Session Details<br \/>\nThe practice of archaeology, as well as archaeologically derived information and objects, can inspire a wide variety of artistic expressions ranging from straightforward computer-generated reconstructions and traditional artists&#8217; conceptions to other art forms such as sculpture, poetry, and opera. Although some level of conjecture will always be present in these works, they are often no less conjectural than technical interpretations and have the benefit of providing visual and conceptual imagery that can communicate contexts and settings in compelling and unique ways. The cognitive connections between archaeology and art reflect an inductive approach in defining and explaining the resource and making it more meaningful to the public. An emphasis on artistic interpretations and narrative is consistent with a new direction in archaeological practice that challenges the positivist paradigm of processual archaeology, promotes the relevance and validity of deductive reasoning over inductive reasoning, and represents a fundamental change in how archaeologists plan and conduct research and evaluate significance.<br \/>\nA newly published book, entitled &#8220;Ancient Muses: Archaeology and the Arts,&#8221; examines a variety of examples of this new approach as it applies to more meaningful and effective approaches to interpretation that emphasize public awareness, access, and inspiration. Part of the discussion of this session will focus on the development of the book and the initial reactions from the reading audience. Panel members will be composed of several of the book authors plus other contributing artists and archaeologists.<br \/>\nPosition papers will be prepared by panel members that describe why they were drawn to this theme and how they view the connections between art and archaeology. Position papers will be posted on the WAC-5 web site in early 2003. At the beginning of the session, panel members will give brief synopses of their respective position papers. This will be followed by discussions and feedback with audience participation\/interaction followed by a question-and-answer period.<\/p>\n<p>Proposed schedule:<\/p>\n<p>9:00 John H. Jameson, Jr. and Lance M. Foster &#8211; Introduction to Session<br \/>\n9:05 John H. Jameson, Jr. &#8211; Archaeology and the Arts on the Inspirational Highway<br \/>\n9:25 Lance M. Foster &#8211; Confessions of a Monster: Artist or Archaeologist?<br \/>\n9:45 David Middlebrook &#8211; Connections of Archaeology to Large Scale Public Art<br \/>\n10:05 Johannes Kranz &#8211; Community Building And Identity: A Sculpture Park In Malacatoya, Nicaragua<br \/>\n10:25 Christine A. Finn &#8211; &#8220;Figures in a Landscape&#8221;: Jacquetta Hawkes&#8217;s 1953 film about Barbara Hepworth. Introduced by Christine Finn. (video and stills)<br \/>\n10:45 Questions &amp; answers<\/p>\n<p>11:00-11:30 BREAK<\/p>\n<p>11:30 James G. Gibb &#8211; Awash with Art, Archaeologists Take their Cue<br \/>\n11:50 Sarah M. Nelson &#8211; Writing Fiction as a Tool for the Archaeologist<br \/>\n12:10 Alessandra Lopez y Royo &#8211; Prambanan: dance, architecture, archaeology<br \/>\n12:30 Nicola Laneri &#8211; Stratigraphy: Digging Living Layers and \u201cArt-aeology Experience\u201d and ArcheoTrance: An Archaeological Dance Floor.<br \/>\n12:50 Questions &amp; answers<\/p>\n<p>1:00-2:00 LUNCH<br \/>\n2:00-3:30 Plenary (see WAC-5 Program)<\/p>\n<p>4:00 David G. Orr &#8211; Sherds ABOVE the Loess: Historical Archaeology as Art<br \/>\n4:20 John E. Ehrenhard &#8211; Archaeology Goes to the Opera<br \/>\n4:40 Claire Smith, Kirsten Brett, Peter Manabaru, and Jimmy Wesan &#8211; From rock art to digital image: Archaeology and Art in Aboriginal Australia<br \/>\n4:40-6:00 ISSUES IDENTIFICATION, OPEN DISCUSSION<\/p>\n<p>Panel:<br \/>\nJohn E. Ehrenhard<br \/>\nChristine A. Finn<br \/>\nLance M. Foster<br \/>\nJames G. Gibb<br \/>\nJohn H. Jameson, Jr.<br \/>\nJohannes Kranz<br \/>\nNicola Laneri<br \/>\nAlessandra Lopez y Royo<br \/>\nDavid Middlebrook<br \/>\nDavid G. Orr<br \/>\nClaire Smith<br \/>\nKirsten Brett<br \/>\nPeter Manabaru<br \/>\nJimmy Wesan<br \/>\nPresentations<br \/>\nBeyond Love And Sex: Heritage As A Theme For Music?<br \/>\nGamini Wijesuriya Writing Fiction as a Tool for the Archaeologist<br \/>\nSarah M. Nelson (University of Denver, USA)<br \/>\nCommunity Building And Identity: A Sculpture Park In Malacatoya, Nicaragua<br \/>\nJohannes Kranz Prambanan: dance, architecture, archaeology<br \/>\nAlessandra Lopez y Royo<br \/>\nFrom Rock Art To Digital Image: Archaeology And Art In Aboriginal Australia<br \/>\nClaire Smith (Department of Archaeology, Flinders University, Adelaide, SA, Australia), Kirsten Brett, Peter Manabaru and Jimmy Wesan Introduction<br \/>\nJohn H. Jameson, Jr. and Lance M. Foster<br \/>\nArchaeology And The Arts On The Inspirational Highway<br \/>\nJohn H. Jameson, Jr. Confessions of a Monster: Artist or Archaeologist?<br \/>\nLance M. Foster<br \/>\nConnections Of Archaeology To Large Scale Public Art<br \/>\nDavid Middlebrook &#8220;Figures in a Landscape&#8221;: Jacquetta Hawkes&#8217;s 1953 film about Barbara Hepworth. Introduced by Christine Finn. (video and stills)<br \/>\nChristine A. Finn<br \/>\nArchaeology Goes To The Opera<br \/>\nJohn E. Ehrenhard<\/p>\n<p>Sherds ABOVE the Loess: Historical Archaeology as Art<br \/>\nDavid G. Orr<br \/>\nArchaeology And The Visual Imagination<br \/>\nMartin Henig (Wolfson College, Oxford University, UK)<\/p>\n<p>Session Time<br \/>\nDay Monday Date 23rd June<br \/>\nTime 9AM-1PM &amp; 4-6PM Room Pryzbyla 321<\/p>\n<h3>Teaching Archaeology As A Global Resource: Interpreting The Past, Creating The Present<\/h3>\n<p>Organized By<br \/>\nK. Anne Pyburn (USA)<\/p>\n<p>Session Details<br \/>\nThe future of archaeology as a discipline as well as the future of the archaeological record itself are in the hands of educators who will shape the perspective of the next generation of archaeologists. The increasing globalization of information systems means that teaching can no longer be a parochial endeavor. News releases, government programs and funding agencies are increasingly sensitive to multinational sources and pressures. Interpretations of the past now have the daunting potential to rapidly impact not only discussions internal to nation states but international politics and global markets. In this session a group of educators and students considers the ethical responsibilities, political opportunities, and social context of archaeology in the 21st century.<br \/>\nPresentations<br \/>\nIntroduction: Ethics In Archaeological Context<br \/>\nK. Anne Pyburn (Indiana University, USA) Gendered heritage and popular mediation<br \/>\nLiv Helga Dommasnes (Department of Archaeology, Bergen Museum, Bergen, Norway)<\/p>\n<p>Teaching Gendered Alternatives: Archaeology As Critical Thinking<br \/>\nMargaret W. Conkey (Department of Anthropology and Archaeological Research Facility, University of California, Berkeley, California, USA)<br \/>\nA matter of social justice<br \/>\nClaire Smith (Department of Archaeology, Flinders University, Australia)<br \/>\nFrom Scientific Imperialism To Romantic Subjectivism<br \/>\nJoe Watkins (Department of Anthropology, University of New Mexico, Albuquerque, USA) Models of the Past and Theories of the Present: The Politics of Producing Archaeological Knowledge<br \/>\nAlfredo Minetti (Indiana University\/Museu Nacional\/CNPq) and Marcia Bezerra de Almeida (Universidade de Sao Paulo\/CNPq)<br \/>\nA Serbian Student Perspective On Graduate Archaeology Education In The United States<br \/>\nZarko Tankosic (Department of Anthropology, Indiana University, Bloomington, Indiana, USA) Ethical awareness of the moral responsibilities; has the situation changed?<br \/>\nPeter Stone (International Centre for Cultural and Heritage Studies, University of Newcastle, Newcastle upon Tyne, UK)<br \/>\nArchaeology To The Lay Public In Brazil: Three Experiences<br \/>\nPedro Funari (IFCH-Unicamp e MAE-USP, University of Barcelona, University of Illinois, USA) Padrinaje, Sustainability, and Sustained Underdevelopment of Maya Ahijados<br \/>\nJuan Castillo Cocom<\/p>\n<p>Session Time<br \/>\nDay Thursday Date 26th June<br \/>\nTime 9AM-1PM Room Pryzbyla 321<\/p>\n<h3>Archaeology|Media<\/h3>\n<p>Organized By<br \/>\nMichael Shanks (USA) and Douglass Bailey (UK)<\/p>\n<p>Session Details<br \/>\nThe session will take the form of a workshop and forum exploring, reviewing and discussing recent experimentation in different media in archaeological research. Precirculated statements and papers will set the scene for brief presentations at the conference of new work being developed in projects in central and south America, India, northern and eastern Europe, the Mediterranean and the United States. Many of these media experiments (in video, cartography, photography, writing, sound, and hypermedia) are being developed by the session participants. These practical cases will be the foundation for wider discussion of the changing forms of media in archaeology.<\/p>\n<p>The link between media and archaeology is one of the originating moments of the discipline. Archaeology, as a disciplinary practice, has always had as its epistemological basis multiple strategies of representation and remediation, ranging from traditional media such as text, cartography and photography, to TV, hypertext and the cyberworld. The session begins with a premise that this is now at the crux of archaeological practice. It is proposed that the choice of different media practices is as much about particular attitudes, values, politics and aesthetics, as it is about a capacity for establishing and<br \/>\ndisseminating knowledge of the past.<\/p>\n<p>The participants propose we understand media as mediation &#8211; forms of manifested practice that articulate our engagement with the past and its remains in the present. Critically, this understanding focuses attention on the role of media in counterpoising conceptual, epistemological and representational frameworks. How knowledge is established and what is known is implicated in the manner it is re-presented. Additionally, the question is prompted of the further implications (technical, methodological, and theoretical) of this understanding of media. And what role does this notion of mediation play in critical and reflexive archaeological practice, that is archaeologies actively aware of their place in contemporary cultural politics? And what of IT &#8211; technical opportunities as well as politics? This session is also planned as a forum for building interdisciplinary connections that enhance our comprehension of new technology and its relationship to archaeology as a mediating practice. The participants consider ways forward through concepts of translation, modes of engagement, remediation, and experimentation.<br \/>\nThis session claims distinction in presenting experimental work rooted in theoretically informed technique built around cultural fields or ecologies, not the objects of the past. The theoretical context is wide &#8211; from feminist aesthetics to performance theory, from community arts to ideas of the modernist avant-garde. The work is often collaborative and based upon professional media experience. The methodologies employed are site-specific. The practitioners are critical and self-reflexive about their own technological intervention. Here technology is not applied as a method for objectification, but as a mediating practice that enunciates our rendezvous with the past, as archaeologists.<br \/>\nParticipants:<\/p>\n<p>Douglass Bailey, Lecturer, Department of Archaeology, Cardiff University, UK<br \/>\nFiona Campbell, Institute of Archaeology, Goteborgs Universitet, Sweden<br \/>\nAshish Chadha, Stanford Archaeology Center, USA<br \/>\nPaula Ebron, Associate Professor, Department of Cultural and Social Anthropology, Stanford University<br \/>\nEzra Erb, Stanford Archaeology Center, USA<br \/>\nJonna Hansson, Institute of Archaeology, Goteborgs Universitet, Sweden<br \/>\nMichael Shanks, Professor, Department of Classics and Department of Cultural and Social Anthropology, Stanford University, USA<br \/>\nTimothy Webmoor, Stanford Archaeology Center, USA<br \/>\nChris Witmore, Stanford Archaeology Center, USA<\/p>\n<p>Presentations<br \/>\nNeolithic Architecture: Transgressing Boundaries<br \/>\nDouglass Bailey (Department of Archaeology, Cardiff University, UK)<br \/>\nMediating embodiment through peripatetic video: an experiment in the corporeality of place<br \/>\nChris Witmore (Stanford Archaeology Center, USA)<br \/>\nArchaeology On Tour<br \/>\nFiona Campbell and Jonna Hansson (Institute of Archaeology, G\u00f6teborgs Universitet, Sweden) Mediating time: stratigraphy as temporal cartography<br \/>\nAshish Chadha (Stanford Archaeology Center, USA)<br \/>\nPerforming A Region: Cultural Memory And The Materiality Of Culture<br \/>\nPaulla Ebron (Department of Cultural and Social Anthropology, Stanford University, USA) Mengele, memory, machinery: Jean Tinguely\u2019s Totentanz and an archaeology of complacency<br \/>\nEzra Erb (Stanford Archaeology Center, USA)<br \/>\nMediational Techniques And Re-presenting Multiple Engagements With Traditional Cultural Properties (TCP\u2019s) In North America<br \/>\nTimothy Webmoor (Stanford Archaeology Center, USA) Matters of metaMedia in contemporary archaeology<br \/>\nMichael Shanks (Department of Classics and Department of Cultural and Social Anthropology, Stanford University, USA)<\/p>\n<p>Session Time<br \/>\nDay Wednesday Date 25th June<br \/>\nTime 9-11AM Room O&#8217;Boyle 109<\/p>\n<h3>Explaining Ourselves<\/h3>\n<p>Organized By<br \/>\nK. Anne Pyburn (USA), Kodzo Gavua (Ghana) and Erin Kuns (USA)<\/p>\n<p>Session Details<br \/>\nThis session is being organized with the view to encouraging dialogue about how the role of archaeology can be enhanced in ways that would make the discipline relevant and responsive to current interests of communities in which it is practiced. We contend that archaeology can be an agent for fostering understanding and peaceful coexistence among peoples of different historical backgrounds, and a major player in the political, economic and social development of deprived nations if we (archaeologists) adopt unorthodox approaches to work without compromising our academic and scientific fervor.<\/p>\n<p>We propose a revision of the scope and style of our collaboration with local communities as a key strategy for enhancing the role of archaeology. The adoption of synergistic relationships at the intellectual level, and at the level of politicians, administrators, suppliers of labor and other members of local communities would engender communication that would provide us with enough input to advance our discipline, while addressing the concerns of our collaborators.<br \/>\nPresentations<br \/>\nBridging Archaeology, Heritage And The Public: The Naniwa Archaeological Resource Centre<br \/>\nKatsuyuki Okamura (Archaeologist, Osaka Museum of History, Osaka, Japan)<br \/>\nSession Time<br \/>\nDay Wednesday Date 25th June<br \/>\nTime 4-6PM Room Caldwell 109<\/p>\n","protected":false},"excerpt":{"rendered":"<p>Convened By K. Anne Pyburn (USA) Theme Details Archaeologists routinely interpret the pasts of others. The approaches taken in this theme include issues relating to the collaboration of science and interpretation, consideration of how the role of archaeology can be enhanced in ways that would make the discipline relevant and responsive to current interests of &#8230; <a title=\"Interpreting Archaeology\" class=\"read-more\" href=\"https:\/\/worldarchaeologicalcongress.com\/wac5\/wac-5\/wac5-program\/interpreting-archaeology\/\" aria-label=\"Read more about Interpreting Archaeology\">Read more<\/a><\/p>\n","protected":false},"author":1,"featured_media":0,"parent":2159,"menu_order":0,"comment_status":"closed","ping_status":"open","template":"","meta":{"ngg_post_thumbnail":0,"footnotes":""},"class_list":["post-2190","page","type-page","status-publish"],"_links":{"self":[{"href":"https:\/\/worldarchaeologicalcongress.com\/wac5\/wp-json\/wp\/v2\/pages\/2190","targetHints":{"allow":["GET"]}}],"collection":[{"href":"https:\/\/worldarchaeologicalcongress.com\/wac5\/wp-json\/wp\/v2\/pages"}],"about":[{"href":"https:\/\/worldarchaeologicalcongress.com\/wac5\/wp-json\/wp\/v2\/types\/page"}],"author":[{"embeddable":true,"href":"https:\/\/worldarchaeologicalcongress.com\/wac5\/wp-json\/wp\/v2\/users\/1"}],"replies":[{"embeddable":true,"href":"https:\/\/worldarchaeologicalcongress.com\/wac5\/wp-json\/wp\/v2\/comments?post=2190"}],"version-history":[{"count":1,"href":"https:\/\/worldarchaeologicalcongress.com\/wac5\/wp-json\/wp\/v2\/pages\/2190\/revisions"}],"predecessor-version":[{"id":2782,"href":"https:\/\/worldarchaeologicalcongress.com\/wac5\/wp-json\/wp\/v2\/pages\/2190\/revisions\/2782"}],"up":[{"embeddable":true,"href":"https:\/\/worldarchaeologicalcongress.com\/wac5\/wp-json\/wp\/v2\/pages\/2159"}],"wp:attachment":[{"href":"https:\/\/worldarchaeologicalcongress.com\/wac5\/wp-json\/wp\/v2\/media?parent=2190"}],"curies":[{"name":"wp","href":"https:\/\/api.w.org\/{rel}","templated":true}]}}