{"id":2188,"date":"2015-05-26T23:01:07","date_gmt":"2015-05-26T23:01:07","guid":{"rendered":"http:\/\/landward.org\/wac\/?page_id=2188"},"modified":"2017-01-12T19:17:19","modified_gmt":"2017-01-12T19:17:19","slug":"indigenous-arrivals-and-first-peoples","status":"publish","type":"page","link":"https:\/\/worldarchaeologicalcongress.com\/wac5\/wac-5\/wac5-program\/indigenous-arrivals-and-first-peoples\/","title":{"rendered":"Indigenous Arrivals And First Peoples"},"content":{"rendered":"<p>Convened By<br \/>\nGustavo Politis (Argentina) and Richard Fullagar (Australia)<\/p>\n<p>Theme Details<br \/>\nThis theme provides a forum to discuss initial human settlement of continents and islands, and how these first peoples explored and occupied deserts, mountains, tropical rainforest and other environmental zones. What were these arrival landscapes actually like? Dates, dispersal routes and human impacts commonly form a starting point for models of group movement into specific environments, in different parts of the world. Archaeological indicators of initial human arrival may take many forms from megafaunal extinctions to stone tool styles<\/p>\n<p>It is also possible to move beyond the technological and economic side of first peoples. For example, new directions in archaeological thinking explore cognitive theory, social and political structures and indigenous perspectives. How do humans cope with new environments? How did the first people perceive these places? How do indigenous people view their origins today? Were there social or environmental limitations to certain environments?.<\/p>\n<p>An important overall theme will be theoretical frontiers and results that cross regional and national boundaries. Comparisons of arrival landscapes at ecological (e.g. plateaux and plain), continental (e.g. South American and Australian deserts) or socio-economic scales (farmers, hunters and gatherers) are particularly welcome.<\/p>\n<p>Studies about first people and peopling processes have been dominated by a cultural-ecological approach, creating a form of ecological determinism, and employing models often derived from biology to explain expansion of human populations. The discussion rarely takes advantage of new theory that has recently emerged from recent interpretative, hermeneutic, and neo-marxist perspectives. In this respect, the study of early people is becoming theoretically conservative. How can new theoretical approaches benefit studies of first peoples? What methodological tools do we need to develop in order to apply these ideas to empirical data? Clearly, debate on the peopling of continents, islands and specific environmental zones needs a fresh look.<br \/>\nPotential Session Topics<\/p>\n<p>World-views, cognition and human behavior.<br \/>\nEnvironmental limitations and initial human impacts (e.g. deserts, mountains etc.)<br \/>\nThe tempo of human expansion.<br \/>\nHuman biology and life-history of first arrivals.<br \/>\nConceptual issues for first people studies.<\/p>\n<p>We are calling for session organizers and welcome suggestions for sessions or specific topics within this theme. We encourage the offer of presentations (papers, posters, other). See call for proposals.<\/p>\n<p>Contact:<\/p>\n<p>Dr Gustavo Politis<br \/>\nFacultad de Ciencias Naturales, UNLP<br \/>\nPaseo del Bosque s\/n<br \/>\n1900 La Plata-Argentina<br \/>\nArgentina<br \/>\nTelephone: (+54) 221-423 4918<br \/>\nEmail: ggpolitis@hotmail.com<br \/>\nDr. Richard Fullagar<br \/>\nAnthropology A14<br \/>\nUniversity of Sydney<br \/>\nNSW 2006<br \/>\nTelephone: 61 2 42674547, 61 2 93512763<br \/>\nEmail: richard.fullagar@archaeology.usyd.edu.au<\/p>\n<h2>Sessions<\/h2>\n<h3>Peopling The Paleolithic<\/h3>\n<p>Organized By<br \/>\nKathleen Sterling (USA) and Sebastien Lacombe (France)<\/p>\n<p>Session Details<br \/>\nOrganizers:<br \/>\nKathleen Sterling<br \/>\nDepartment of Anthropology<br \/>\nUniversity of California<br \/>\nBerkeley, CA 94720-3710<br \/>\nsterling@sscl.berkeley.edu<\/p>\n<p>S\u00e9bastien Lacombe<br \/>\nUnit\u00e9 Toulousaine d\u2019Arch\u00e9ologie et d\u2019Histoire<br \/>\n27, rue Bernard D\u00e9liciuex<br \/>\n31200 Toulouse France<br \/>\nslacombe@univ-tlse2.fr<br \/>\nStudies of archaeological Paleolithic societies have rarely departed from direct analyses of technology and hunting practices. This may be due to the fact that we find these cultures too different from our own to confidently interpret what may seem at times to be meagre information.<br \/>\nThis information can indeed provide the basis for human-centered study of stone-age cultures. Space may be delineated without architecture, labour organized without agriculture, production specialized before ceramics, and community life negotiated without villages. These are just a few of the factors of daily life that influenced and were influenced by cultural practices.<br \/>\nThis session proposes to gather archaeologists who study Paleolithic societies around the world to share how different lines of evidence and different approaches may produce accounts of these groups that discuss daily lives. This includes both new ways of analyzing the traditional data that may have been underused (stone tools, animal remains, rock art, etc.) as well as applying theoretical approaches that may not have been widely used in this area of prehistory. Some possibilities include social identities, human body approaches, landscape approaches, initiation and learning, aggregations, language, use of narrative, cha\u00eene op\u00e9ratoire, and gestural approaches.<\/p>\n<p>Presentations<br \/>\nColonisation Or Dispersal: Approaches To Mobility In The Palaeolithic<br \/>\nLucy Grimshaw (Department of Archaeology, University of Durham, UK) Raw material procurement and exchange as social acts: the example of the Magdalenian in southwestern France<br \/>\nS\u00e9bastien Lacombe (Unit\u00e9 Toulousaine d\u2019Arch\u00e9ologie et d\u2019Histoire and University of California, Berkeley, USA)<br \/>\nThe Negotiation Of Birth In Prehistory<br \/>\nEmer O\u2019Donnell (Department of Archaeology, Flinders University, Australia) Either, Neither, More: The practice of personhood in Southern Africa now and then<br \/>\nSven Ouzman (University of California, Berkeley, USA)<br \/>\nLiving Space Exploitation Concept As An Instrument Of Prehistoric Social Culture Study<br \/>\nOlena V. Smyntyna (Odessa I.I. Mechnikov National University, Ukraine) Learning and the Social Production of Stone Tools<br \/>\nKathleen Sterling (University of California, Berkeley, USA)<br \/>\nInfluential Neighbours: The Middle\/Upper Palaeolithic Transition In Iberia<br \/>\nMarta Camps i Calbet (Donald Baden-Powell Quaternary Research Centre UNIVERSITY OF OXFORD 60 Banbury Road OXFORD -OX2 6PN- England (U.K.))<\/p>\n<p>Session Time<br \/>\nDay Monday Date 23rd June<br \/>\nTime 4-6PM Room Marist 208<\/p>\n<h3>First People In East Asia<\/h3>\n<p>Organized By<br \/>\nHuw Barton (UK)<\/p>\n<p>Session Details<br \/>\n&#8211;<br \/>\nPresentations<br \/>\nNeolithic Guangdong &#8211; The Interactions Among Yangzi, Southeast Asia And Pacific Islands<br \/>\nMan Kwong Ma (Archaeology Department Peking University, Institute of Field Archaeologists, UK) Fareastern argonauts: archaeological evidence on the initial stages of the watercraft<br \/>\nAndrei V.Tabarev (Institute of Archaeology and Ethnography, Novosibirsk, Russia)<br \/>\nThe Problem Of Peopling Of Altai (South Siberia): The Differences Of Culture Complexes Between Caves And Open-air Sites.<br \/>\nA.V. Postnov (Institute of Archaeology and Ethnography, SB RAS, Novosibirsk, Russia) Running along the mountains: Mousterian-Early Upper Paleolithic Peopling of South Siberia.<br \/>\nDr .Eugeny P. Rybin (Department of Paleolithic, Institute of Archaeology and Ethnography, Russian Academy of Sciences, Siberian Branch, Russia 630090, Novosibirsk-90, Lavrentieva Ave., 17)<br \/>\nAbsolute Chronology And Periods Of The Dispersals Of A Stone Age Man At The Coasts Of The Okhotsk And Japanese Seas<br \/>\nAlexander A.Vasilevski (Sakhalin State University, Yuzhno-Sakhalinsk) Foraging tubers in the tropics: considering the evidence from Niah Cave, Sarawak, Malaysia<br \/>\nHuw Barton (University of Leicester, UK)<br \/>\nHunter-gatherer Mobility In Late Palaeolithic Japan: Approach From Re-fitting Obsidian Artefacts<br \/>\nAMBIRU Masao and YAMASHINA Akira (Department of Archaeology, Meiji University) Initial Upper Paleolithic of Uzbekistan: intrusion of modern humans or evolved neanderthal culture?<br \/>\nDr. Andrei I. Krivoshapkin (Paleolithic Department, Institute of Archaeology &amp; Ethnography, Russian Academy of Sciences, Siberian Branch, Novosibirsk, Russia)<\/p>\n<p>Session Time<br \/>\nDay Wednesday Date 25th June<br \/>\nTime 4-6PM Room Marist 208<\/p>\n<h3>First People In The Americas: Processes And Time<\/h3>\n<p>Organized By<br \/>\nGustavo Politis (Argentina)<\/p>\n<p>Session Details<br \/>\nGustavo Politis<br \/>\nCONICET- Facultad de Ciencias Sociales de la Universidad Nacional del Centro, Olavarr\u00eda,. Argentina.<br \/>\nINCUAPA. Facultad de Ciencias Sociales de la Universidad Nacional del Centro, Del Valle 5737, 7300 Olavarr\u00eda,. Argentina.<br \/>\ngpolitis@museo.fcnym.unlp.edu.ar<br \/>\nPresentations<br \/>\nEcological Reductionism And The Initial Peopling Of South America<br \/>\nCrist\u00f3bal Gnecco (Departamento de Antropolog\u00eda, Universidad del Cauca, Popay\u00e1n, Colombia) Paleo-indian or early archaic: interpreting early non Clovis bifacial assemblages in north western South America<br \/>\nCarlos E. Lopez (Universidad Tecnologica de Pereira\/Temple University, Philadelphia) and Martha Cecilia Cano (Alfonso Realpe Universidad Tecnologica de Pereira)<br \/>\nLa Ocupaci\u00f3n Temprana Del Atl\u00e1ntico Uruguayo<br \/>\nJos\u00e9 M. L\u00f3pez Mazz (Dpto. Arqueolog\u00eda, Facultad de Humanidades, Universidad de la Rep\u00fablica, Montevideo,Uruguay) The end of the trip: Homo sapiens expansion into the Southern Cone of South America<br \/>\nGustavo Politis (CONICET- Facultad de Ciencias Sociales de la Universidad Nacional del Centro, Olavarr\u00eda, Argentina)<br \/>\nThe Aquatic Landscapes Model And Archaeological Landscapes In The Deserts. Their Implications For Re-thinking The Arrivals Of The First South Americans<br \/>\nLaura Miotti (Archaeology Department of Museo de La Plata, La Plata National University,<br \/>\nPaseo del Bosque s\/n, 1900 La Plata, Argentina) Human arrivals, ecological perception, and megamammals exploitation in the Pampean region of Argentina<br \/>\nMar\u00eda A. Gutierrez and Gustavo A. Mart\u00ednez (CONICET-INCUAPA, Facultad de Ciencias Sociales (UNCPBA), Del Valle 5737, 7400 Olavarr\u00eda, Argentina)<br \/>\nAbsolute And Relative Dating In The Archaeological Region Of Central Bahia State, Brazil<br \/>\nMaria Beltr\u00e3o, Martha Locks and Monique Amaral (National Museum, UFRJ\/UB, Department of Anthropology, Sector of Archaeology and National Research Board Scholars) What can the bioarchaeological record of First Americans tell us about their patterns of dispersal, organization and cognition?<br \/>\nGustavo Barrientos (CONICET-Instituto Nacional de Antropolog\u00eda y Pensamiento Latinoamericano, UNCPBA; UNLP, Buenos Aires, Argentina)<br \/>\nVariability In Paleoindian Settlement In Eastern Beringia<br \/>\nDavid R. Yesner (Professor of Anthropology, University of Alaska, Anchorage, 3211 Providence Drive, Anchorage, AK 99508, USA) The Beringian enigma: lithic assemblage variability in the earliest Alaskan archaeological record<br \/>\nSergey A. Vasil\u2019ev<br \/>\nLarge Mammals And Large Blinders: Why Are Paleoindians Still Thought Of As Big-game Specialists? And What Are The Alternatives?<br \/>\nMarcel Kornfeld (George C. Frison Institute of Archaeology and Anthropology, Box 3431, University of Wyoming, Laramie, WY, USA) An Early Ice Age bone flaking pattern in the Americas<br \/>\nRobson Bonnichsen (Department of Anthropology, Texas A&amp;M University, College Station Texas, USA)<br \/>\nLa Presencia Humana En La Cuenca De M\u00e9xico A Partir De 12,700 A\u00f1os<br \/>\nJos\u00e9 C. Jim\u00e9nez L\u00f3pez (Direcci\u00f3n de Antropolog\u00eda F\u00edsica, Museo Nacional de Antropolog\u00eda, Reforma y Gandhi S\/N. Col. Polanco, M\u00e9xico) Paleoamerican position of Baja California skulls. II Cranial-Functional analysis<br \/>\nH\u00e9ctor Pucciarelli, Rolando Gonz\u00e1lez, Marina Sardi and Fernando Ram\u00edrez Rozzi (Divisi\u00f3n Antropolog\u00eda del Museo de La Plata. Universidad Nacional de La Plata)<\/p>\n<p>Session Time<br \/>\nDay Wednesday Date 25th June<br \/>\nTime 9AM-1PM Room Marist 208<\/p>\n<h3>The American Paleolithic<\/h3>\n<p>Organized By<br \/>\nDennis Stanford (USA) and Ted Timreck (USA)<\/p>\n<p>Session Details<br \/>\nThis session will consist of a short film, followed by discussion with Dennis Stanford of the Smithsonian&#8217;s Anthropology Department, and the film-maker Ted Timreck. The presentation focuses on a new model for Paleolithic America. It is based on a premise that, all around the Circumpolar World at the end of the last Ice Age, human societies who were adapted to the cold environments along the edges of the receding glaciers, were more complex than we now understand.<\/p>\n<p>During the 1830s, the pioneering team of Squier and Davis received the first public funding for archaeological research from the Federal government. They were asked to investigate the ruins of the &#8220;Moundbuilders&#8221; because of wide spread popular interest and debate about the identity of the country&#8217;s ancient inhabitants. Over the next 150 years, the Smithsonian Institution became the scientific force that shaped the definition of &#8220;Indian&#8221; for the rest of American society.<\/p>\n<p>Today, the identity of the Native American has again become a popular issue. Western anthropology may be at the threshold of another revolution in its thinking about the development of early New World cultures.<\/p>\n<p>Although the Smithsonian has always been known for its extremely conservative vision of Native history, members of the current generation of scientists from the National Museum are breaking that tradition as they explore radical new ideas about the origin of Ice Age Americans.<\/p>\n<p>Dr. Stanford has given me an extraordinary opportunity to work with him, to shoot &#8216;over his shoulder&#8217; through many different stages as he and his colleagues have slowly pieced together a new scientific vision of the peopling of America. This presentation is part of the record of that process as it continues.<br \/>\nPresentations<br \/>\nSession Time<br \/>\nDay Monday Date 23rd June<br \/>\nTime 11.30AM-1PM Room McMahon 200<\/p>\n","protected":false},"excerpt":{"rendered":"<p>Convened By Gustavo Politis (Argentina) and Richard Fullagar (Australia) Theme Details This theme provides a forum to discuss initial human settlement of continents and islands, and how these first peoples explored and occupied deserts, mountains, tropical rainforest and other environmental zones. What were these arrival landscapes actually like? Dates, dispersal routes and human impacts commonly &#8230; <a title=\"Indigenous Arrivals And First Peoples\" class=\"read-more\" href=\"https:\/\/worldarchaeologicalcongress.com\/wac5\/wac-5\/wac5-program\/indigenous-arrivals-and-first-peoples\/\" aria-label=\"Read more about Indigenous Arrivals And First Peoples\">Read more<\/a><\/p>\n","protected":false},"author":1,"featured_media":0,"parent":2159,"menu_order":0,"comment_status":"closed","ping_status":"open","template":"","meta":{"ngg_post_thumbnail":0,"footnotes":""},"class_list":["post-2188","page","type-page","status-publish"],"_links":{"self":[{"href":"https:\/\/worldarchaeologicalcongress.com\/wac5\/wp-json\/wp\/v2\/pages\/2188","targetHints":{"allow":["GET"]}}],"collection":[{"href":"https:\/\/worldarchaeologicalcongress.com\/wac5\/wp-json\/wp\/v2\/pages"}],"about":[{"href":"https:\/\/worldarchaeologicalcongress.com\/wac5\/wp-json\/wp\/v2\/types\/page"}],"author":[{"embeddable":true,"href":"https:\/\/worldarchaeologicalcongress.com\/wac5\/wp-json\/wp\/v2\/users\/1"}],"replies":[{"embeddable":true,"href":"https:\/\/worldarchaeologicalcongress.com\/wac5\/wp-json\/wp\/v2\/comments?post=2188"}],"version-history":[{"count":1,"href":"https:\/\/worldarchaeologicalcongress.com\/wac5\/wp-json\/wp\/v2\/pages\/2188\/revisions"}],"predecessor-version":[{"id":2781,"href":"https:\/\/worldarchaeologicalcongress.com\/wac5\/wp-json\/wp\/v2\/pages\/2188\/revisions\/2781"}],"up":[{"embeddable":true,"href":"https:\/\/worldarchaeologicalcongress.com\/wac5\/wp-json\/wp\/v2\/pages\/2159"}],"wp:attachment":[{"href":"https:\/\/worldarchaeologicalcongress.com\/wac5\/wp-json\/wp\/v2\/media?parent=2188"}],"curies":[{"name":"wp","href":"https:\/\/api.w.org\/{rel}","templated":true}]}}