{"id":2184,"date":"2015-05-26T22:51:46","date_gmt":"2015-05-26T22:51:46","guid":{"rendered":"http:\/\/landward.org\/wac\/?page_id=2184"},"modified":"2017-01-12T19:17:19","modified_gmt":"2017-01-12T19:17:19","slug":"independent-sessions","status":"publish","type":"page","link":"https:\/\/worldarchaeologicalcongress.com\/wac5\/wac-5\/wac5-program\/independent-sessions\/","title":{"rendered":"Independent Sessions"},"content":{"rendered":"<p>Convened By<br \/>\nVarious<\/p>\n<p>Theme Details<br \/>\nIndependent Sessions are sessions that are currently not part of a theme.<\/p>\n<h2>\nSessions<\/h2>\n<h3>Living Under The Shadow: The Archaeological, Cultural And Environmental Impact Of Volcanic Eruptions.<\/h3>\n<p>Organized By<br \/>\nJohn Grattan (UK) and Robin Torrence (Australia)<\/p>\n<p>Session Details<br \/>\nVolcanic eruptions may have a diverse and occasionally devastating impact upon human cultures and the environment, which may be apparent in archaeological records, in oral and written accounts and in palaeoenvironmental data such as tree rings, lake sediments and peat cores. Civilizations may successfully exist in close proximity to active volcanoes and thrive, whilst distant cultures may be affected by volcanically induced environmental change; we invite archaeologists, anthropologists, geographers, geologists, historians and palaeoenvironmentalists to engage in debate concerning these issues and present the results of their recent research.<\/p>\n<p>This topic is important because volcanic eruptions have affected human development since early hominids left their footprints in tephra fall. Throughout human history many cultures have developed under the influence of volcanic activity, sometimes malign, but frequently benign, how are these effects to be determined? This proposal aims to encourage debate of a series of key questions, which will develop the maturity of disaster archaeology.<br \/>\nPresentations<br \/>\nModeling Human Response To Volcanic Disasters In Coastal Ecuadorian Prehistory: A View From The Jama Valley.<br \/>\nJames A. Zeidler (Associate Director for Cultural Resources, Center for Environmental Management of Military Lands, Colorado State University, Fort Collins) Impacts of minor volcanic activity on the cultural and inhabitation history of the Aegean.<br \/>\nStathis C. Stiros (Dept of Civil Engineering, Patras University, Greece)<br \/>\nAre Distal Tephras More Effective In Resolving Volcanic Histories Than The Local Deposits?<br \/>\nJohn B. Hunt (Centre for Environmental Change and Quaternary Research, University of Gloucestershire, UK) Volcanic Eruptions and the Multi-Elemental Chemistry of Tree Rings: A Review of the Potential for Absolute Dating.<br \/>\nCharlotte Pearson, Sturt Manning, Max Coleman, (Department of Archaeology, University of Reading, UK) and Kym Jarvis (School of Earth Sciences &amp; Geography, Kingston University, UK)<br \/>\nCritical Re-evaluations Of The Impact Of The Santorini Eruption<br \/>\nDavid Sewell (The University of Reading, UK) Of Chronologies and Kings: Santorini and the dating controversy<br \/>\nJohn Dayton (Institute of Archaeology, University College London)<br \/>\nCultural Responses To Volcanic Eruptions In Japan: The Impact Of The 11400 BP Satsuma Tephra<br \/>\nSatoru Shimoyama (The Archaeological Museum of Ibusuki City, Kagoshima, Japan) Volcanic Shadow over the LBA Eastern Mediterranean \u2013 Devastation from the Eruption of Santorini, a Tambora-sized Event<br \/>\nFloyd W. McCoy (Department of Natural Sciences, University of Hawaii \u2013 Windward, USA)<br \/>\nReconstruction And Aftermath Of The Catastrophic AD 1600 Huaynaputina Eruption<br \/>\nJ.-C. Thouret (Laboratoire Magmas et Volcans, Universit\u00e9 Blaise-Pascal, France), J. D\u00e1vila (Instituto Geofisico del Per\u00fa), E. Juvign\u00e9 (Universit\u00e9 d\u2019Etat \u00e0 Li\u00e8ge, Belgique) and J. Mari\u00f1o (Laboratoire Magmas et Volcans, Universit\u00e9 Blaise-Pascal, France) Ecological Roadblocks on a Constrained Landscape: The Cultural Effects of Catastrophic Holocene Volcanism on the Alaska Peninsula, Southwest Alaska.<br \/>\nRichard VanderHoek (Dept. of Anthropology, Univ. of Illinois at Urbana, USA) and Robert E. Nelson (Dept. of Geology, Colby College, Waterville, USA)<br \/>\nGradual Vs. Punctuated Change: The Importance Of Scale In Evaluating Disasters<br \/>\nRobin Torrence (Division of Anthropology, Australian Museum, Sydney, Australia) Vulcanism and prehistory in the Massif Central of France<br \/>\nJean-Paul Raynal (Universit\u00e9 de Bordeaux 1, France), G\u00e9rard Vernet (France) and Guy Kieffer (France)<br \/>\nGeomythology, Theodicy And The Continuing Relevance Of Religious Worldviews On Responses To Volcanic Eruptions<br \/>\nDavid K. Chester (Department of Geography, University of Liverpool, UK) and Angus M. Duncan (Head of Research Graduate School, University of Luton, UK) The Campanian Ignimbrite eruption (ca.40,000 years BP) and the dynamics of the Late Pleistocene human evolution in Europe<br \/>\nF.G. Fedele (Section and Museum of Anthropology, University of Naples, Italy. ), B. Giaccio, R. Isaia and G. Orsi<br \/>\nVolcanic Influences On Human Mortality; The Long Reach Of Cold Rain And Hot Fogs.<br \/>\nJohn Grattan (The Institute of Geography and Earth Science, The University of Wales, UK) Eruptions of Haruna volcano and their impacts on human life in the 5-6th centuries A.D.<br \/>\nTsutomu Soda (Paleoenvironment Research Institute Co., Ltd, Maebashi, Japan)<br \/>\nThe Conceptual \u201cmapping\u201d Of A Volcano In Its Social Landscape: Volc\u00e1n Bar\u00fa, Panam\u00e1<br \/>\nKaren Holmberg (Department of Anthropology, Columbia University, USA) Archaeology of Fire and Glass: The Formation of Glass Mountain Obsidian<br \/>\nCarolyn Dillian (Department of Anthropology, Rutgers University, New Brunswick, USA)<br \/>\nThe Impact Of Sunset Crater Volcano On Local Northern Arizona Populations, Ca. A.D. 1100.<br \/>\nMark D. Elson (Desert Archaeology, Inc., Tucson, USA) and Michael Ort (Environmental Sciences and Geology, Northern Arizona University, USA) The Minoan eruption of Santorini, tephra distribution and climatic impacts<br \/>\nDavid Pyle (Dept of Earth Sciences, Downing St, Cambridge , UK)<br \/>\nA Reconstruction Of The C. 500 BP. Prehistoric Eruption Of Mt Pinatubo (Philippines)<br \/>\nJean-Christophe Gaillard, Victor C. Paz, Eusebio Z. Dizon, Cristina Remotigue, Fernando P. Siringan (University of the Philippines), Francisco G. Delfin Jun. (Public Administration Program, School of Policy, Planning &amp; Development, University of Southern California, USA), Emmanuel G. Ramos (Philippine Institute of Volcanology and Seismology) Ethno-cultural dimension of a volcanic disaster; the case of the 1991 Mt Pinatubo eruption (Philippines)<br \/>\nJean-Christophe Gaillard (Associate Professor, Department of Geography, College of Social Sciences and Philosophy, University of the Philippines)<br \/>\nAll History Is Local: Impact And Response To The Pululahua Eruption In Northern Ecuador<br \/>\nJohn Isaacson (Los Alamos National Laboratory, New Mexico, USA) Beneficial Influences of Volcanic Eruptions on Prehistoric Agriculture: Lessons from the 11th Century Eruption of Sunset Crater, Arizona, USA<br \/>\nKirk C. Anderson and Mark D. Elson (Quaternary Sciences Program, NAU and Navajo Nation Archaeology Department, Bilby Research Center, Northern Arizona University, USA)<\/p>\n<p>Session Time<br \/>\nDay Monday Date 23rd June<br \/>\nTime 9AM-1PM&amp; 4-6PM Room Shahan 201<\/p>\n<h3>Out Of The Basement: The Use And Accessibility Of Archaeological Collections<\/h3>\n<p>Organized By<br \/>\nJoan Bacharach (USA) and Christine Boyd (USA)<\/p>\n<p>Session Details<br \/>\nOver the last several decades a crisis has emerged within archaeology regarding the use and accessibility of archaeological collections. Artifacts have been entombed in repositories, basements and boxes, underutilized by professional researchers, students and the public. This problem is the result of too much emphasis within archaeology being placed on research and data collection through new excavations and not enough attention being given to artifacts once they have been removed from the field. In other words, the value of collections-based research has been long overlooked. A potential for new research surely lies in archaeological collections, because there are always new questions that can be asked of the same artifacts as our theoretical and methodological orientations change. The goal of this session is to explore innovative uses for collections and ways to increase accessibility through curation, education and the dissemination of information through new forms of media.<br \/>\nPresentations<br \/>\nAdaptive Reuse: Incorporating Public Education Into The Curation Process<br \/>\nLaura S. Phillips (Archaeology Collections Manager, Burke Museum of Natural History &amp; Culture, University of Washington) Collections and Education: The Potential of an Under-Used Resource<br \/>\nCarol J. Ellick<br \/>\nA Comparative Archaeological Study Of Colonial Chesapeake Culture<br \/>\nJulia A. King (Director, Maryland Archaeological Conservation Laboratory, Maryland Historical Trust, USA) Guarding the Guardians: Access and Museum Ownership in Tanzania<br \/>\nFidelis T. Masao (Open University of Tanzania, Dar es Salaam)<br \/>\nReconstituting The Past: Archaeological Preservation With A Geographic Information Database<br \/>\nJoshua J. Wells (Prehistory Research Fellow, Glenn A. Black Laboratory of Archaeology, Department of Anthropology, Indiana University, Bloomington, USA) Collections of the Archaeological Rescue Researchs in the Mato Grosso Do Sul State, Brazil<br \/>\nEm\u00edlia Mariko Kashimoto (Laboratory of Archaeological Research of the Dom Bosco Museum, Dom Bosco Catholic University, Campo Grande\/MS, Brazil)<br \/>\nCatholics, Collections, And Content: What Can Be Learned From The Curley Hall Vault Artifacts?<br \/>\nAntonia Davidson (The American University, School of International Service, IPFP, Washington, DC, USA) Sharing US National Park Service Museum Resources<br \/>\nJoan Bacharach (Museum Management Program, US National Park Service, USA)<\/p>\n<p>Session Time<br \/>\nDay Wednesday Date 25th June<br \/>\nTime 9AM-1PM Room Life Cycle 108<\/p>\n<h3>Recent Research<\/h3>\n<p>Organized By<br \/>\nAndrew Warner, Nieves Ehrenberg (Department of Archaeology, Flinders University, Adelaide, South Australia) and Stephanie Ford (University of New Mexico)<\/p>\n<p>Session Details<br \/>\nThis session canvasses a wide range of recent approaches to archaeological research. The focus will be on innovation and substantive contributions to the discipline from any part of the world.<br \/>\nPresentations<br \/>\nCalendric Orientation At Town Creek Indian Mound, North Carolina<br \/>\nVance R. Tiede (MA (Archaeology)) and Gerald S. Hawkins (D. Sc. (Astronomy)) The Importance of Maya Spirituality in Every Day life, Past and Present<br \/>\nCalixta Gabriel (1a Calle 3-47, zona 2, San Jos\u00e9 Poaquil,Chimaltenango, Guatemala. C.A.)<br \/>\nEvolutionary Basis Of Hominid Cognition Development<br \/>\nAdam Chou Stonehenge: Archaeology and ancient knowledge<br \/>\nGerald S. Hawkins (D. Sc. (Astronomy)) and Vance R. Tiede (MA (Archaeology))<br \/>\nUse-Wear Analysis On A Bone Awl Assemblage From Khirokitia (Cyprus, VIIth Millenium Cal. B.C)<br \/>\nAlexandra Legrand (2 rue Adolphe Lalyre, 92400 Courbevoie, France) Contacts Between the Carpathian Basin and the Mediterranean in the Early Middle Ages<br \/>\nCsan\u00e1d B\u00e1lint<\/p>\n<p>Session Time<br \/>\nDay Thursday Date 26th June<br \/>\nTime 9-11AM Room Shahan 204<\/p>\n","protected":false},"excerpt":{"rendered":"<p>Convened By Various Theme Details Independent Sessions are sessions that are currently not part of a theme. Sessions Living Under The Shadow: The Archaeological, Cultural And Environmental Impact Of Volcanic Eruptions. Organized By John Grattan (UK) and Robin Torrence (Australia) Session Details Volcanic eruptions may have a diverse and occasionally devastating impact upon human cultures &#8230; <a title=\"Independent Sessions\" class=\"read-more\" href=\"https:\/\/worldarchaeologicalcongress.com\/wac5\/wac-5\/wac5-program\/independent-sessions\/\" aria-label=\"Read more about Independent Sessions\">Read more<\/a><\/p>\n","protected":false},"author":1,"featured_media":0,"parent":2159,"menu_order":0,"comment_status":"closed","ping_status":"open","template":"","meta":{"ngg_post_thumbnail":0,"footnotes":""},"class_list":["post-2184","page","type-page","status-publish"],"_links":{"self":[{"href":"https:\/\/worldarchaeologicalcongress.com\/wac5\/wp-json\/wp\/v2\/pages\/2184","targetHints":{"allow":["GET"]}}],"collection":[{"href":"https:\/\/worldarchaeologicalcongress.com\/wac5\/wp-json\/wp\/v2\/pages"}],"about":[{"href":"https:\/\/worldarchaeologicalcongress.com\/wac5\/wp-json\/wp\/v2\/types\/page"}],"author":[{"embeddable":true,"href":"https:\/\/worldarchaeologicalcongress.com\/wac5\/wp-json\/wp\/v2\/users\/1"}],"replies":[{"embeddable":true,"href":"https:\/\/worldarchaeologicalcongress.com\/wac5\/wp-json\/wp\/v2\/comments?post=2184"}],"version-history":[{"count":1,"href":"https:\/\/worldarchaeologicalcongress.com\/wac5\/wp-json\/wp\/v2\/pages\/2184\/revisions"}],"predecessor-version":[{"id":2779,"href":"https:\/\/worldarchaeologicalcongress.com\/wac5\/wp-json\/wp\/v2\/pages\/2184\/revisions\/2779"}],"up":[{"embeddable":true,"href":"https:\/\/worldarchaeologicalcongress.com\/wac5\/wp-json\/wp\/v2\/pages\/2159"}],"wp:attachment":[{"href":"https:\/\/worldarchaeologicalcongress.com\/wac5\/wp-json\/wp\/v2\/media?parent=2184"}],"curies":[{"name":"wp","href":"https:\/\/api.w.org\/{rel}","templated":true}]}}