{"id":2180,"date":"2015-05-26T22:45:50","date_gmt":"2015-05-26T22:45:50","guid":{"rendered":"http:\/\/landward.org\/wac\/?page_id=2180"},"modified":"2017-01-12T19:17:19","modified_gmt":"2017-01-12T19:17:19","slug":"global-perspectives","status":"publish","type":"page","link":"https:\/\/worldarchaeologicalcongress.com\/wac5\/wac-5\/wac5-program\/global-perspectives\/","title":{"rendered":"Global Perspectives"},"content":{"rendered":"<p>Convened By<br \/>\nAlice Gorman (Australia)<\/p>\n<p>Theme Details<br \/>\nThis theme presents global perspectives on a range of archaeological issues, such as lithics; technology, trade and exchange; traditional processing practices; and the construction of memory.<\/p>\n<h2>Sessions<\/h2>\n<h3>The Origins Of Social Complexity<\/h3>\n<p>Organized By<br \/>\nSawang Lertrit (Thailand)<\/p>\n<p>Session Details<br \/>\nOrganizers:<br \/>\nSawang Lertrit<br \/>\nDepartment of Archaeology<br \/>\nSilpakorn University<br \/>\nBangkok 10200<br \/>\nThailand<br \/>\nlertritsawang@hotmail.com<br \/>\nPresentations<br \/>\nThe Chicken And The Egg Revisited: Maya Statecraft And Pan-Mesoamerican Complexity<br \/>\nWilliam A. Saturno Were Early States in Southeast Asia Primary or Secondary States? A View from Recent Archaeological Research in Central Thailand<br \/>\nSawang Lertrit (Department of Archaeology, Silpakorn University, Bangkok 10200, Thailand)<br \/>\nUrban Centers And The Development Of Empire In Central Asia<br \/>\nJ. Daniel Rogers (Department of Anthropology, Smithsonian Institution, USA), Erdenebat Ulambayar (Center for Archaeology, Institute of Mongolian History) and Mathew Gallon (Department of Anthropology,Smithsonian Institution, USA)<\/p>\n<p>Session Time<br \/>\nDay Sunday Date 22nd June<br \/>\nTime 9-11AM Room Hannan 132<\/p>\n<h3>Lithic Studies Around The World: Different Views Of The Human Past Through Stone Tool Analysis<\/h3>\n<p>Organized By<br \/>\nPierre Desrosiers (Avataq Cultural Institute and Universit\u00e9 Sorbonne, France)<\/p>\n<p>Session Details<br \/>\nAs stated by numerous archaeologists, our knowledge of the major part of the history of humanity depends mainly on lithic studies since it is often the only remains of past human activities. Thus, this session emphasises recent developments in lithic studies all around the world with the objective to share different experiences, visions and specific regional difficulties or success in the understanding of prehistoric behaviour through the study of lithic productions. Raw material procurement strategies, technology, typology, spatial analysis are used to appreciate the peopling of the world from the circumpolar north to southern hemisphere and from Africa to America passing through Asia.<\/p>\n<p>Proposed schedule:<\/p>\n<p>9h15- Introduction<br \/>\n9h20- Dorset Lithic Technology: Some Examples from Nunavik, Eastern Arctic Pierre M. Desrosiers (Avataq Cultural Institute-Universit\u00e9 Sorbonne)<br \/>\n9h40- Tales from a Blue Scorpion Robert A. Rowe (Aztlan Archaeology, Inc.)<br \/>\n10h00- Reconstruction of settlement structure: Multivariate analysis of lithic material Vyacheslav Moiseyev (Museum of Anthropology and Ethnography of Peter the First)<br \/>\n10h20- Prehistoric obsidian mining in the central Highlands of Japan: archaeological investigations at the Takayama sites Shimada Kazutaka and Sasaki Ken&#8217;ichi<br \/>\n10h40- The Identity Crisis of the Soanian: To be or not to be? Parth R. Chauhan (University of Sheffield)<\/p>\n<p>11.00-11.20: Morning tea<\/p>\n<p>11h30- A study of the heavy-duty tool component from the Mesolithic industries of Orissa highlands, India Pradeep K. Behera (Sambalpur University)<br \/>\n11h50- Vertical Nomadism a Firm Adaptation in Central Zagros<br \/>\n(Lithic artifacts &amp; site interpretation in Central Zagros based on Contemporary Nomadism Patterns) Emran Garazhian and Leila Papoli Yazdi (Tehran University)<br \/>\n12h10 Microlith Typology and Technology of the Upper and Epi-Paleolithic Jordan Maysoon Al-Nahar (University of Jordan)<\/p>\n<p>12h30-2h00 Lunch<\/p>\n<p>4h00- The indigenous arrivals and the first people Ferdinand William Bekoe Akuffo A. Zyambo (University of Zambia)<br \/>\n4h20- The Early Acheulean of Africa with Pick: A case study at KGA4 A2 assemblage Konso-Gardula, (Ethiopia) Yohannes Zeleke<br \/>\n4h40- Archaeology as Palaeo-Ethnography Eleanor Crosby<br \/>\n5h00- Viking age flint use Bo Knarrstr\u00f6m<br \/>\n5h20- Technology as a Social Science: a North African Example Noura Rahmani (Avataq Cultural Institute-Universit\u00e9 Bordeaux 1) and Pierre M. Desrosiers (Avataq Cultural Institute-Universit\u00e9 Sorbonne)<br \/>\n5h40- Discussion<br \/>\nPresentations<br \/>\nDorset Lithic Technology: Some Examples From Nunavik, Eastern Arctic<br \/>\nPierre M. Desrosiers (Avataq Cultural Institute, Universit\u00e9 Paris I, Sorbonne, France) Reconstruction of settlement structure: Multivariate analysis of lithic material<br \/>\nVyacheslav Moiseyev (Museum of Anthropology and Ethnography of Peter the First, Universitetskaya Emb. 3, Saint-Petersburg, 199034, Russia)<br \/>\nMicrolith Typology And Technology Of The Upper And Epi-Paleolithic, Jordan<br \/>\nMaysoon Al-Nahar (Department of Archaeology, University of Jordan, Amman, Jordan) Prehistoric obsidian mining in the central Highlands of Japan: archaeological investigations at the Takayama sites<br \/>\nShimada Kazutaka (Assistant Curator, Archaeological Museum, Meiji University, Japan) and Sasaki Ken&#8217;ichi (Associate Professor, Archaeology, Meiji University, Japan)<br \/>\nA Study Of The Heavy-duty Tool Component From The Mesolithic Industries Of Orissa Highlands, India<br \/>\nPradeep K. Behera (P.G. Department of History, Sambalpur University, Jyoti Vihar \u2013 768019, Burla, Orissa, India) Technology as a Social Science: a North African Example<br \/>\nNoura Rahmani (Universit\u00e9 Bordeaux I, France) and Pierre M. Desrosiers (Avataq Cultural Institute, Universit\u00e9 Paris I, Sorbonne, France)<br \/>\nThe Identity Crisis Of The Soanian: To Be Or Not To Be?<br \/>\nParth R. Chauhan (Department of Archaeology &amp; Prehistory, University of Sheffield, Sheffield S1 4ET, U.K) The Early Acheulean of Africa with Pick: A case study at KGA4 A2 assemblage Konso-Gardula (Ethiopia)<br \/>\nYohannes Zeleke<br \/>\nVertical Nomadism A Firm Adaptation In Central Zagros (Lithic Artifacts &amp; Site Interpretation In Central Zagros Based On Contemporary Nomadism Patterns)<br \/>\nEmran Garazhian and Leila Papoli Yazdi (Prehistoric Archaeology, Tehran University) Tales from a Blue Scorpion<br \/>\nRobert A. Rowe (TRC-Denver, USA)<br \/>\nThe Indigenous Arrivals And The First People<br \/>\nFerdinand William Bekoe Akuffo and A. Zyambo (Department of Development Studies, The University of Zambia, P.O. Box 35296, Lusaka, Zambia)<br \/>\nA New Approach to Classification as a Tool for Understanding the Past<br \/>\nEleanor Crosby (Turnix Pty Ltd, Nerang Queensland Australia)<br \/>\nViking Age Flint Use<br \/>\nBo Knarrstr\u00f6m (National Heritage Board, Sweden)<\/p>\n<p>Session Time<br \/>\nDay Wednesday Date 25th June<br \/>\nTime 9AM-1PM &amp; 4-6PM Room Hannan 132<\/p>\n<h3>Cultural Spaces: Houses, Habitations And Communities<\/h3>\n<p>Organized By<br \/>\nSeong Hyun Park (USA)<\/p>\n<p>Session Details<br \/>\n&#8211;<\/p>\n<p>Presentations<br \/>\nReconstruction Of Dwelling From The Upper Paleolithic Settlement Of Pushkari I<br \/>\nValentina Belyaeva (Russia) Sacred and Profane Space in Archaeological Record<br \/>\nMagdalena Krutova (Institute of Archaeology Prague, Czech republic)<br \/>\nEarly Iron Age Houses In Israel &#8211; An Analysis Of Spatial Configuration<br \/>\nSeong Hyun Park (Department of Near Eastern Languages &amp; Civilizations, Harvard University, USA) Palaeoentomological studies from North Atlantic sites<br \/>\nEva Panagiotakopulu (Dept of Archaeology and Prehistory, University of Sheffield, Northgate House, West St, Sheffield S1 4ET, UK)<br \/>\nRe-evaluation Of The Fortaleza, Ollantaytambo, Peru<br \/>\nJ.L. Hollowell (Independent Scholar, Hockessin, Delaware 19707, USA) Investigation into the Settlement Stratigraphy of Vin_a Culture: Layers, memories and continuities<br \/>\nBoban Tripkovi (Faculty of Philosophy, Department of Archaeology, _ika Ljubina 18-20, 11 000 Belgrade, Yugoslavia)<\/p>\n<p>Conservation Of Superpose Archaeological Areas Hippodrome, Great Palace &amp; Sultan Ahmet Complex In Istanbul<br \/>\nAyse Gulcin Kucukkaya (University of Trakya, Faculty of Architecture &amp; Eng., Dept. Of Restoration, Edirne TURKEY)<\/p>\n<p>Archaeogenetics and the Transition to farming in Southeast Europe<br \/>\nMihael Budja (Department of Archaeology, University of Ljubljana, Askerceva 2, 1000 Ljubljana, Slovenia)<br \/>\nA Roman Diagonal Road In The Territory Of Aquincum In Budapest: Protecting The Archaeological Heritage<br \/>\nOrsolya T. L\u00e1ng (Aquincum Museum, Z\u00e1hony Street 4, H-1031 Budapest, Hungary)<\/p>\n<p>Session Time<br \/>\nDay Monday Date 23rd June<br \/>\nTime 11.30AM-1PM &amp; 4-6PM Room Hannan 132<\/p>\n<h3>Materials In The Making: Social Perspectives On Traditional Manufacturing Processes<\/h3>\n<p>Organized By<br \/>\nRandi H\u00e5land (Norway)<\/p>\n<p>Session Details<br \/>\n&#8211;<br \/>\nPresentations<br \/>\nPersistence For Two Millennia Of Toxic Elements Released By Roman Metallurgical Industry, Extremadura, Spain<br \/>\nCathy M. Ager (U.S. Geological Survey, MS 973, Denver, CO 80225) and Robert G. Schmidt (U.S. Geological Survey, MS 954, Reston, VA 20192, and Department of Anthropology, National Museum of Natural History, Smithsonian Institution, Washington, D.C) Copper in pre-urban societies of the Middle East and Northeast Africa<br \/>\nNils Anfinset (Department of Archaeology, University of Bergen, Norway)<br \/>\nFolk Medicine<br \/>\nAditi Sen Chowdhury Iron in the making: European Iron Working seen in a cross-Cultural Perspective<br \/>\nRandi H\u00e5land (Joachim Frielesgt. 1, Department of Archaeology, University of Bergen, Norway)<br \/>\nConstruction Practices, Wear Patterns And Replication Of Prehistoric Footwear From The North American Midwest And Midsouth<br \/>\nJenna Tedrick Kuttruff, Marie S. Standifer, Carl Kuttruff and Sandra G. DeHart (Louisiana State University, Baton Rouge, Louisiana, USA) Shell as a Construction Material in North and South America<br \/>\nVirgil Roy Beasley III (Department of Anthropology, Northwestern University, 1810 Hinman Ave, Evanston, IL, USA)<br \/>\nChanging Patterns, Changing Processes: An Analysis Of The Dynamics Of Roman Trade And Exchange In The Eastern Mediterranean, Based On The Amphorae From Cyprus<br \/>\nAnthi Kaldelis (The Institute of Archaeology, University College London, 31-34 Gordon Square, London, UK)<\/p>\n<p>Session Time<br \/>\nDay Sunday Date 22nd June<br \/>\nTime 4-6PM Room Hannan 132<\/p>\n<h3>Representing The Past: Archaeology, Identity And The Construction Of Memory<\/h3>\n<p>Organized By<br \/>\nAstrid Lindenlauf (Greece)<\/p>\n<p>Session Details<br \/>\n&#8211;<\/p>\n<p>Presentations<br \/>\nArchaeological Exhibits In The Museum: Creating A Sense Of The Past<br \/>\nPamela G. Faylona (University Research Associate, Archaeological Studies Program, University of the Philippines, Diliman, Quezon City) Constructing the Memory of the Persian Wars in Athens<br \/>\nAstrid Lindenlauf (German Archaeological Institute, Fidiou 1, GR-10678 Athens)<br \/>\nRed Cloud&#8217;s Manikin And His Uncle&#8217;s Shirt : Historical Representation In The Museum As Seen Through Photo Analysis<br \/>\nJoanna Cohan Scherer and Vicki Simon (Smithsonian Institution, USA) Physical Anthropology and Archaeology in Popular Literature and Television<br \/>\nHeather Gill-Robinson (Department of Anthropology, University of Manitoba, Winnipeg, Manitoba R3T 5V5, Canada)<br \/>\nArchaeology After Freud: A Psychological Study Of Archaeology&#8217;s Role In The Construction Of Large Group Identity<br \/>\nIan Russell (Trinity College, Dublin, Ireland) \u2018He&#8217;s Not Macedonian\u2019: The Shifting Identity of Philip of Macedon<br \/>\nEmma Bate (Indiana University, Student Building 130, Bloomington, IN, USA)<br \/>\nAn Imaginary Community &#8211; Burials Of Former Russian Immigrants In Israel<br \/>\nTalia Shay (The college of Judea and Samaria, Ariel, Israel) Archaeology, Society and National Identity; The Case Study: Tabriz in Southern Azerbaijan<br \/>\nBahram Adjerloo (NAZAR Institute, No23 Dr. Gharib, Tehran, Iran)<br \/>\n(Pre)history, Identity And Construction Of The Past. The Experience Of Early Americanist Archaeology<br \/>\nJavier Nastri (University of Buenos Aires, Argentina)<\/p>\n<p>Session Time<br \/>\nDay Monday Date 23rd June<br \/>\nTime 9AM-1PM Room Life Cycle 108<\/p>\n<h3>Ethnoarchaeology: Contributions And Developments<\/h3>\n<p>Organized By<br \/>\nMari Carmen Serra Puche (Mexico) and Carmen Arellano (Peru)<\/p>\n<p>Session Details<br \/>\nThis session will explore the development of this discipline in the past decade, and the contribution to research and interpretation of indigenous cultures. It also aims to fill the historical gap in the data that has been pointed out as a pitfall. Work with indigenous people is part of the mainstream in ethnoarchaeological fieldwork, and this session will bring together both the experience of practitioners and the impact ethnoarchaeology has among indigenous people.<br \/>\nPresentations<br \/>\nWhat To Make Of It All? The Archaeological Collections Of The National Museum Of The American Indian<br \/>\nPatricia L. Nietfeld, Ph.D. (Collections Manager, National Museum of the American Indian, Smithsonian Institution, USA) The Practice of Ethnoarchaeology in Cameroon: A Case Study of The Prescraft Centre in Bali-Nyonga<br \/>\nIsaac Akenji Ndambi (Dept Of History, Faculty Of Arts, University Of Buea, P.O.Box 63 Buea, S.W.P, Cameroon, Africa)<br \/>\nWitchcraft Containment And Settlement Locations In Traditional Cameroon: A Case Study Of The Bangsi<br \/>\nTalla Richard Tanto (Department of History, University of Buea, P.O. Box 63, Buea, Republic of Cameroon) Ethno-archaeological reconnaissance of Ijebu-Igbo land (Ogun State, Nigeria)<br \/>\nAfosi A. Alex (Department of Archaeology, University of Ibadan, Nigeria)<br \/>\n\u201cSalaga, A Town Of 1000 Wells&#8221;: Archaeological, Ethnohistorical And Ethnographic Findings<br \/>\nJohn Ako Okoro (Department of Archaeology, University of Ghana, Legon, Accra, Ghana) Traditional Soap Production and Ashmound Archaeology in Yorubaland (Odo-Owa,Kwara State in Nigeria)<br \/>\nFoster-Aileru (Department of Archaeology, University of Ibadan, Nigeria)<br \/>\nThe Building And Maintenance Of Public Structures As Social Construction: A Case Study For An Andean Ethnoarchaeology<br \/>\nGary Urton Indigenous Technology: Techniques Of Calabash Carving In Oyo, Nigeria<br \/>\nAyase Friday John (Dept of Archaeology\/Anthroplogy University of Ibadan, Ibadan, Nigeria)<br \/>\nFrom Archaeology To History: An Emerging Innu Perspective On The Past.<br \/>\nAnthony Jenkinson (Tshikapisk Foundation, Sheshatshit, Labrador), Richard Nuna (Innu Nation Environment, Sheshatshit, Labrador) and Stephen Loring (Smithsonian Institution) Essay on the provincial Incas from the ethnoarchaeological perspective<br \/>\nRamiro Matos (National Museum of the American Indian, Smithsonian Institution, 4220 Silver Hill Road, Suitland, MD, USA)<br \/>\nLes Communaut\u00e9s Locales Et Le Travail Des Arch\u00e9ologues, Une Discussion De M\u00e9thode<br \/>\nErnesto Montenegro (Candidat au Doctorat d\u2019Arch\u00e9ologie \u00e0 l\u2019Universit\u00e9 de Paris I. Panth\u00e9on Sorbonne)<\/p>\n<p>Session Time<br \/>\nDay Thursday Date 26th June<br \/>\nTime 9-11am Room Hannan 132<\/p>\n","protected":false},"excerpt":{"rendered":"<p>Convened By Alice Gorman (Australia) Theme Details This theme presents global perspectives on a range of archaeological issues, such as lithics; technology, trade and exchange; traditional processing practices; and the construction of memory. Sessions The Origins Of Social Complexity Organized By Sawang Lertrit (Thailand) Session Details Organizers: Sawang Lertrit Department of Archaeology Silpakorn University Bangkok &#8230; <a title=\"Global Perspectives\" class=\"read-more\" href=\"https:\/\/worldarchaeologicalcongress.com\/wac5\/wac-5\/wac5-program\/global-perspectives\/\" aria-label=\"Read more about Global Perspectives\">Read more<\/a><\/p>\n","protected":false},"author":1,"featured_media":0,"parent":2159,"menu_order":0,"comment_status":"closed","ping_status":"open","template":"","meta":{"ngg_post_thumbnail":0,"footnotes":""},"class_list":["post-2180","page","type-page","status-publish"],"_links":{"self":[{"href":"https:\/\/worldarchaeologicalcongress.com\/wac5\/wp-json\/wp\/v2\/pages\/2180","targetHints":{"allow":["GET"]}}],"collection":[{"href":"https:\/\/worldarchaeologicalcongress.com\/wac5\/wp-json\/wp\/v2\/pages"}],"about":[{"href":"https:\/\/worldarchaeologicalcongress.com\/wac5\/wp-json\/wp\/v2\/types\/page"}],"author":[{"embeddable":true,"href":"https:\/\/worldarchaeologicalcongress.com\/wac5\/wp-json\/wp\/v2\/users\/1"}],"replies":[{"embeddable":true,"href":"https:\/\/worldarchaeologicalcongress.com\/wac5\/wp-json\/wp\/v2\/comments?post=2180"}],"version-history":[{"count":1,"href":"https:\/\/worldarchaeologicalcongress.com\/wac5\/wp-json\/wp\/v2\/pages\/2180\/revisions"}],"predecessor-version":[{"id":2777,"href":"https:\/\/worldarchaeologicalcongress.com\/wac5\/wp-json\/wp\/v2\/pages\/2180\/revisions\/2777"}],"up":[{"embeddable":true,"href":"https:\/\/worldarchaeologicalcongress.com\/wac5\/wp-json\/wp\/v2\/pages\/2159"}],"wp:attachment":[{"href":"https:\/\/worldarchaeologicalcongress.com\/wac5\/wp-json\/wp\/v2\/media?parent=2180"}],"curies":[{"name":"wp","href":"https:\/\/api.w.org\/{rel}","templated":true}]}}