{"id":2170,"date":"2015-05-26T22:26:00","date_gmt":"2015-05-26T22:26:00","guid":{"rendered":"http:\/\/landward.org\/wac\/?page_id=2170"},"modified":"2017-01-12T19:17:19","modified_gmt":"2017-01-12T19:17:19","slug":"art-and-symbolism","status":"publish","type":"page","link":"https:\/\/worldarchaeologicalcongress.com\/wac5\/wac-5\/wac5-program\/art-and-symbolism\/","title":{"rendered":"Art And Symbolism"},"content":{"rendered":"<p>Convened By<br \/>\nSally May (Australia), In\u00e9s Domingo Sanz (Spain) and Iddir Amara (France)<\/p>\n<p>Theme Details<br \/>\nThis theme explores the many ways in which human beings construct their social identities through art and associated symbolism. The sessions focus on a wide range of representational forms, including rock art, figurines, body art, contemporary paintings and other artefacts.<\/p>\n<h2>Sessions<\/h2>\n<h3>The Politics Of Representation: Iconography And Design<\/h3>\n<p>Organized By<br \/>\nChristopher Slogar (USA) and Flora Vilches (USA)<\/p>\n<p>Session Details<br \/>\nOrganized by Christopher Slogar (slogar@wam.umd.edu) and Flora Vilches (fvilches@wam.umd.edu)<\/p>\n<p>Figurative images representing human beings, supernatural beings, animals, plants, and inanimate objects have long been vital to understanding creativity and the construction of history. This session explores the relationships between people and mimetic objects, and the ways in which archaeology has shed light upon and created these relationships. Representational objects, be they cast, carved, molded, woven, incised, or painted, were never without meaning, having been created to further specific agendas-whether personal, political, spiritual, and\/or economic in nature. How do iconography and design reflect-or affect-these motives? How is knowledge transmitted through objects, and how is it concealed? What, exactly, constitutes a &#8220;representation&#8221; (perhaps in terms of naturalism\/abstraction) and what does this tell us about society? How are changing iconographies and the &#8220;evolution&#8221; of design related to social change? What are the motives for, and consequences of, instances of anti-representation (i.e. iconoclasm)?<\/p>\n<p>Furthermore, the politics of representation is not limited to images and their own specific historical contexts, but must also deal with interpreters&#8217; methods of ascribing meaning to those objects. Concerning the practice of archaeology (or art history or anthropology) and the construction of history-our &#8220;re-presentation&#8221; of the past-what factors are involved in the interpretation of representational images from archaeological contexts, i.e. what bearing does contemporary politics have on the interpretation of the past? For example, early in the twentieth century, the German Leo Frobenius claimed to have found relics of a lost Greek colony in the Nigerian city of Ile-Ife, because the naturalistically modeled brass heads he saw there surpassed European expectations of African achievement. Thus, how have &#8220;wrong&#8221; interpretations of all kinds-from innocent inaccuracies to outright forgeries-affected our understanding of the past and influenced our relationships with present-day peoples? What can be done to avoid such mistakes in the future?<\/p>\n<p>International perspectives on these issues are sought, and papers that critically address the past, and its relationship to the present, are encouraged.<\/p>\n<p>Presentations<br \/>\nIconographies And Ideologies: The Example Of The Mesopotamian And Indo-European Worlds<br \/>\nPaul-Louis van Berg (Universit\u00e9 Libre de Bruxelles) Group Identity, Individual Creativity and Symbolic Generation in a BaKongo Diaspora<br \/>\nChristopher Fennell (Department of Anthropology, University of Virginia)<br \/>\nFremont Figurines: Communication And Corporality<br \/>\nAdam Fish (Graduate School of Architecture, Planning and Preservation, Columbia University, 21223 Marine View Drive, Seattle WA 98166 USA) Relational Visions: Objects, People and Places in NW Argentina During the 1st Millennium AD<br \/>\nMarisa Lazzari (Department of Anthropology, Columbia University)<br \/>\nFigurative Representation And The Politics Of Display In Prehistoric South-East Italy<br \/>\nRobin Skeates (Department of Archaeology, University of Durham)<\/p>\n<p>Session Time<br \/>\nDay Sunday Date 22nd June<br \/>\nTime 4-6PM Room McMahon 209<\/p>\n<h3>Caribbean Rock Art &#8211; Conservation And Preservation, Individual And Institutional Perspectives<\/h3>\n<p>Organized By<br \/>\nMichele H. Hayward (USA) and Lesley-Gail Atkinson (Jamaica)<\/p>\n<p>Session Details<br \/>\nOrganizers:<br \/>\nMichele H. Hayward, Ph.D, RPA,<br \/>\nPanamerican Consultants, Inc.<br \/>\n2390 Clinton Street<br \/>\nBuffalo, New York 14227<br \/>\nPhone: 716 821-1650<br \/>\nFax: 716 821-1607<br \/>\nEmail: mhayward@panamconsultants.com<br \/>\nLesley-Gail Atkinson<br \/>\n49 Aqualita Vale Avenue<br \/>\nKingston, Jamaica<br \/>\nPhone: 876 925-0163<br \/>\nFax: 876 967-8072<br \/>\nEmail: lesleygail_at@hotmail.com<br \/>\nSession Rationale:<br \/>\nRock art is widely distributed among the Caribbean islands as well as the adjacent mainland. Individual and institutional conservation efforts are less well known and represent a range of approaches modified by the local political, economic and social context. Participants from different regions will discuss their personal or governmental efforts at rock art preservation, including the number, types and locations of, public attitudes towards, and motivations (academic advancement or as part of museum conservation goals) for the conservation of, rock art. To enrich the session content, a rock art preservation specialist will be in attendance. Knowledge about the status and current methods of rock art conservation is a critical component to their further study and preservation.<\/p>\n<p>Session Participants:<\/p>\n<p>Michele H. Hayward, Ph.D., RPA<br \/>\nDr. Hayward has recently been involved in the documentation and study of rock art on Puerto Rico and the Virgin Islands. Her efforts include junior authorship of the book, Puerto Rican Rock Art: A Resource Guide 1999, and co-authorship of National Register of Historic Places Thematic and Individual rock art site nominations. Dr. Hayward will be able to provide detailed information on the status of rock art on these islands, in addition to the United States governmental attitudes towards their preservation.<\/p>\n<p>Michael A. Cinquino, Ph.D. RPA<br \/>\nDr. Cinquino possesses a number of years of experience in Puerto Rican rock art research, including junior authorship of the aforementioned resource guide book and National Register of Historic Places rock art nomination forms. He also served as the State Archaeologist in the Puerto Rican State Historic Preservation Office and will be able to address local governmental attitudes towards rock art conservation.<\/p>\n<p>Johannes Loubser, Ph.D., RPA<br \/>\nDr. Loubser involvement in rock art conservation includes presentation of background information on rock art site management and preservation measures for a rock art conservation workshop at the Denver 2002 Society of American Archaeology meetings. He has also designed preservation procedures for various clients. Dr. Loubser is well- qualified to serve as a resource person for the session.<\/p>\n<p>Peter G. Roe, Ph.D.<br \/>\nDr. Roe, Professor of Anthropology at the University of Delaware, has been researching rock art sites on Puerto Rico for several years. He has promoted their conservation through documentation, publication of articles on their interpretation, and the training of graduate-level students. Dr. Roe will be able to comment on his individual efforts, and local attitudes towards rock art conservation.<\/p>\n<p>Jay Haviser, Ph.D.<br \/>\nDr. Haviser possess varied research experience in the Caribbean, especially the Netherlands Antilles. His membership in the Caribbean Museum Association will allow him to address not only the status of rock art on Curacao and Bonaire, but the local and institutional attitudes towards preservation.<\/p>\n<p>Lesley-Gail Atkinson<br \/>\nMs. Atkinson&#8217;s rock art research involves sites on Jamaica. She will be to provide information on the condition of, and attitudes toward, rock art on this Caribbean island.<\/p>\n<p>Arminda Ruiz<br \/>\nMs. Ruiz and\/or other representatives from the Archaeological Museum of Aruba are particularly interested in attending, since the Museum intends to increase their efforts for the conservation and study of Aruban rock art.<\/p>\n<p>Information concerning the session has also been sent to researchers on the French Caribbean islands, Santo Domingo, Cuba and Venezuela. Dr. Hayward hopes that individuals from these islands may yet participate, particularly after posting of the session.<\/p>\n<p>Session Format:<br \/>\nForum\/Workshop<br \/>\nWith the exception of Dr. Loubser, each participant is expected to prepare data on the status of rock art in his or her area reflecting his or her experiences involving one or more of following topics: the number, location, extent of documentation and physical condition of sites, existing or planned agency\/governmental\/museum conservation programs, and local attitudes towards, or preservation efforts of, rock art sites. The information should be prepared in a paper or writtenformat (page length variable), from which a 5 to 10 minute abstract is to be presented at the workshop. Discussion can then proceed from this baseline data among the participants, resource person, and audience involving methods to improve existing or to begin implementing rock art preservation measures which are tailored to local conditions.<br \/>\nPresentations<br \/>\nRock Art Site Management And The US Federal Government In The Caribbean<br \/>\nMichael A. Cinquino The Status and Preservation of Jamaican Cave Art<br \/>\nLesley-Gail Atkinson<br \/>\nRock Art Site Management Principals<br \/>\nJohannes Loubser Rocks of Ages: Petroglyphs, Pictographs and Identity in Ancient Puerto Rico<br \/>\nPeter Roe<br \/>\nThe Status Of Rock Art Sites On Puerto Rico And The U.S. Virgin Islands<br \/>\nMichele H. Hayward Collaboration and education: The preservation and management of pictographs and petroglyph sites in Aruba<br \/>\nArminda Ruiz<\/p>\n<p>Session Time<br \/>\nDay Monday Date 23rd June<br \/>\nTime 4-6PM Room McMahon 209<\/p>\n<h3>Rock Art: Meanings Then And Meanings Now<\/h3>\n<p>Organized By<br \/>\nBenjamin Smith (South Africa), Andrej Rozwadowski (Poland) and Christopher Chippendale (UK)<\/p>\n<p>Session Details<br \/>\nOrganizers:<br \/>\nBenjamin Smith<br \/>\nRock Art Research Institute, University of theWitwatersrand, South Africa<\/p>\n<p>Andrzej Rozwadowski<br \/>\nEastern Studies Institute, Adam Mickiewicz University, Poland<\/p>\n<p>Christopher Chippindale<br \/>\nCambridgeUniversity Museum of Archaeology &amp; Anthropology, England<\/p>\n<p>Rock-art is a special kind of ancient evidence because it is a direct recordmade by ancient people of their own world as they saw it, experienced it andknew it to be. At the heart of rock-art studies then, alongside the routinearchaeological interests in chronology and form, are questions of meaning.<\/p>\n<p>What did the art mean, to the people who made it, to the society in its own time and place? What archaeological methods can reach that meaning? Mostly, we have used a mixture of informed methods, those that benefit from direct knowledge, ethnohistory or ethnography to gain insight into original meaning, and of formal methods, those that instead work from the information encoded in the images themselves and from their archaeological context. What are these informed and formal methods, how can they be advanced, strengthened and improved?<\/p>\n<p>Rock-art, once made and enduring on the rock-surfaces, offers for the same reasons direct and vivid messages from the past in the present today. What meanings does rock-art take on in the world today? How do those meanings relate to the meanings it held for the ancient people who made the images? Do modern meanings preserve and perpetuate ancient meanings? Should they?<\/p>\n<p>Contact:<br \/>\nBenjamin Smith<br \/>\nDirector, Rock Art Research Institute<br \/>\nActing Head, Archaeology Division of the<br \/>\nSchool of Geography, Archaeology and Environmental Studies<br \/>\nUniversity of the Witwatersrand<br \/>\nPrivate Bag 3, P.O. Wits 2050<br \/>\nGauteng, South Africa.<br \/>\nTel: SA 11 717 6044<br \/>\nFax: SA 11 339 1620<\/p>\n<p>Presentations<br \/>\nThe Significance Of Space And Discourse For The Meaning Of Rock Art &#8211; A Namibian Example<br \/>\nTilman Lenssen-Erz (Heinrich-Barth-Institut, Universitaet Koeln, Jennerstr. 8, D-50823 Koeln) Nouveaux documents rupestres in\u00e9dits de l\u2019Oued Aguennar (Ahaggar, Alg\u00e9rie)<br \/>\nIddir Amara (Docteur en Pr\u00e9histoire, Anthropologie et Ethnologie, Charg\u00e9 de Recherche au CNERPAH (ex. CRAPE, Alger, Alg\u00e9rie)), Mohand Hamoudi (Attach\u00e9 d\u2019\u00e9tude au CNERPAH et Conservateur au Parc National de l\u2019Ahaggar, Alg\u00e9rie) and Djedjiga Medouni (Conservatrice au Parc National de l\u2019Ahaggar, Alg\u00e9rie)<br \/>\nThe Depiction Of Animals In Indigenous Australian Rock Art<br \/>\nRussell Clark (Department of Archaeology, Flinders University, GPO Box 2100, Adelaide, SA, 5001, Australia) Challenges for Rock Art Conservation in Southern Africa: Traditional use of sites in Mozambique<br \/>\nAndrew P.R. Salomon (Rock Art Research Institute, University of the Witwatersrand, Johannesburg, South Africa)<br \/>\nNew Light On The Rock Art Of The Anti-Atlas (Morocco)<br \/>\nRenate Heckendorf (B \u00fcrgerweide 80, D-20535 Hamburg, Germany) Rock Art Of Tocantins &#8211; Brazil<br \/>\nJ\u00falia Cristina Berra (Rua Bartira 1052 apt. 35, S\u00e3o Paulo SP Brazil)<br \/>\nArt And Tradition: Changing Context Of The Meaning Of Central Asian Rock Art<br \/>\nAndrzej Rozwadowski (Eastern Studies Institute, Adam Mickiewicz,University, Poland) Where and who ? Some questions about Rock Art in Island South East Asia<br \/>\nJean-michel Chazine (Maison ASIE-PACIFIQUE\/CREDO, Campus St Charles-Universit\u00e9 de Provence, Marseille, France)<br \/>\nThe Significance Of Space And Discourse For The Meaning Of Rock Art &#8211; A Namibian Example<br \/>\nTilman Lenssen-Erz (Heinrich-Barth-Institut, Universitaet Koeln, Jennerstr. 8, D-50823 Koeln) Technological Aspects of Art from Bastar, Chhattisgarh (India)<br \/>\nArun Kumar (Dept. of Anthropology, Ravi Shankar University, Raipur, Chhattisgarh, India)<br \/>\nLes Repr\u00e9sentations \u2018sexuelles\u2019 Dans L\u2019art Rupestre Saharien<br \/>\nIddir Amara (Docteur en Pr\u00e9histoire, Anthropologie et Ethnologie, Charg\u00e9 de Recherche au CNERPAH, ex. CRAPE, Alger, Alg\u00e9rie)<\/p>\n<p>Session Time<br \/>\nDay Sunday Date 22nd June<br \/>\nTime 9AM-1PM Room McMahon 209<\/p>\n<h3>The Politics Of Representation 2: Iconography And Agency<\/h3>\n<p>Organized By<br \/>\nAnita G. Cook (USA) and Emily Kaplan (USA)<\/p>\n<p>Session Details<br \/>\n&#8211;<\/p>\n<p>Presentations<br \/>\nThe Art Of Empire In The Andes: A Comparison Of Inca And Huari Ceramic Drinking Assemblages And Iconography<br \/>\nAnita G. Cook (Associate Professor, The Catholic University of America, Department of Anthropology, Washington DC, USA) and Tamara L. Bray (Associate Professor, Wayne State University, Department of Anthropology, Detroit, USA) Andean Ceremonial Drinking Cups: Representation, Materials and Technology Over Time<br \/>\nEmily Kaplan (Conservation Department, Smithsonian National Museum of the American Indian, Cultural Resources Center, Suitland, MD, USA) and Catherine J. Allen (Department of Anthropology, George Washington University, Washington, D.C., USA)<br \/>\nThe Thracians \u2013 Iconography And Imagery<br \/>\nValeriu Sirbu (President of Funerary Archaeology Studies Association, XXXth Commission of the International Union of Prehistoric and Protohistoric Sciences, Museum of Braila; 3, Place Traian, 6100 &#8211; Braila, ROMANIA)<br \/>\nBody painting in action. The creation of social divisions through ceremonial image making and display in Tierra del Fuego<br \/>\nD\u00e1nae Fiore (Postdoctoral fellow, CONICET-AIA-UBA, National Council of Scientific and Technological Research, Asociaci\u00f3n de Investigaciones Antropol\u00f3gicas, Universidad de Buenos Aires)<br \/>\nA Sacred Maya Place: Rock Art, Rituals And Hunting At La Casa De Las Golondrinas, Guatemala<br \/>\nEugenia Robinson (Montgomery College)<br \/>\nImages of Power: Representation in Early Egypt<br \/>\nKathryn Piquette (MPhil\/PhD Egyptology, Institute of Archaeology, University College London)<br \/>\nThe Wessex Master Goldsmith: His Work And Its Implications<br \/>\nJoan J. Taylor (John Rankin Reader in Prehistoric Archaeology, Hartley Building-SACOS, University of Liverpool, Brownlow Street, Liverpool, UK) Ecuador, One with the Sun and the Moon: the Meaning of Gold- Platinum and Gold-Silver Work in Ancient America<br \/>\nPaulina Ledergerber-Crespo (Research Associate, NHB-112, P.O.Box 37012, Anthropology Department, Washington, D.C., USA)<\/p>\n<p>Maya Clothing And Maya Archaeology<br \/>\nEL TEJIDO MAYA DE HOY Y SU RELACION CON LA ARQUEOLOG\u00cdA<br \/>\nBlanca Estela Alvarado<br \/>\nSession Time<br \/>\nDay Thursday Date 26th June<br \/>\nTime 9AM-1PM Room McMahon 209<\/p>\n<h3>Symbolising Identity And Ritual Process<\/h3>\n<p>Organized By<br \/>\nVladimir Ionesov (Russia)<\/p>\n<p>Session Details<br \/>\n&#8211;<\/p>\n<p>Presentations<br \/>\nCenotaphs As Symbolic Complexes<br \/>\nVladimir Ionesov (Samara Society for Cultural Studies, Samara, Russia)<br \/>\nNew-comers in Romania belonging to the tumular ochre burials and their interrelations with the local populations<br \/>\nAlexandra Comsa (The Romanian Institute of Thracology,1st. Schitu Magureanu Str. 2nd Floor, sector 5, Bucharest, Romania)<br \/>\nEarly Indian Objects Of Art And Handicraft From Scythian And Sarmatian Barrows Of Russia<br \/>\nYaroslav Vassilkov (Institute of Oriental Studies) Funerary patterns in Alto Mara\u00f1on, Ancash, Peru<br \/>\nElmer Huerta Lobaton (Universidad Nacional Federico Villareal)<br \/>\nMedieval Burial Site In The Polar Zone Of West Siberia: The Results Of Researches And Some Ethics Problems<br \/>\nNatalia V. Fedorova (Ekaterinburg, Russia) Landscaping Grief: The Advent of the American Lawn Cemetery<br \/>\nChana Kraus-Friedberg<br \/>\nSymbolic Representation Of Women, Men And Children In The Burial Rites At The Beginning Of Bronze Age In Central Europe<br \/>\nJan Turek (Department of Archaeology, University of West Bohemia, Plzen, Czech republic)<\/p>\n<p>Session Time<br \/>\nDay Monday Date 23rd June<br \/>\nTime 9-11AM Room McMahon 209<\/p>\n<h3>A Global Approach To Obtaining Meaning From Early Art<\/h3>\n<p>Organized By<br \/>\nInes Domingo Sanz (Spain) and Emmanuel Anati (Italy)<\/p>\n<p>Session Details<br \/>\nUnderstanding the meaning of early art is a challenge for archaeology today. Much valuable description has been undertaken throughout the world, but now it is time to go further and to dig for meaning. One aspect of meaning is the reconstruction of the cognitive processes behind art. Association and symbolisation, the repetitive patterns of sequences and compositions, assemblages of images and symbols are the reflection of cognitive processes in the human mind. In the analysis of cause and effect archaeology can follow the inverse process from effect to cause. Structural analyses focus on clarifying two main processes: the grammatical process, which is the typological variety of items, and the syntactical process, which consists in the associations between items.<\/p>\n<p>Different types of art and different styles from diverse regions reveal the immense variety of data elaboration in the human mind, showing common denominators, and even archetypes, which occur all over, as well as specific features, with a local or chronological value. This session aims to understand universal as well as local phenomena.<br \/>\nPresentations<br \/>\nThe Art Of Beginnings<br \/>\nEmmanuel Anati (Centro Camuno di Studi Preistorici, Italy) The Distribution and Antiquity of the California Pecked Curvilinear Nucleated (PCN) Rock Art Tradition<br \/>\nDonna Gillette (University of California, Berkeley, USA)<br \/>\nThe Stylistic Value Of Technique. Analysis Of Repetition And Distribution Guidelines Of Representation Techniques In Levantine Rock Art<br \/>\nIn\u00e9s Domingo Sanz (Dpt. de Prehistoria i Arqueologia, Universitat de Valencia, Avda. Blasco Iba\u00f1ez, 28, 46010 Valencia, Spain) The recent archaeological finds of Champa art in Central Vietnam<br \/>\nTran Ky Phuong (Independent Scholar\/Expert on Champa Art, 642\/3 Nui Thanh St., Hai Chau Dist., Danang, Vietnam)<br \/>\nSolar Ships From The Desert To The Alps<br \/>\nDr. George Dimitriadis (HERAC) Petroglyphs of Gemigaya<br \/>\nVeli Aliyev (Azerbaijan National Science Academy, Institute of Ethnography and Archaeology)<br \/>\nNew Light On Scandinavian Mesolithic Art<br \/>\nDr. Per Karsten (National Heritage Board, Archaeological Excavations Dept, \u00c5kergr\u00e4nden 8, 226 60 Lund, Sweden) Les figures rupestres du massif de Serkout (Sahara central, Ahaggar, Alg\u00e9rie)<br \/>\nIddir Amara (Docteur en Pr\u00e9histoire, Anthropologie et Ethnologie, Charg\u00e9 de Recherche au CNERPAH (ex. CRAPE, Alger, Alg\u00e9rie))<\/p>\n<p>Session Time<br \/>\nDay Wednesday Date 25th June<br \/>\nTime 4-6pm Room McMahon 209<\/p>\n<h3>South American Prehistoric Rock Art<\/h3>\n<p>Organized By<br \/>\nGuilherme Albagli de Almeida (Universidade Estadual de Santa Cruz, Departamento de Letras e Artes, Ilheus Bahia Brazil) and Pedro Maria Arguello Garcia (Independent Researcher Graduated in Social Sciences and Anthropology, Bogota, Colombia)<\/p>\n<p>Session Details<br \/>\nSouth American prehistoric rock art, as most everywhere, is one of the most expressive texts about the local human past, as well as being under great threat of destruction before it can be fully known and understood. Locally restricted evidence co-exists with signs of continental distribution, pointing to human settlements and movements in space. Groups of faded graphic signs can be found besides strongly pigmented ones of more recent probably execution, indicating a long-term culture of painting rocks for a variety of purposes. Much work done recently by South American based researchers such as A. M. Pesis, N. Guidon, M. Consens, J. Schobinger and E. Pereira in this field does not begin to exhaust the subject herein presented.<br \/>\nPresentations<\/p>\n<p>Session Time<br \/>\nDay Monday Date 23rd June<br \/>\nTime 4-6PM Room Life Cycle 108<\/p>\n","protected":false},"excerpt":{"rendered":"<p>Convened By Sally May (Australia), In\u00e9s Domingo Sanz (Spain) and Iddir Amara (France) Theme Details This theme explores the many ways in which human beings construct their social identities through art and associated symbolism. The sessions focus on a wide range of representational forms, including rock art, figurines, body art, contemporary paintings and other artefacts. &#8230; <a title=\"Art And Symbolism\" class=\"read-more\" href=\"https:\/\/worldarchaeologicalcongress.com\/wac5\/wac-5\/wac5-program\/art-and-symbolism\/\" aria-label=\"Read more about Art And Symbolism\">Read more<\/a><\/p>\n","protected":false},"author":1,"featured_media":0,"parent":2159,"menu_order":0,"comment_status":"closed","ping_status":"open","template":"","meta":{"ngg_post_thumbnail":0,"footnotes":""},"class_list":["post-2170","page","type-page","status-publish"],"_links":{"self":[{"href":"https:\/\/worldarchaeologicalcongress.com\/wac5\/wp-json\/wp\/v2\/pages\/2170","targetHints":{"allow":["GET"]}}],"collection":[{"href":"https:\/\/worldarchaeologicalcongress.com\/wac5\/wp-json\/wp\/v2\/pages"}],"about":[{"href":"https:\/\/worldarchaeologicalcongress.com\/wac5\/wp-json\/wp\/v2\/types\/page"}],"author":[{"embeddable":true,"href":"https:\/\/worldarchaeologicalcongress.com\/wac5\/wp-json\/wp\/v2\/users\/1"}],"replies":[{"embeddable":true,"href":"https:\/\/worldarchaeologicalcongress.com\/wac5\/wp-json\/wp\/v2\/comments?post=2170"}],"version-history":[{"count":1,"href":"https:\/\/worldarchaeologicalcongress.com\/wac5\/wp-json\/wp\/v2\/pages\/2170\/revisions"}],"predecessor-version":[{"id":2772,"href":"https:\/\/worldarchaeologicalcongress.com\/wac5\/wp-json\/wp\/v2\/pages\/2170\/revisions\/2772"}],"up":[{"embeddable":true,"href":"https:\/\/worldarchaeologicalcongress.com\/wac5\/wp-json\/wp\/v2\/pages\/2159"}],"wp:attachment":[{"href":"https:\/\/worldarchaeologicalcongress.com\/wac5\/wp-json\/wp\/v2\/media?parent=2170"}],"curies":[{"name":"wp","href":"https:\/\/api.w.org\/{rel}","templated":true}]}}