{"id":8529,"date":"2025-05-30T23:19:36","date_gmt":"2025-05-30T23:19:36","guid":{"rendered":"https:\/\/worldarchaeologicalcongress.com\/wac10\/?page_id=8529"},"modified":"2025-05-30T23:19:37","modified_gmt":"2025-05-30T23:19:37","slug":"lucia-gutierrez","status":"publish","type":"page","link":"https:\/\/worldarchaeologicalcongress.com\/wac10\/lucia-gutierrez\/","title":{"rendered":"Luc\u00eda Guti\u00e9rrez"},"content":{"rendered":"\n<figure class=\"wp-block-gallery has-nested-images columns-default is-cropped wp-block-gallery-1 is-layout-flex wp-block-gallery-is-layout-flex\">\n<figure class=\"wp-block-image size-large\"><img loading=\"lazy\" decoding=\"async\" width=\"1024\" height=\"683\" data-id=\"8535\" src=\"https:\/\/worldarchaeologicalcongress.com\/wac10\/wp-content\/uploads\/sites\/9\/2025\/05\/1-1-1024x683.jpg\" alt=\"\" class=\"wp-image-8535\" srcset=\"https:\/\/worldarchaeologicalcongress.com\/wac10\/wp-content\/uploads\/sites\/9\/2025\/05\/1-1-1024x683.jpg 1024w, https:\/\/worldarchaeologicalcongress.com\/wac10\/wp-content\/uploads\/sites\/9\/2025\/05\/1-1-300x200.jpg 300w, https:\/\/worldarchaeologicalcongress.com\/wac10\/wp-content\/uploads\/sites\/9\/2025\/05\/1-1-768x512.jpg 768w, https:\/\/worldarchaeologicalcongress.com\/wac10\/wp-content\/uploads\/sites\/9\/2025\/05\/1-1-1536x1024.jpg 1536w, https:\/\/worldarchaeologicalcongress.com\/wac10\/wp-content\/uploads\/sites\/9\/2025\/05\/1-1-2048x1365.jpg 2048w\" sizes=\"auto, (max-width: 1024px) 100vw, 1024px\" \/><\/figure>\n\n\n\n<figure class=\"wp-block-image size-large\"><img loading=\"lazy\" decoding=\"async\" width=\"1024\" height=\"768\" data-id=\"8534\" src=\"https:\/\/worldarchaeologicalcongress.com\/wac10\/wp-content\/uploads\/sites\/9\/2025\/05\/20220324_102408-1024x768.jpg\" alt=\"\" class=\"wp-image-8534\" srcset=\"https:\/\/worldarchaeologicalcongress.com\/wac10\/wp-content\/uploads\/sites\/9\/2025\/05\/20220324_102408-1024x768.jpg 1024w, https:\/\/worldarchaeologicalcongress.com\/wac10\/wp-content\/uploads\/sites\/9\/2025\/05\/20220324_102408-300x225.jpg 300w, https:\/\/worldarchaeologicalcongress.com\/wac10\/wp-content\/uploads\/sites\/9\/2025\/05\/20220324_102408-768x576.jpg 768w, https:\/\/worldarchaeologicalcongress.com\/wac10\/wp-content\/uploads\/sites\/9\/2025\/05\/20220324_102408-1536x1152.jpg 1536w, https:\/\/worldarchaeologicalcongress.com\/wac10\/wp-content\/uploads\/sites\/9\/2025\/05\/20220324_102408-2048x1536.jpg 2048w\" sizes=\"auto, (max-width: 1024px) 100vw, 1024px\" \/><\/figure>\n\n\n\n<figure class=\"wp-block-image size-large\"><img loading=\"lazy\" decoding=\"async\" width=\"908\" height=\"1024\" data-id=\"8533\" src=\"https:\/\/worldarchaeologicalcongress.com\/wac10\/wp-content\/uploads\/sites\/9\/2025\/05\/20221206_131521_1-1-908x1024.jpg\" alt=\"\" class=\"wp-image-8533\" srcset=\"https:\/\/worldarchaeologicalcongress.com\/wac10\/wp-content\/uploads\/sites\/9\/2025\/05\/20221206_131521_1-1-908x1024.jpg 908w, https:\/\/worldarchaeologicalcongress.com\/wac10\/wp-content\/uploads\/sites\/9\/2025\/05\/20221206_131521_1-1-266x300.jpg 266w, https:\/\/worldarchaeologicalcongress.com\/wac10\/wp-content\/uploads\/sites\/9\/2025\/05\/20221206_131521_1-1-768x866.jpg 768w, https:\/\/worldarchaeologicalcongress.com\/wac10\/wp-content\/uploads\/sites\/9\/2025\/05\/20221206_131521_1-1-1363x1536.jpg 1363w, https:\/\/worldarchaeologicalcongress.com\/wac10\/wp-content\/uploads\/sites\/9\/2025\/05\/20221206_131521_1-1-1817x2048.jpg 1817w\" sizes=\"auto, (max-width: 908px) 100vw, 908px\" \/><\/figure>\n<\/figure>\n\n\n\n<p><strong>Education &amp; Research Background<\/strong><\/p>\n\n\n\n<p>Luc\u00eda Guti\u00e9rrez (b. 1994) is an archaeologist from the University of Buenos Aires (UBA), where she is currently completing her Ph.D., funded by the National Scientific and Technical Research Council (CONICET) and UBA. Her undergraduate thesis focused on the rock art of &nbsp;SW Chubut, in the central Patagonian region, an area inhabited since the Early Holocene.<\/p>\n\n\n\n<p><strong>Doctoral Research<\/strong><\/p>\n\n\n\n<p>Her research focuses on the production, management, and use of pigments, not only in rock art contexts but also in other materialities,&nbsp;present in the previously&nbsp;mentioned area. She employs analytical chemistry techniques, such as Raman Spectroscopy, Scanning Electron Microscopy (SEM) and Fourier-Transform Infrared (FTIR) Spectroscopy to understand the chemical and physical properties of these pigments, and thus delve into their cultural and social importance for past human groups.<\/p>\n\n\n\n<p><strong>Training &amp; International Research Experience<\/strong><\/p>\n\n\n\n<p>Her research has also benefited from international collaborations and specialized training, supported by scholarships from the Fonds de Recherche du Qu\u00e9bec (Bourses d&#8217;excellence pour \u00e9tudiants \u00e9trangers, PBEEE); the Government of Canada (Education Canada, Emerging Leaders in the Americas Scholarship) and Mitacs Globalink. She has also received the Student Research Award (PhD category) from the American Rock Art Research Association. These opportunities have provided access to advanced research facilities and resources, ensuring the continuity and advancement of her doctoral studies. This represents an important milestone, given that conducting research in Argentina presents significant challenges due to budget cuts and financial constraints, which are severely impacting academia and scientific institutions, along with the broader population<\/p>\n\n\n\n<p><strong>Interests<\/strong><\/p>\n\n\n\n<p>Her academic interests include archaeological science, hunter-gatherer archaeology, and rock art. Beyond her research, she and her team (@arqueologia.so.chubut) actively engage in outreach activities with the local community in her study area, fostering a participatory, accessible, and inclusive approach to archaeology for everyone.<\/p>\n","protected":false},"excerpt":{"rendered":"<p>Education &amp; Research Background Luc\u00eda Guti\u00e9rrez (b. 1994) is an archaeologist from the University of Buenos Aires (UBA), where she is currently completing her Ph.D., funded by the National Scientific and Technical Research Council (CONICET) and UBA. Her undergraduate thesis focused on the rock art of &nbsp;SW Chubut, in the central Patagonian region, an area [&hellip;]<\/p>\n","protected":false},"author":1157,"featured_media":275,"parent":0,"menu_order":0,"comment_status":"closed","ping_status":"closed","template":"","meta":{"pmpro_default_level":"","ngg_post_thumbnail":0,"footnotes":""},"class_list":{"0":"post-8529","1":"page","2":"type-page","3":"status-publish","4":"has-post-thumbnail","6":"pmpro-has-access","7":"czr-hentry"},"_links":{"self":[{"href":"https:\/\/worldarchaeologicalcongress.com\/wac10\/wp-json\/wp\/v2\/pages\/8529","targetHints":{"allow":["GET"]}}],"collection":[{"href":"https:\/\/worldarchaeologicalcongress.com\/wac10\/wp-json\/wp\/v2\/pages"}],"about":[{"href":"https:\/\/worldarchaeologicalcongress.com\/wac10\/wp-json\/wp\/v2\/types\/page"}],"author":[{"embeddable":true,"href":"https:\/\/worldarchaeologicalcongress.com\/wac10\/wp-json\/wp\/v2\/users\/1157"}],"replies":[{"embeddable":true,"href":"https:\/\/worldarchaeologicalcongress.com\/wac10\/wp-json\/wp\/v2\/comments?post=8529"}],"version-history":[{"count":1,"href":"https:\/\/worldarchaeologicalcongress.com\/wac10\/wp-json\/wp\/v2\/pages\/8529\/revisions"}],"predecessor-version":[{"id":8536,"href":"https:\/\/worldarchaeologicalcongress.com\/wac10\/wp-json\/wp\/v2\/pages\/8529\/revisions\/8536"}],"wp:featuredmedia":[{"embeddable":true,"href":"https:\/\/worldarchaeologicalcongress.com\/wac10\/wp-json\/wp\/v2\/media\/275"}],"wp:attachment":[{"href":"https:\/\/worldarchaeologicalcongress.com\/wac10\/wp-json\/wp\/v2\/media?parent=8529"}],"curies":[{"name":"wp","href":"https:\/\/api.w.org\/{rel}","templated":true}]}}