{"id":7058,"date":"2025-04-24T08:01:37","date_gmt":"2025-04-24T08:01:37","guid":{"rendered":"https:\/\/worldarchaeologicalcongress.com\/wac10\/?page_id=7058"},"modified":"2025-04-25T03:42:15","modified_gmt":"2025-04-25T03:42:15","slug":"t24-s02-papers","status":"publish","type":"page","link":"https:\/\/worldarchaeologicalcongress.com\/wac10\/t24-s02-papers\/","title":{"rendered":"T24\/S02: Looking Elsewhere: Understanding Contemporary Mobility and Migration Beyond the South to North Axis"},"content":{"rendered":"\n<p><strong>Convenors:<\/strong><\/p>\n\n\n\n<p>\u00a0Fernando Castro,\u00a0University of Tarapac\u00e1, Arica, Chile,\u00a0<a href=\"mailto:fycaguilera@gmail.com\" target=\"_blank\" rel=\"noreferrer noopener\">fycaguilera@gmail.com<\/a><\/p>\n\n\n\n<p>Henrik Lindskoug, Escuela Nacional de Ciencias Forenses, Universidad Nacional Aut\u00f3noma de M\u00e9xico; Instituto de Antropolog\u00eda de C\u00f3rdoba-CONICET, Argentina,&nbsp;<a href=\"mailto:henrikblindskoug@gmail.com\" target=\"_blank\" rel=\"noreferrer noopener\">henrikblindskoug@gmail.com<\/a><\/p>\n\n\n\n<p>Dante Angelo,&nbsp;Universidad de Tarapac\u00e1, Chile,&nbsp;<a href=\"mailto:dangeloz@gmail.com\" target=\"_blank\" rel=\"noreferrer noopener\">dangeloz@gmail.com<\/a><\/p>\n\n\n\n<p>Gabriella Soto, Assistant Teaching Professor, Arizona State University, USA,&nbsp;<a href=\"gasoto@asu.edu\">gasoto@asu.edu&nbsp;<\/a><\/p>\n\n\n\n<p>This session aims to bring together archaeological research on contemporary migration and its multiple impacts on societies. Although mobility has been recognised as a constant in human history, studies of this phenomenon in modern and contemporary times have been predominantly addressed as \u201ca crisis\u201d in Europe and North America and mainly discussed and theorised as almost a unilineal movement from the Global South to Europe and the US. This hegemonic approach has rendered invisible other forms of migratory experiences outside the global North-South axis, as well as the importance to understand the motivations (forced or voluntary) underlying the decision to leave certain places and territories for others. In this way, archaeologies of contemporary migrations between and within different regions of the Global South are practically non-existent, which underlines the urgency of addressing it from an integrative perspective that transcends the artificial articulations and divisions between centres and peripheries. From a material perspective, human mobility is generally understood as a complex phenomenon that involves affects, sensibilities, materials and materialities, configuring and reconfiguring this process. We seek to open a space for archaeological research that explores the contextual variability of global forced migration. Along these lines, we invite potential contributors to reflect and discuss issues such as heritage, corporality, landscape, border security regimes, materials in transit and other related dimensions. The objective of this session will be to foster new theoretical-methodological perspectives that allow us to understand the complexity of the phenomenon in a comprehensive manner and from situated perspectives. Therefore, this session hopes to contribute not only to the archaeological understanding of the phenomenon of forced mobility, but also seeks to engage with contemporary, and sometimes tremendously abstract debates about the social, cultural, economic, political and ethical implications at a global level.<\/p>\n\n\n\n<h2 class=\"wp-block-heading\">Papers:<\/h2>\n\n\n\n<p><strong>Socio-archaeology of Migrants\u2019 Borderisation in South America<\/strong><\/p>\n\n\n\n<p><em>Paola D\u00edaz, Dept of Anthropology, University of Tarapac\u00e1, Chile<\/em><br><em>Fernando Castro Aguilera, Dept of Anthropology, University of Tarapac\u00e1, Chile<\/em><br><em>Jorge Lagos, Dept of Anthropology, University of Tarapac\u00e1, Chile<\/em><\/p>\n\n\n\n<p>Starting from a necessarily local and specific case\u2014the eviction and dispossession, in 2024, of 147 migrant households in northern Chile\u2014this paper analyses the internal borderisation that these people and their things experience. On the one hand, they endure the violence of a migration and border regime shaped by capitalist globalisation, which inherently creates \u2018disposable\u2019 populations and material waste. On the other hand, these individuals and groups develop \u2018forms of life in dispossession\u2019: practices of individual and collective agency through which they construct shelters (houses) from discarded materials and build homes with family, friends, and neighbours within newly imposed urban borders. From an interdisciplinary perspective\u2014combining critical migration studies and critical border studies\u2014we conduct a socio-archaeological analysis of the illegalised squatting in Cerro Chu\u00f1o (2024\u20132025), located in the city of Arica, in northern Chile.&nbsp;<\/p>\n\n\n\n<p><strong>Absence as Evidence: Archaeology, Migration and Answers<\/strong><\/p>\n\n\n\n<p><em>Jose P. Baraybar, International Committee of the Red Cross (ICRC), Regional delegation for Mexico and Central America<\/em><\/p>\n\n\n\n<p>This presentation addresses the role of archaeology in the so-called migratory \u2018phenomenon\u2019 and more specifically in the case of missing migrants, understanding that the qualification of \u2018phenomenon\u2019 is proportional to the otherness with which migrants are perceived. Archaeology, a scientific discipline based on materiality to explain the phenomena it studies, when applied to the study of disappearance in migration, is it capable of overcoming its discursive nature to become a tool that results in concrete results, how to transcend then to the explanation of the dynamics of the facts that satisfy the administration of justice or history in general and can, for example, provide answers to the families searching for their loved ones?<\/p>\n\n\n\n<p>Considering that disappearance, euphemistically, is the \u2018absence of\u2019 a being in its materiality, I would like to use the example of the migratory routes to Europe and the discovery of an \u2018extermination centre\u2019 in Mexico, to draw parallels and explore whether the materiality of the object of study (the body, material traces such as clothing or other belongings) or its absence, is enough to, through archaeology, approach the families&#8217; need to know what happened to their loved ones.<\/p>\n\n\n\n<p><strong>Conceptualising Heritage on the Move<\/strong><\/p>\n\n\n\n<p><em>Gabriella Soto, Barrett, The Honors College at Arizona State University<\/em><\/p>\n\n\n\n<p>This paper proposes a diasporic conception of heritage on the US-Mexico border to comprehend the material heritage of irregular migration in the present\u2014a view that applies to this north-south border, but also has a global application I hope to explore in this session. Within an evolving project of migration archaeology in and of the present, there is both an urgent application for an archaeological toolkit to understand clandestine processes and a corresponding need for archaeologists to move beyond traditional heritage framings to present their findings to the public. If the goal of contemporary archaeology is to make the familiar unfamiliar, we must defamiliarise narratives that conceive of statelessness as primarily a problem to be solved\u2014even as those who perpetuate those narratives may seek to advocate for migrant rights. In conceptualizing a heritage on the move, this paper pairs a series of border-based case studies of evolving heritage sites and objects connected with undocumented migration and border securitization with theories of autonomous migration\u2014beginning with Hannah Arendt\u2019s conception of the stateless as \u2018vanguards of their people\u2019, and ending with utopic vision of Aztl\u00e1n as conceived during the US Chicano Movement.<\/p>\n\n\n\n<p><strong>Reconfiguring Identity and Fighting for a Political Space: The Role of Hispanic Women in South Australia<\/strong><\/p>\n\n\n\n<p><em>Lilian Brice\u00f1o, Archaeology, Flinders University, Australia<\/em><br><em>Patricia R\u00edos, Hispanic Women\u2019s Association of South Australia, Australia<\/em><br><em>Candy Paredes, independent researcher<\/em><\/p>\n\n\n\n<p>The Hispanic Women\u2019s Association of South Australia (HWASA) has emerged as a vital organisation dedicated to empowering and supporting women (and their families) from Hispanic backgrounds. Through a range of projects and programs, HWASA fosters personal, social, and professional development, enabling women to reach their full potential while preserving their cultural heritage. Comprising women from diverse South and Central American countries, the association plays a crucial role in strengthening community connections and redefining the role of Hispanic women within their families and broader society.<\/p>\n\n\n\n<p>This presentation explores how Latin American women are reconstructing their identities and relationships in South Australia. It examines the impact of migration and displacement on family structures, cultural transmission, and community building. Using ethnographic fieldwork, including participant observation, this presentation delves into the ways Hispanic women navigate their roles within the family unit while fostering collective empowerment. Findings highlight the importance of cultural heritage, emotional connections, and identity in shaping the Hispanic family experience in South Australia. Furthermore, this presentation highlights how grassroots women\u2019s movements create spaces for political and social engagement, redefining conventional power dynamics in their new home.<\/p>\n","protected":false},"excerpt":{"rendered":"<p>Convenors: \u00a0Fernando Castro,\u00a0University of Tarapac\u00e1, Arica, Chile,\u00a0fycaguilera@gmail.com Henrik Lindskoug, Escuela Nacional de Ciencias Forenses, Universidad Nacional Aut\u00f3noma de M\u00e9xico; Instituto de Antropolog\u00eda de C\u00f3rdoba-CONICET, Argentina,&nbsp;henrikblindskoug@gmail.com Dante Angelo,&nbsp;Universidad de Tarapac\u00e1, Chile,&nbsp;dangeloz@gmail.com Gabriella Soto, Assistant Teaching Professor, Arizona State University, USA,&nbsp;gasoto@asu.edu&nbsp; This session aims to bring together archaeological research on contemporary migration and its multiple impacts on [&hellip;]<\/p>\n","protected":false},"author":1157,"featured_media":276,"parent":0,"menu_order":0,"comment_status":"closed","ping_status":"closed","template":"","meta":{"pmpro_default_level":"","ngg_post_thumbnail":0,"footnotes":""},"class_list":{"0":"post-7058","1":"page","2":"type-page","3":"status-publish","4":"has-post-thumbnail","6":"pmpro-has-access","7":"czr-hentry"},"_links":{"self":[{"href":"https:\/\/worldarchaeologicalcongress.com\/wac10\/wp-json\/wp\/v2\/pages\/7058","targetHints":{"allow":["GET"]}}],"collection":[{"href":"https:\/\/worldarchaeologicalcongress.com\/wac10\/wp-json\/wp\/v2\/pages"}],"about":[{"href":"https:\/\/worldarchaeologicalcongress.com\/wac10\/wp-json\/wp\/v2\/types\/page"}],"author":[{"embeddable":true,"href":"https:\/\/worldarchaeologicalcongress.com\/wac10\/wp-json\/wp\/v2\/users\/1157"}],"replies":[{"embeddable":true,"href":"https:\/\/worldarchaeologicalcongress.com\/wac10\/wp-json\/wp\/v2\/comments?post=7058"}],"version-history":[{"count":3,"href":"https:\/\/worldarchaeologicalcongress.com\/wac10\/wp-json\/wp\/v2\/pages\/7058\/revisions"}],"predecessor-version":[{"id":7566,"href":"https:\/\/worldarchaeologicalcongress.com\/wac10\/wp-json\/wp\/v2\/pages\/7058\/revisions\/7566"}],"wp:featuredmedia":[{"embeddable":true,"href":"https:\/\/worldarchaeologicalcongress.com\/wac10\/wp-json\/wp\/v2\/media\/276"}],"wp:attachment":[{"href":"https:\/\/worldarchaeologicalcongress.com\/wac10\/wp-json\/wp\/v2\/media?parent=7058"}],"curies":[{"name":"wp","href":"https:\/\/api.w.org\/{rel}","templated":true}]}}