{"id":6990,"date":"2025-04-24T07:47:55","date_gmt":"2025-04-24T07:47:55","guid":{"rendered":"https:\/\/worldarchaeologicalcongress.com\/wac10\/?page_id=6990"},"modified":"2025-05-06T04:10:22","modified_gmt":"2025-05-06T04:10:22","slug":"t17-s02-papers","status":"publish","type":"page","link":"https:\/\/worldarchaeologicalcongress.com\/wac10\/t17-s02-papers\/","title":{"rendered":"T17\/S02: Indigenous Archaeologies in the Global South"},"content":{"rendered":"\n<p><strong>Format:&nbsp;Paper presentations with discussion<\/strong><\/p>\n\n\n\n<p><strong>Convenors:<\/strong>&nbsp;<\/p>\n\n\n\n<p>Patricia Ayala, Departamento de Antropolog\u00eda, Facultad de Ciencias Sociales, Universidad de Chile, Chile;&nbsp;<a href=\"mailto:ruth.ayala@uchile.cl\" target=\"_blank\" rel=\"noreferrer noopener\">ruth.ayala@uchile.cl<\/a><\/p>\n\n\n\n<p>Mariana Petry Cabral, Archaeology,&nbsp;Departamento de Antropologia e Arqueologia,&nbsp;Universidade Federal de Minas Gerais, Brazil;&nbsp;<a href=\"mailto:nanacabral75@gmail.com\">nanacabral75@gmail.com<\/a><\/p>\n\n\n\n<p>In the Global South there is a growing number of research projects committed to collaborative and Indigenous archaeology, characterised by diverse theoretical and methodological approaches. These range from the integration of ethnography for various purposes, memory work, and the application of participatory action research, to experimentation with Indigenous concepts and philosophies in archaeological practice. Reflecting on projects that fall under Indigenous archaeologies, both Indigenous and non-Indigenous researchers from different continents have contributed significant insights, bringing theoretical and methodological approaches through local peculiarities and varying relational strategies. The experiences of Indigenous archaeologies have demonstrated the transformative potential of archaeological practices grounded in local thought, offering alternative paths that challenge the hegemonic and normative frameworks of the discipline. In this roundtable, we invite you to explore the characteristics and diversity Indigenous archaeologies have acquired in the Global South, as well as their capacity to inspire new forms of archaeology.<\/p>\n\n\n\n<h2 class=\"wp-block-heading\">Papers:<\/h2>\n\n\n\n<p><strong>Educating the Consumer: Archaeological Community Engagement Initiatives in Belize<\/strong><\/p>\n\n\n\n<p><em>Antonio Beardall, Texas State University, USA<\/em><\/p>\n\n\n\n<p>Archaeological research in Belize spans more than a century, helping to create academic interest on the varying subregions within, refocusing Belize\u2019s prehistory as being central to the development of the ancient Maya civilisation, and building careers of many esteemed scholars in the process. Recent shifts in scholarship have placed academic attention on the importance of community\/collaborative archaeological inclusion with local\/indigenous populations. Belize hosts several archaeological projects each year, featuring increasing initiatives that focus on community engagement and education. Citing examples from archaeological projects this paper explores community engagement strategies in Belize and how these efforts contribute to decolonising archaeological research in Belize. This paper also examines the author\u2019s current dissertation research to academically document the impact participating on a project has on a young Belizean, including their sense of cultural\/national identity and cultural heritage.<\/p>\n\n\n\n<p><strong>Shared Experiences Between Gariwerd and Perua\u00e7u: Rock Art, Indigenous Knowledge, and Cultural Continuity<\/strong><\/p>\n\n\n\n<p><em>Nathalia Guimaraes, Australian National University; Eastern Maar Aboriginal Corporation, Australia<\/em><br><em>Melissa Marshall, University of Notre Dame Australia<\/em><br><em>Wendy Luke, Parks Victoria, Australia<\/em><br><em>Mariana Petry Cabral, Departamento de Antropologia e Arqueologia, Universidade Federal de Minas Gerais, Brazil<\/em><br><em>Emily Corris, Eastern Maar Aboriginal Corporation<\/em><br><em>Chrystle Carr, Barengi Gadjin Land Council Aboriginal Corporation&nbsp;<\/em><br><em>Leroy Malseed, Gunditj Mirring Traditional Owners Aboriginal Corporation<\/em><br><em>Amber Munkara, Barengi Gadjin Land Council Aboriginal Corporation<\/em><br><em>Andrei Isnardis, Federal University of Minas Gerais, Brazil<\/em><br><em>Lucas Soares, Federal University of Minas Gerais, Brazil<\/em><br><em>Vinicius Fiumari, University of Western Australia, Australia; Federal University of Minas Gerais, Brazil<\/em><\/p>\n\n\n\n<p>In October 2024, representatives from the Gariwerd Rock Art Management Forum Initiative, including Traditional Owners of Gariwerd and researchers, travelled to South America to attend the 30th biennial International Institute for Conservation Congress in Peru, visit Perua\u00e7u National Park, and participate in a cultural exchange on Xakriab\u00e1 lands in Minas Gerais, Brazil. Like Gariwerd (Grampians National Park, Victoria, Australia), Perua\u00e7u is renowned for its archaeological significance and rock art, recently been referred to the World Heritage Committee to be considered to receive UNESCO World Heritage status. The visit, guided by the local First Nations Xakriab\u00e1 community and accompanied by researchers from the Natural History Museum and Botanic Garden of UFMG\u2014an institution that has been researching the park for over 40 years\u2014provided a unique platform for dialogue. Despite geographic and historical differences, both Perua\u00e7u and Gariwerd hold deep cultural significance for the respective Traditional Owners, who continue to face challenges related to land and water rights, and colonial impacts. Yet, both also share a history of resilience and cultural continuity. This paper reflects on the knowledge exchanged during the visit, drawing comparisons between the shared experiences, challenges, and strategies of Indigenous communities in both regions.<\/p>\n\n\n\n<p><strong>Indigenous Archaeologies in Brazil: Mapping Encounters Between Knowledge Systems<\/strong><\/p>\n\n\n\n<p><em>Mariana Petry Cabral and Camilla Murta Ribeiro, Departamento de Antropologia e Arqueologia, Universidade Federal de Minas Gerais, Brazil<\/em><\/p>\n\n\n\n<p>The Indigenous demand for more direct involvement in research has gained expression in Brazil more recently, with an increase in projects and initiatives explicitly aimed at fostering dialogues with Indigenous peoples. In recent years, this movement of rapprochement and dialogue between archaeology and Indigenous peoples has unfolded in the engagement of Indigenous individuals as authors or co-authors of scientific texts, occupying a crucial space in science\u2014the production of published research in academic journals. The occupation of this space by Indigenous individuals is directly linked (though not exclusively) to the expansion of access to university-level training in archaeology in Brazil. In this scenario, I have been conducting research to map the multiple ways in which Indigenous Archaeologies have been activated in Brazil, seeking not only to understand how this approach has developed in this context but also how it affects (or could affect) archaeology more broadly. Exploring the potentials and limitations of encounters between knowledge systems, I will discuss how archaeology can engage in the visibility of Indigenous knowledge systems and their holders, contributing to their survivance.<\/p>\n\n\n\n<p><strong>Reshaping Collaboration: Challenges and Opportunities in Crafting an Indigenous Archaeology in Palawan Island, Philippines<\/strong><\/p>\n\n\n\n<p><em>Janine Ochoa, School of Archaeology, University of the Philippines Diliman, Philippines<\/em><br><em>Gaddi Narte, Indigenous Political Structure, Pala\u2019wan Indigenous Cultural Community\/Indigenous People (ICC\/IP) of Maasin, Quezon, Palawan Island, Philippines<\/em><\/p>\n\n\n\n<p>Our current project involves the exploration of the interactions between archaeology and Pala\u2019wan indigenous knowledge and culture. The location of the research is within the ancestral domain of the Pala\u2019wan Indigenous Cultural Community\/Indigenous People (ICC\/IP) of Maasin, Quezon in Palawan Island, Philippines. One aspect of this project is the investigation of indigenous ways of understanding archaeology and heritage in the Philippines from the perspectives of locals who inhabit the places where archaeological sites are found. Using an ethic of collaboration and co-creation, we are also exploring how archaeology can be useful and valuable for the Pala\u2019wan community and how they value archaeological heritage. In this presentation, we reflect upon this transformative research process and the challenges that we are facing. We situate this reflection within a broad history of archaeological praxis in the Philippines and the historical importance of Palawan archaeology in the Southeast Asian region.<\/p>\n","protected":false},"excerpt":{"rendered":"<p>Format:&nbsp;Paper presentations with discussion Convenors:&nbsp; Patricia Ayala, Departamento de Antropolog\u00eda, Facultad de Ciencias Sociales, Universidad de Chile, Chile;&nbsp;ruth.ayala@uchile.cl Mariana Petry Cabral, Archaeology,&nbsp;Departamento de Antropologia e Arqueologia,&nbsp;Universidade Federal de Minas Gerais, Brazil;&nbsp;nanacabral75@gmail.com In the Global South there is a growing number of research projects committed to collaborative and Indigenous archaeology, characterised by diverse theoretical and methodological [&hellip;]<\/p>\n","protected":false},"author":1157,"featured_media":276,"parent":0,"menu_order":0,"comment_status":"closed","ping_status":"closed","template":"","meta":{"pmpro_default_level":"","ngg_post_thumbnail":0,"footnotes":""},"class_list":{"0":"post-6990","1":"page","2":"type-page","3":"status-publish","4":"has-post-thumbnail","6":"pmpro-has-access","7":"czr-hentry"},"_links":{"self":[{"href":"https:\/\/worldarchaeologicalcongress.com\/wac10\/wp-json\/wp\/v2\/pages\/6990","targetHints":{"allow":["GET"]}}],"collection":[{"href":"https:\/\/worldarchaeologicalcongress.com\/wac10\/wp-json\/wp\/v2\/pages"}],"about":[{"href":"https:\/\/worldarchaeologicalcongress.com\/wac10\/wp-json\/wp\/v2\/types\/page"}],"author":[{"embeddable":true,"href":"https:\/\/worldarchaeologicalcongress.com\/wac10\/wp-json\/wp\/v2\/users\/1157"}],"replies":[{"embeddable":true,"href":"https:\/\/worldarchaeologicalcongress.com\/wac10\/wp-json\/wp\/v2\/comments?post=6990"}],"version-history":[{"count":4,"href":"https:\/\/worldarchaeologicalcongress.com\/wac10\/wp-json\/wp\/v2\/pages\/6990\/revisions"}],"predecessor-version":[{"id":7822,"href":"https:\/\/worldarchaeologicalcongress.com\/wac10\/wp-json\/wp\/v2\/pages\/6990\/revisions\/7822"}],"wp:featuredmedia":[{"embeddable":true,"href":"https:\/\/worldarchaeologicalcongress.com\/wac10\/wp-json\/wp\/v2\/media\/276"}],"wp:attachment":[{"href":"https:\/\/worldarchaeologicalcongress.com\/wac10\/wp-json\/wp\/v2\/media?parent=6990"}],"curies":[{"name":"wp","href":"https:\/\/api.w.org\/{rel}","templated":true}]}}