{"id":6863,"date":"2025-04-24T04:56:29","date_gmt":"2025-04-24T04:56:29","guid":{"rendered":"https:\/\/worldarchaeologicalcongress.com\/wac10\/?page_id=6863"},"modified":"2025-04-24T13:22:15","modified_gmt":"2025-04-24T13:22:15","slug":"t07-s01-papers","status":"publish","type":"page","link":"https:\/\/worldarchaeologicalcongress.com\/wac10\/t07-s01-papers\/","title":{"rendered":"T07\/S01: Multi-Vocality in Archaeobotany: Other Perspectives on How People and Plants Interact"},"content":{"rendered":"\n<p><strong>Format: Paper presentations with discussion<\/strong><\/p>\n\n\n\n<p><strong>Convenors:&nbsp;<\/strong><\/p>\n\n\n\n<p>Anna Florin,&nbsp;School of Archaeology and Anthropology, Australian National University, Canberra, Australia,&nbsp;<a href=\"mailto:anna.florin@anu.edu.au\">anna.florin@anu.edu.au<\/a><\/p>\n\n\n\n<p>Julian Garay-Vazquez, Archaeology and History Department, University of Exeter, Exeter, UK,&nbsp;<a href=\"mailto:J.J.Garay-Vazquez@exeter.ac.uk\">J.J.Garay-Vazquez@exeter.ac.uk<\/a>&nbsp;<\/p>\n\n\n\n<p>Makayla Harding,&nbsp;School of Social Science, The University of Queensland, Brisbane, Australia,&nbsp;<a href=\"mailto:makayla.harding@uq.net.au\">makayla.harding@uq.net.au<\/a>&nbsp;<\/p>\n\n\n\n<p>David Doyle, Menindee Aboriginal Elders Council, Kinchega National Park, Menindee, Australia,&nbsp;<a href=\"mailto:Dave.Doyle.Creative@gmail.com\">Dave.Doyle.Creative@gmail.com<\/a>&nbsp;<\/p>\n\n\n\n<p>Emily Grey, University of Western Australia, Perth, Australia,&nbsp;<a href=\"mailto:emily.grey@research.uwa.edu.au\">emily.grey@research.uwa.edu.au<\/a>&nbsp;<\/p>\n\n\n\n<p>Sinyati Robinson Mark, School of Social Science, The University of Queensland, Brisbane, Australia,&nbsp;<a href=\"mailto:s.robinsonmark@uq.net.au\">s.robinsonmark@uq.net.au<\/a>&nbsp;<\/p>\n\n\n\n<p>Madonna Thomson, Jagera Daran Community and Heritage Solutions, Brisbane, Australia,&nbsp;<a href=\"mailto:Madonna.Thomson@jageradaran.com\">Madonna.Thomson@jageradaran.com<\/a>&nbsp;<\/p>\n\n\n\n<p>Archaeobotanical research plays a key role in understanding the history of relationships between people, plants, environments, and food production globally. However, like other archaeological subdisciplines, archaeobotany was developed in Europe and Southwest Asia within a Western Enlightenment framework of cultural evolution. Key definitions, concepts, and methodologies shaped by modern Eurocentric understandings of plants, people, and the environment have been applied globally. This has narrowed the perspectives that inform archaeobotanical research and reduced the input of local communities with knowledge systems outside the Western scientific tradition into the study of their heritage. This session invites speakers working on regions outside Europe and Southwest Asia and incorporating non-Western perspectives to discuss their understandings of plants in the past and present, including how archaeobotanical research can be used to support sustainable food futures. We aim to celebrate and explore the diversity of people-plant interactions and how these can be understood beyond the constraints and legacies of colonial practices. We especially welcome Indigenous speakers and Autochthonous community members to share their experiences, research, and Traditional Ecological Knowledge to disrupt the status quo of the discipline.<\/p>\n\n\n\n<h2 class=\"wp-block-heading\">Papers:<\/h2>\n\n\n\n<p><strong>Who We Are, Where We Are, What Do Plants Mean to Us, Why Archaeology?<\/strong><\/p>\n\n\n\n<p><em>Samantha Blinco, Mithaka Aboriginal Corporation, Australia<\/em><br><em>Makayla Harding, The University of Queensland, Australia<\/em><\/p>\n\n\n\n<p>Mithaka people are from far southwestern Queensland in a pristine Channel Country within the Lake Eyre Kati-Thanda Basin and an arid boom and bust climate with low rainfall and seemingly less vegetation. Despite this, there is a rich ethnobotanical record describing the relationships between plants and people on Country. It is well documented that Aboriginal and Torres Strait Islander people have lost a lot due to the effects of colonisation and Mithaka people are no exception. This paper will explore some of the ways in which our people are reinvigorating knowledge and culture using ethnographic recounts of plant use in the region in order to tell our story and preserve it for future generations. Further, this presentation will be presented by a Mithaka person, supported by Mithaka people which will contain ethnobotanical recording and comparing this to literature and archaeobotany. With this reinvigorated knowledge, Mithaka people will have a way of telling our holistic story on Mithaka plant use.<\/p>\n\n\n\n<p><strong>The Ancient Art of the Maya Forest Garden: A Mythologised Past and Uncertain Future<\/strong><\/p>\n\n\n\n<p><em>Anabel Ford, Exploring Solutions Past: The Maya Forest Alliance<\/em><br><em>Cynthia Ellis Topsey, Exploring Solutions Past: The Maya Forest Alliance<\/em><\/p>\n\n\n\n<p>Tropical forests are regularly dismissed as fragile landscapes, inadequate for sustaining large populations without damaging impacts. Yet long-surviving Indigenous land use practices, involving sophisticated understandings of natural regeneration, forest ecology, and the rewards of managing land cover, demonstrate remarkable abilities in the tropical latitudes. People in the tropics of Mesoamerica exhibit the art of enduring practices based on honed skills, trial and error, creative strategies, and local methods that support all the daily needs of food and shelter. It is the architecture and the forest itself that are the rich evidence that is the example of the Maya milpa-forest-garden cropscape. This is a case worthy of discussion of the living art embedded in traditional ecological knowledge that provided the foundation of the ancient Maya civilisation.<\/p>\n\n\n\n<p><strong>Settlement Pattern and Plant Use in R\u00edo Chico and Colina Boayacu Puyu, Upper Valley of the Pastaza River<\/strong><\/p>\n\n\n\n<p><em>Ferran Cabrero, Professor and researcher, Universidad Estatal Amaz\u00f3nica, Puyo, Ecuador<\/em><\/p>\n\n\n\n<p>R\u00edo Chico and Colina Boayacu Puyu are two archaeological sites in the upper basin of the Pastaza River, in present-day Ecuador, that help to understand how the ancient inhabitants of the Upper Amazon lived. Rio Chico is important for having unique crops in the basin since Regional Development, and for being today the oldest mountain village in this area, about 2000 years BC, inserting it in the same way in the Formative. Furthermore, the fact of having Puruh\u00e1 ceramics can show long-distance exchanges between the ends of Regional Development and the Integration Period. Close to the latter, the so-called Hill or \u2018Tola Boayacu Puyu\u2019, on the banks of the Puyo River, a tributary of the Pastaza, is of equal importance: with diverse ceramics associated with different periods, and with remarkable paleobotanical remains, it confirms a type of use of land and a certain Amazonian \u2018urbanism\u2019 that was already announced by nearby sites like T\u00e9 Zulay. Both R\u00edo Chico and Boayacu Puyu Hill are framed in the idea of Amazonian monumentality, especially in the edge of the jungle, and of a common settlement pattern in the Upper Pastaza.<\/p>\n\n\n\n<p><strong>Fibre Technologies in Southeast Cape York Peninsula, Australia<\/strong><\/p>\n\n\n\n<p><em>Lynley A. Wallis, Griffith University, Australia<\/em><br><em>Heather Burke, Archaeology, Flinders University, Australia<\/em><br><em>Mia Dardengo, Griffith University, Australia<\/em><br><em>Chrissy Musgrave, Roseanne George, Sam Lowdown, Sue Marsh and Cliff Callaghan, Laura Land and Sea Rangers<\/em><br><em>Alexandra Snep, Archaeology, Flinders University, Australia<\/em><\/p>\n\n\n\n<p>String has been argued to be a technological innovation that played an important role in human evolution. Indigenous Australians had a vast array of material culture that incorporated string in some fashion, and such items are abundant in ethnographic and museum collections. Yet, owing to its organic nature, with a couple of notable exceptions, string is rarely recovered from Australian archaeological deposits. Here we describe an exceptional assemblage of string from the site of Windmill Way, a ca 2000-year-old rockshelter in southeast Cape York Peninsula. The assemblage comprises an unprecedented ~500 fragments of manufactured plant fibres, many less than 2 cm in length, but also including longer pieces and fragments of structured items such as dilly bags and nets. Detailed study of these objects, and comparison with museum objects collected from the same region, have allowed insights into Aboriginal technologies and lifeways in Quinkan Country during the late Holocene.<\/p>\n\n\n\n<p><strong>Towards the Past, Present and Future of Plant Use on Kinchega National Park, Barkandji Country, Australia<\/strong><\/p>\n\n\n\n<p><em>David Doyle, Menindee Aboriginal Elders Council, Kinchega National Park, Menindee, Australia<\/em><br><em>Barbara Quayle, Menindee Aboriginal Elders Council<\/em><br><em>Anna Florin, School of Archaeology and Anthropology, Australian National University, Australia<\/em><br><em>Alison Crowther, The University of Queensland, Australia; Max Planck Institute of Geoanthropology, Jena, Germany<\/em><br><em>Amy Way, School of Humanities, University of Sydney, Australia<\/em><br><em>Menindee Aboriginal Elders Council, Kinchega National Park Joint Management Program<\/em><\/p>\n\n\n\n<p>In this paper we will present the beginnings of a co-created project, developed by archaeobotanists and the Menindee Aboriginal Elders Council in Kinchega National Park, Barkandji Country, northwestern NSW, Australia. The Lower Darling River Basin has been occupied by Barkandji people (\u2018river people\u2019) for at least 40,000 years (Cupper and Duncan 2017), making it one of the oldest cultural landscapes in Australia. Archaeological research in this area has focused on how Barkandji adapted to this semi-arid environment and fluctuating river system through time, with grass seeds suggested to be a primary focus of past economies (e.g., Allen 1974; Balme 1991). Despite this, no archaeobotanical data has been recovered to date. This means past foodways, including the use of grass seeds and other plants, have not been fully investigated. This project looks to: 1) provide multiple lines of archaeological evidence for past plant use; and 2) to embed this evidence in present Barkandji Traditional Ecological Knowledge (TEK), through the conducting of oral histories and ethnobotanical fieldwork. As such, we look to co-create a narrative of past plant use and adaptation to shifting environment on Barkandji Country, and to generate resources to support future Barkandji research and educational initiatives.<\/p>\n\n\n\n<p><strong>A Meeting of Minds: Puutu Kunti Kurruma Traditional Ecological Knowledge and the Archaeobotany of Juukan Gorge<\/strong><\/p>\n\n\n\n<p><em>PKKP Aboriginal Corporation, Australia<\/em><br><em>Elise Matheson, Australian National University and SCARP Archaeology, Australia<\/em><\/p>\n\n\n\n<p>Juukan, an archaeological site located in the Pilbara region of Western Australia on Puutu Kunti Kurruma (PKK) land, is renowned for the exceptional preservation of organic remains, including numerous intact hearths. With occupation dating back 47,000 years, Juukan is among the oldest arid-zone sites in Australia. Australian archaeobotanical research has tended to focus of the tropical and subtropical zones, consequently very little is known archaeologically about how Indigenous Australians adapted their plant use strategies to the arid zones of Australia. Juukan provides a unique opportunity to explore the evolution of plant-use strategies in the semi-arid zone. For the PKK people, Juukan is far more than a site of scientific intrigue\u2013it is a place of profound cultural importance, deeply connected to their ancestors. The involvement of PKK senior Traditional Ecological Knowledge holders in ongoing research is critical. Elders\u2019 expertise in plant foods and medicines enriches the archaeobotanical research, infusing plant identifications with knowledge that has been passed down through generations. This talk will explore preliminary evidence from the archaeobotanical research at Juukan and highlight the importance of cross-cultural collaboration in advancing our understanding of past human-plant interactions.<\/p>\n\n\n\n<p><strong>Using Archaeobotany to Revision Caribbean Indigenous Extinction Narratives<\/strong><\/p>\n\n\n\n<p><em>Jose Julian Garay-Vazquez, Dept of Archaeology and History, University of Exeter, Exeter, UK<\/em><\/p>\n\n\n\n<p>The Great Dying refers to the decline of Amerindian communities, an event so transformative that it has even been proposed as the start of the Anthropocene. The population decline estimates are constructed with ethnohistoric \u2018census\u2019 data from documents written by colonists. The flaw of the estimates is that they do not consider the ethnogenesis of indigenous-descent communities in marron enclaves. Such is the case of the Greater Antillean Arawak (today known as Taino), which is assumed to become extinct by the mid-16th century. Despite the assumed extinction, numerous people claim Taino descent across the Greater Antilles, exalting their intermixed heritage as people who survived colonial violence. Novel genomic studies support claims of Taino descent by demonstrating that some contemporary population possesses Taino genetics, particularly those from Puerto Rico. However, the genomic data is too limited and does not show direct descent, with a gap highlighted between the 17th and 18th centuries. The present paper aims to address this gap using archaeobotanical evidence from the case study of Vistas del Oceano in Loiza, Puerto Rico. A site previously denominated precolonial, but from which new radiocarbon dates evidence a proto historic occupation that challenges Taino extinction.<\/p>\n\n\n\n<p><strong>Why is a Storm cloud like a Gumleaf?<\/strong><\/p>\n\n\n\n<p><em>Craig Hunter Torrens,&nbsp;<\/em><\/p>\n\n\n\n<p>This paper explores the integration of Indigenous science concepts, content, perspectives and pedagogies into a tertiary biology education unit. Using a participatory action research methodology grounded in Indigenous standpoint theory, the study examines how Indigenous and Western scientific knowledge systems can be synthesised to create more inclusive and effective research environments. Drawing on Indigenous ontologies that view Country as pedagogue, the study develops an ecological model of a study that recognises the agency and interconnectedness of human and more-than-human actors in the learning process. Through collaborative curriculum design, implementation and assessment, the project aims to disclose Indigenous epistemologies that have been marginalised by colonial education systems. Qualitative methods, including yarning and narrative inquiry, are combined with quantitative ecological sampling techniques to evaluate emergent learning outcomes. The findings contribute to decolonising science by demonstrating how Indigenous and Western knowledge can be truly braided to enhance conceptual understanding for all. I propose a new paradigm of \u2018ecological education\u2019 that celebrates cultural diversity while advancing scientific knowledge, and speak to Country in this work, seeking to resonate what you speak to me.<\/p>\n\n\n\n<p><strong>Challenging Misconceptions about the Trincheras Tradition: A Political Ecology and Paleoethnobotany Approach to Indigenous Resilience and Sustainability<\/strong><\/p>\n\n\n\n<p><em>Cinthia M Campos-Hernandez, Postdoctoral Researcher, Dept of Anthropology, University of Wyoming, USA<\/em><\/p>\n\n\n\n<p>The Trincheras tradition thrived in the Altar, Magdalena, and Asunci\u00f3n-Concepci\u00f3n valleys of present-day Sonora, M\u00e9xico, from 400 to 1450 CE. Early archaeologists, conducting minimal research and failing to observe parallels with their northern neighbours\u2014the Hohokam, known for their kilometres-long irrigation canals\u2014misinterpreted the Trincheras as \u2018rural bumpkins\u2019 who had merely adapted to a marginal environment as hunters and gatherers. This study presents a comparative analysis of palaeoecological and paleoethnobotanical records to challenge these early 19th- and 20th-century interpretations. Framed within a political ecology lens, I examine the impact of settler-colonialism and capitalism on the Sonoran Desert, particularly in the Trincheras heartlands. Additionally, I address how this history shaped cultural evolutionary and environmentally deterministic theories about the pre-Hispanic cultures of Northwest Mexico and the U.S. Southwest (NW\/SW). By interpreting plant use through an Indigenous perspective, this study underscores the role of human agency and culture in the context of Trincheras tradition plant-use practices. Finally, it challenges conventional notions of borders, positioning the Trincheras Tradition into a broader regional context about agricultural practices in the NW\/SW, while highlighting the resilience, sustainability, and adaptability of Indigenous peoples living in the Sonoran Desert, both past and present.<\/p>\n\n\n\n<p><strong>Archaeobotanical Research in Tanzania: its Potential to Contemporary Communities, Limitations and Future Directions<\/strong><\/p>\n\n\n\n<p><em>Sinyati Robinson Mark, The University of Queensland, Australia; The University of Dar es Salaam, Tanzania\u00a0<\/em><br><em>Cecylia Mgombere, The University of Dar es Salaam, Tanzania<\/em><br><em>Sarah Walshaw, Simon Fraser University, Canada<\/em><br><em>Alison Crowther, The University of Queensland, Australia; Max Planck Institute of Geoanthropology, Jena, Germany<\/em><\/p>\n\n\n\n<p>Archaeobotanical research in Tanzania is gaining its momentum, with researchers exploring different themes including agriculture and foodways, trade, urbanism, and colonialism. The field offers significant insights that are useful to contemporary Tanzanian communities, especially with regard to food security and climate change. There have been efforts to make archaeobotany a growing field in Tanzania including the establishment of the Archaeobotany Laboratory at the University of Dar es Salaam and the training of local experts. Despite these efforts, archaeobotany in Tanzania is still facing several challenges including limited expertise, facilities and funding, and low community awareness; these hinder the full realisation of practical benefits of archaeobotany to contemporary communities. In this paper, we suggest the addressing of these challenges by increasing funding for archaeobotanical research that will be directed to fieldwork, facilities establishment and capacity building for local experts. We also call for a strong collaboration between archaeobotanists and local communities to derive practical benefits of archaeobotanical research to the contemporary world. Directions for future research could include community engaged projects such as ethnoarchaeology of plant use, documentation of crop varietals, collecting and disseminating recipes for rare or famine foods, and establishing oral history projects around local food traditions and innovations.<\/p>\n","protected":false},"excerpt":{"rendered":"<p>Format: Paper presentations with discussion Convenors:&nbsp; Anna Florin,&nbsp;School of Archaeology and Anthropology, Australian National University, Canberra, Australia,&nbsp;anna.florin@anu.edu.au Julian Garay-Vazquez, Archaeology and History Department, University of Exeter, Exeter, UK,&nbsp;J.J.Garay-Vazquez@exeter.ac.uk&nbsp; Makayla Harding,&nbsp;School of Social Science, The University of Queensland, Brisbane, Australia,&nbsp;makayla.harding@uq.net.au&nbsp; David Doyle, Menindee Aboriginal Elders Council, Kinchega National Park, Menindee, Australia,&nbsp;Dave.Doyle.Creative@gmail.com&nbsp; Emily Grey, University of Western [&hellip;]<\/p>\n","protected":false},"author":1157,"featured_media":276,"parent":0,"menu_order":0,"comment_status":"closed","ping_status":"closed","template":"","meta":{"pmpro_default_level":"","ngg_post_thumbnail":0,"footnotes":""},"class_list":{"0":"post-6863","1":"page","2":"type-page","3":"status-publish","4":"has-post-thumbnail","6":"pmpro-has-access","7":"czr-hentry"},"_links":{"self":[{"href":"https:\/\/worldarchaeologicalcongress.com\/wac10\/wp-json\/wp\/v2\/pages\/6863","targetHints":{"allow":["GET"]}}],"collection":[{"href":"https:\/\/worldarchaeologicalcongress.com\/wac10\/wp-json\/wp\/v2\/pages"}],"about":[{"href":"https:\/\/worldarchaeologicalcongress.com\/wac10\/wp-json\/wp\/v2\/types\/page"}],"author":[{"embeddable":true,"href":"https:\/\/worldarchaeologicalcongress.com\/wac10\/wp-json\/wp\/v2\/users\/1157"}],"replies":[{"embeddable":true,"href":"https:\/\/worldarchaeologicalcongress.com\/wac10\/wp-json\/wp\/v2\/comments?post=6863"}],"version-history":[{"count":3,"href":"https:\/\/worldarchaeologicalcongress.com\/wac10\/wp-json\/wp\/v2\/pages\/6863\/revisions"}],"predecessor-version":[{"id":7289,"href":"https:\/\/worldarchaeologicalcongress.com\/wac10\/wp-json\/wp\/v2\/pages\/6863\/revisions\/7289"}],"wp:featuredmedia":[{"embeddable":true,"href":"https:\/\/worldarchaeologicalcongress.com\/wac10\/wp-json\/wp\/v2\/media\/276"}],"wp:attachment":[{"href":"https:\/\/worldarchaeologicalcongress.com\/wac10\/wp-json\/wp\/v2\/media?parent=6863"}],"curies":[{"name":"wp","href":"https:\/\/api.w.org\/{rel}","templated":true}]}}