{"id":6835,"date":"2025-04-24T04:50:29","date_gmt":"2025-04-24T04:50:29","guid":{"rendered":"https:\/\/worldarchaeologicalcongress.com\/wac10\/?page_id=6835"},"modified":"2025-04-24T10:41:53","modified_gmt":"2025-04-24T10:41:53","slug":"t04-s09-papers","status":"publish","type":"page","link":"https:\/\/worldarchaeologicalcongress.com\/wac10\/t04-s09-papers\/","title":{"rendered":"T04\/S09: Neutering the Narrative: Exploring the History and Heritage of Repression, Genocide, Political Violence and Massacre\u00a0"},"content":{"rendered":"\n<p><strong>Format: Paper presentations with discussion<\/strong><\/p>\n\n\n\n<p><strong>Convenors:<\/strong>\u00a0<\/p>\n\n\n\n<p>Robyn Smith,&nbsp;Historian, Charles Darwin University, Northern Territory,&nbsp;<a href=\"mailto:robyn.smith@cdu.edu.au\">robyn.smith@cdu.edu.au<\/a><\/p>\n\n\n\n<p>John M. Chenoweth, University of Michigan, Dearborn, USA,&nbsp;<a href=\"mailto:jmchenow@umich.edu\">jmchenow@umich.edu<\/a><\/p>\n\n\n\n<p>This session explores the history and heritage of repression, genocide, violence and massacre as a political tool wielded by dominant regimes throughout the 19th and 20th centuries, and the use of original archives, mnemonic devices, material culture and other evidence to challenge and neutralise the dominant narratives established, maintained and perpetuated to overlook and overwrite this heritage. Contributions may include anthropology, archaeology, historiography, psychology, sociology and allied disciplines to explore a wide range of themes, including but not limited to: abduction and sexual slavery; colonial collusion; digital humanities; genocide; memory and memorialisation; grass roots movements, military and paramilitary persuasion; small wars and tactical warfare; plausible deniability; political accountability, conflicts, strategy and manipulation; remoteness, and the ease of concealment; and like matters.<\/p>\n\n\n\n<h2 class=\"wp-block-heading\">Papers:<\/h2>\n\n\n\n<p><strong>Remembering the \u2018Massacre\u2019 of the River Raisin, Michigan, USA<\/strong><\/p>\n\n\n\n<p><em>John M. Chenoweth, University of Michigan, Dearborn, USA<\/em><\/p>\n\n\n\n<p>This paper considers the War of 1812 Battles of the River Raisin, in Michigan, USA, the events sometimes termed the \u2018Massacre of the River Raisin\u2019, and the project of memorialising and studying those events. The site, settled by French-descended Detroiters in the 1780s, existed at the nexus of national, religious, and colonial contacts and conflicts. Archaeological research at the site by my students has been ongoing since 2019. The battles were central to the war and the young nation\u2019s development, but the third day of violence\u2014the killing of wounded US prisoners by Native allies of the British\u2014is the feature most remembered. It was explicitly cited as a justification for the forced dispossession and relocation of Native peoples. Since events at this site were key to a misrepresentation of Native peoples that produced real, concrete harms, research at the site and evidence of the actual events here would provide important context. Moreover, in an increasingly politically divided USA, archaeological research at the site offers a rare opportunity for communication. However, this research must also face the pitfalls of unintentionally perpetuating inaccurate dominant narratives.<\/p>\n\n\n\n<p><strong>\u2018Reflecting\u2019 the Past of DO-CODI\/SP: Archaeology and Disappeared Stories<\/strong><\/p>\n\n\n\n<p><em>Andr\u00e9s Zarankin, Dep de Antropologia e Arqueologia, Universidade Federal de Minas Gerais, Brazil<\/em><br><em>Claudia Plens, Universidade Federal de S\u00e3o Paulo, Brazil<\/em><br><em>Aline Carvalho, Unicamp (State University of Campinas), Brazil<\/em><br><em>Fernanda Lima, Universidade Federal de Minas Gerais, Brazil<\/em><br><em>Deborah Neves, Universidade Federal de S\u00e3o Paulo, Brazil<\/em><\/p>\n\n\n\n<p>This presentation examines the Doi-Codi in S\u00e3o Paulo, one of the main centres of repression during the Brazilian military dictatorship (1964-1985), based on an analysis of its materiality and recent archaeological research carried out at the site. The paper highlights the importance of preserving this space as a place of memory, essential for the promotion of justice and human rights education. The archaeological research at the site strengthens the commitment to historical memory, underscoring the urgency of revisiting the past to confront contemporary threats to democracy. In addition, the article addresses the challenges in creating a memorial at Doi-Codi, reflecting on the political and social resistance to recognising and confronting this dark period in Brazilian history.<\/p>\n\n\n\n<p><strong>Fragmented Territories: Archaeology as a Link Between the Past and the Present<\/strong><\/p>\n\n\n\n<p><em>Cl\u00e1udia Regina Plens, Federal University of S\u00e3o Paulo, Brazil<\/em><br><em>Paulo Sergio Delgado, Federal University of Mato Grosso, Brazil<\/em><\/p>\n\n\n\n<p>This presentation will focus on the systematic violence during Brazil&#8217;s Civil-Military Dictatorship (1964-1985), particularly affecting the Xavante ethnicity in Mato Grosso and their territory of Mar\u00e3iwats\u00e9d\u00e9. The Xavante suffered significant impacts from disease introduced by non-Indigenous populations and were subsequently displaced from their lands, which became the world\u2019s largest farm at that time. Their rights were severely violated through enslavement, forced displacement, and a measles epidemic that killed over 80 individuals in just two days. Although a small portion of their lands was recovered during ECO92, this was accompanied by ongoing conflicts regarding land ownership, involving poor settlers, agribusiness entrepreneurs, local politicians, and judicial authorities. Our presentation aims to explore contemporary issues arising from archaeological research, specifically concerning the preservation of memory and archaeological sites associated with the Xavante. Community interviews revealed concerns about 14 ancient villages that remain outside demarcated lands and are currently controlled by farmers. This discussion seeks to deepen the understanding of the dictatorship&#8217;s lasting effects on Indigenous peoples and explore ways to protect the Xavante&#8217;s cultural and historical heritage, thereby supporting their claims for justice and territorial recognition.<\/p>\n\n\n\n<p><strong>The Killing Times: Colonial Frontier Massacres in Australia<\/strong><\/p>\n\n\n\n<p><em>Dr Robyn Smith, Charles Darwin University, Australia<\/em><\/p>\n\n\n\n<p>Australia\u2019s colonial frontier massacres are referred to by Aboriginal people as \u2018the killing times\u2019, which began with colonisation in 1770 and endured until beyond 1930. They have been the subject of an extensive study, which revealed not only the ugly underbelly of settler colonialism but the practices of concealing evidence and maintaining codes of silence in the aftermath. What emerged was evidence of sustained, systemic sexual, paramilitary and civilian violence. The number of civic honours bestowed upon the perpetrators, including place names, is largely unknown and evidence of bureaucratic whitewashing. This presentation will provide an overview of colonial frontier massacres and examples of place names honouring perpetrators in the Northern Territory.<\/p>\n\n\n\n<p><strong>Reclaiming Memory: Youth Art, Visual Heritage Performance and Memory Activism in the Nigeria-Biafra War<\/strong><\/p>\n\n\n\n<p><em>Stanley Jachike Onyemechalu, Cambridge Heritage Research Centre, Department of Archaeology, University of Cambridge, UK<\/em><\/p>\n\n\n\n<p>This presentation explores how artistic expression functions as a mnemonic device and counter-narrative to state-sponsored cultural amnesia. Focusing on the Nigeria-Biafra War (1967-1970), the study examines a youth-focused narrative art contest organised by the Legacies of Biafra Heritage Project (LBHP) in southeastern Nigeria. In light of government policies suppressing the war history \u2013 including the disruption of history instruction in secondary schools \u2013 the LBHP invited participants aged 16\u201335 to create paintings, poetry, and short essays that reimagine and memorialise the war\u2019s traumatic legacies. Through qualitative analysis, the study reveals how grassroots, youth-led initiatives serve as alternative forms of material culture and mnemonic practices, challenging the dominant narratives imposed by state repression. By integrating elements of visual heritage performance and intergenerational dialogue, the project not only documents intergenerational memory transfer in the absence of formal history education but also demonstrates how art can empower communities to reclaim and reinterpret their past. This work contributes to interdisciplinary discussions on grassroots heritage and memory activism in post-conflict contexts. Ultimately, the findings illustrate that artistic expressions reflect and shape a community\u2019s collective memory, while offering innovative pathways for collective memory making in the face of historical suppression.<\/p>\n\n\n\n<p><strong>Bearing Witness in the Present, for the Future: Towards an Archaeology of Trauma<\/strong><\/p>\n\n\n\n<p><em>Charlotte Feakins, The University of Sydney, Australia<\/em><\/p>\n\n\n\n<p>Over the past 25 years, various concepts related to human suffering, conflict, and death have emerged and expanded within archaeology and heritage studies. As the global discourse on \u2018trauma and truth-telling\u2019 gains momentum, there has been a marked increase in the recognition of archaeology and heritage connected to trauma, suffering, and tragedy. Yet, despite the breadth of research in this field, psychological trauma has remained largely unexamined in both archaeology and heritage studies.<\/p>\n\n\n\n<p>In this interdisciplinary paper, I explore three key questions: What is trauma? What is the relationship between trauma, heritage, and archaeology? And what does it mean to be trauma-informed? I introduce the concept of trauma-informed heritage (TIH) and propose that heritage connected to traumatic events can be understood as trauma-heritage (TH). These concepts help to illuminate the complex, multi-scalar nature of archaeology and heritage associated with trauma. Building on this framework, I ask: How can interpreting trauma in the archaeological record deepen our understanding of contemporary trauma, resilience, and post-traumatic growth?<\/p>\n","protected":false},"excerpt":{"rendered":"<p>Format: Paper presentations with discussion Convenors:\u00a0 Robyn Smith,&nbsp;Historian, Charles Darwin University, Northern Territory,&nbsp;robyn.smith@cdu.edu.au John M. Chenoweth, University of Michigan, Dearborn, USA,&nbsp;jmchenow@umich.edu This session explores the history and heritage of repression, genocide, violence and massacre as a political tool wielded by dominant regimes throughout the 19th and 20th centuries, and the use of original archives, mnemonic [&hellip;]<\/p>\n","protected":false},"author":1157,"featured_media":276,"parent":0,"menu_order":0,"comment_status":"closed","ping_status":"closed","template":"","meta":{"pmpro_default_level":"","ngg_post_thumbnail":0,"footnotes":""},"class_list":{"0":"post-6835","1":"page","2":"type-page","3":"status-publish","4":"has-post-thumbnail","6":"pmpro-has-access","7":"czr-hentry"},"_links":{"self":[{"href":"https:\/\/worldarchaeologicalcongress.com\/wac10\/wp-json\/wp\/v2\/pages\/6835","targetHints":{"allow":["GET"]}}],"collection":[{"href":"https:\/\/worldarchaeologicalcongress.com\/wac10\/wp-json\/wp\/v2\/pages"}],"about":[{"href":"https:\/\/worldarchaeologicalcongress.com\/wac10\/wp-json\/wp\/v2\/types\/page"}],"author":[{"embeddable":true,"href":"https:\/\/worldarchaeologicalcongress.com\/wac10\/wp-json\/wp\/v2\/users\/1157"}],"replies":[{"embeddable":true,"href":"https:\/\/worldarchaeologicalcongress.com\/wac10\/wp-json\/wp\/v2\/comments?post=6835"}],"version-history":[{"count":3,"href":"https:\/\/worldarchaeologicalcongress.com\/wac10\/wp-json\/wp\/v2\/pages\/6835\/revisions"}],"predecessor-version":[{"id":7191,"href":"https:\/\/worldarchaeologicalcongress.com\/wac10\/wp-json\/wp\/v2\/pages\/6835\/revisions\/7191"}],"wp:featuredmedia":[{"embeddable":true,"href":"https:\/\/worldarchaeologicalcongress.com\/wac10\/wp-json\/wp\/v2\/media\/276"}],"wp:attachment":[{"href":"https:\/\/worldarchaeologicalcongress.com\/wac10\/wp-json\/wp\/v2\/media?parent=6835"}],"curies":[{"name":"wp","href":"https:\/\/api.w.org\/{rel}","templated":true}]}}